{"id":2184,"date":"2012-01-30T21:59:21","date_gmt":"2012-01-30T20:59:21","guid":{"rendered":"http:\/\/www.missterre.org\/blog\/?page_id=2184"},"modified":"2019-01-10T14:57:10","modified_gmt":"2019-01-10T13:57:10","slug":"completement-informe","status":"publish","type":"page","link":"https:\/\/www.missterre.org\/blog\/completement-informe\/","title":{"rendered":"Compl\u00e8tement inform\u00e9!"},"content":{"rendered":"<p style=\"margin-bottom: 0cm;\" align=\"CENTER\">\u00a0<span style=\"font-size: x-large;\"><span style=\"text-decoration: underline;\"><b>Le Projet Miss Terre<\/b><\/span><\/span><\/p>\n<p style=\"margin-bottom: 0cm;\">\u00a0Miss Terre est une association \u00e0 but de profit solidaire. Il n'existe pas \u00e0 l'heure actuelle de personnalit\u00e9 juridique pour ce type d\u2019association. Miss Terre est donc une association de fait. Son objet social est la promotion d'un monde meilleur, \u00e9quitable pour tous. Le principe d'action est de cr\u00e9er des synergies et collaborations afin de r\u00e9pondre \u00e0 la question\u00a0:<\/p>\n<p style=\"margin-bottom: 0cm;\" align=\"CENTER\">\u00a0<b><span style=\"font-size: large;\">Comment satisfaire nos besoins, les partager en harmonie pour longtemps ?<\/span> <\/b><\/p>\n<p style=\"margin-bottom: 0cm;\">\u00a0\u00c0 cet effet nous avons cr\u00e9\u00e9: <b>MissTerre.org. <\/b><span style=\"font-weight: normal;\">une bourse multilat\u00e9rale d'entraide et d'\u00e9change de services, \u00e0 but humanitaire\u00a0: v<\/span>ivre ensemble en harmonie entre les hommes et la nature dont nous d\u00e9pendons.<\/p>\n<p style=\"text-align: center;\">\u00a0<span style=\"font-size: medium;\"><strong><span style=\"font-size: x-large;\"> UNE COMMUNAUT\u00c9 A BUT DE PROFIT SOLIDAIRE!<\/span><br \/>\n<\/strong><\/span><\/p>\n<p style=\"text-align: center;\"><a href=\"http:\/\/www.missterre.org\/pdf\/presaphilomissterre.pdf\" target=\"_blank\" rel=\"noopener\"><img loading=\"lazy\" decoding=\"async\" class=\" wp-image-2224 alignleft\" style=\"border: 1px solid black;\" title=\"Cliquez sur l'image pour lire la pr\u00e9sentation philosophique du projet Miss Terre, une communaut\u00e9 pour Vivre autrement. \" src=\"http:\/\/www.missterre.org\/blog\/wp-content\/uploads\/2012\/01\/pfdfondationmiss-211x300.jpg\" alt=\"Pr\u00e9sentation philosophique Miss Terre\" width=\"267\" height=\"382\" \/><\/a><span style=\"font-size: medium;\"><strong><span style=\"font-size: x-large;\">POURQUOI ?<br \/>\n<\/span><\/strong><\/span><\/p>\n<p style=\"text-align: justify;\">Nous souhaitons tous profiter de la vie ! Et c'est bien le principe de plaisir qui est le moteur de la perp\u00e9tuation de l'esp\u00e8ce humaine...<\/p>\n<p style=\"text-align: justify;\">Et si c'\u00e9tait possible de profiter et de faire profiter, sans nuire aux milieux de vie dont nous d\u00e9pendons? En fait, se faire plaisir durablement ?<\/p>\n<p style=\"text-align: justify;\">Il existe de par le monde tellement d'initiatives, tellement d'hommes et de femmes, d'organisations commerciales et non marchandes qui pr\u00e9sentent des solutions pour VIVRE AUTREMENT en harmonie avec \u00ab l'environnement \u00bb..Et ces initiatives \u00ab pour un monde meilleur \u00bb s'additionnent et se cumulent sans symbiose, sans v\u00e9ritable synergie,\u00a0 pourtant si n\u00e9cessaire... Mais il existe peut \u00eatre bien un petit quelque chose qui nous aiderait\u00a0vraiment \u00e0 partager ces solutions pratiques au quotidien....<\/p>\n<p style=\"text-align: justify;\"><span style=\"font-size: large;\"><strong>ET SI, LE PROBL\u00c8ME \u00c9TAIT LA SOLUTION\u00a0?<\/strong><\/span><\/p>\n<p style=\"text-align: justify;\">Ce petit quelque-chose, cha\u00eenon manquant des D\u00e9veloppements Durables, pourrait bien se cacher dans la d\u00e9finition m\u00eame du moteur de nos \u00e9conomies: <em><span style=\"text-decoration: underline;\"><span style=\"font-size: medium;\"><strong>Transaction<\/strong> :<\/span><\/span>\u00a0 <strong>Accord conclu \u00e0 partir de concessions, en transigeant.\u00a0 <\/strong><\/em><strong><em>[DROIT] Acte par lequel les parties r\u00e8glent un diff\u00e9rend, mettent fin \u00e0 une contestation ou la pr\u00e9viennent, en renon\u00e7ant chacune \u00e0 une partie de leurs pr\u00e9tentions. <\/em><em>\u00a9Dictionnaire Antidote; druide informatique ; 1993-2001<\/em><\/strong><br \/>\nEt si le d\u00e9fi des \u00ab d\u00e9veloppements durables\u00a0\u00bb ne se trouvait pas DANS les solutions alternatives, mais plut\u00f4t dans le mode de partage de ces nouvelles richesses\u00a0?<br \/>\nEt si \u00e9changer, prendre et donner, puis trouver le juste \u00e9quilibre de ces partages c'\u00e9tait \u00e7a la source du bonheur que nous recherchons tous? En r\u00e9alisant des accords \u00ab transactionnels \u00bb \u00e0 but humanitaire?<\/p>\n<h3 style=\"text-align: justify;\"><span style=\"color: #ff0000;\"><strong>Et si on disait Plaisir int\u00e9rieur Brut (PIB) pour d\u00e9finir cet \u00e9quilibre entre prendre et donner ?<\/strong><\/span><\/h3>\n<p style=\"text-align: justify;\">Un plaisir int\u00e9rieur personnel r\u00e9sultat <iframe loading=\"lazy\" src=\"http:\/\/www.youtube.com\/embed\/-bcXhcM_kNg\" width=\"380\" height=\"313\" frameborder=\"0\" align=\"right\"><\/iframe>du juste partage entre soi et le monde, comme un bilan z\u00e9ro \"associatif\"? Et si le total de ces \u00e9changes repr\u00e9sentait l'indice de bonne sant\u00e9 de nos communaut\u00e9s ? N'aurait-on pas trouv\u00e9 l\u00e0 un l'instrument de mesure pour\u00a0montrer qu'un monde meilleur est possible, durablement\u00a0?<br \/>\nNotre r\u00e9seau social\u00a0devient l'outil de communication, pour se d\u00e9voiler, se d\u00e9couvrir, se rencontrer, afin d'apprendre ensemble \u00e0 partager nos richesses pour satisfaire nos besoins durablement.<\/p>\n<p style=\"text-align: justify;\">L' objectif de notre communaut\u00e9 c'est : <strong>Trouver ce LIEN entre la satisfaction de nos besoins personnels et le monde qui nous entoure.<\/strong><\/p>\n<p style=\"text-align: justify;\">Ce lien est tiss\u00e9 lorsque le membre trouve ce juste \u00e9quilibre entre prendre et donner,\u00a0en \u00e9tablissant un accord de partage avec notre communaut\u00e9\u00a0<strong><em>Miss Terre,\u00a0<\/em><\/strong><a href=\"http:\/\/www.missterre.org\/blog\/explo\" target=\"_blank\" rel=\"noopener\">premier blog d'exploration citoyenne<\/a><strong><em>, pour vivre autrement.<\/em><\/strong><\/p>\n<p style=\"text-align: justify;\">Comment faire ? : <a title=\"Cr\u00e9ez votre profil membre !\" href=\"http:\/\/www.missterre.org\/blog\/sinscrire\">Se faire Membre et cr\u00e9er votre profil<\/a><\/p>\n<p style=\"text-align: justify;\">Chaque membre a son r\u00f4le dans la communaut\u00e9, le surfeur de ressources pr\u00e9sente spontan\u00e9ment ses int\u00e9r\u00eats et comp\u00e9tences; l'explorateur citoyen, l'actionnaire du monde meilleur, et le membre donneur quant \u00e0 eux ont \u00e9tabli un accord de mission avec la communaut\u00e9.<\/p>\n","protected":false},"excerpt":{"rendered":"<p>\u00a0Le Projet Miss Terre \u00a0Miss Terre est une association \u00e0 but de profit solidaire. Il n&rsquo;existe pas \u00e0 l&rsquo;heure actuelle de personnalit\u00e9 juridique pour ce type d\u2019association. Miss Terre est donc une association de fait. Son objet social est la promotion d&rsquo;un monde meilleur, \u00e9quitable pour tous. Le principe d&rsquo;action est de cr\u00e9er des synergies [&hellip;]<\/p>\n","protected":false},"author":4,"featured_media":4096,"parent":0,"menu_order":1,"comment_status":"closed","ping_status":"closed","template":"","meta":{"_bbp_topic_count":0,"_bbp_reply_count":0,"_bbp_total_topic_count":0,"_bbp_total_reply_count":0,"_bbp_voice_count":0,"_bbp_anonymous_reply_count":0,"_bbp_topic_count_hidden":0,"_bbp_reply_count_hidden":0,"_bbp_forum_subforum_count":0,"footnotes":""},"_links":{"self":[{"href":"https:\/\/www.missterre.org\/blog\/wp-json\/wp\/v2\/pages\/2184"}],"collection":[{"href":"https:\/\/www.missterre.org\/blog\/wp-json\/wp\/v2\/pages"}],"about":[{"href":"https:\/\/www.missterre.org\/blog\/wp-json\/wp\/v2\/types\/page"}],"author":[{"embeddable":true,"href":"https:\/\/www.missterre.org\/blog\/wp-json\/wp\/v2\/users\/4"}],"replies":[{"embeddable":true,"href":"https:\/\/www.missterre.org\/blog\/wp-json\/wp\/v2\/comments?post=2184"}],"version-history":[{"count":2,"href":"https:\/\/www.missterre.org\/blog\/wp-json\/wp\/v2\/pages\/2184\/revisions"}],"predecessor-version":[{"id":6298,"href":"https:\/\/www.missterre.org\/blog\/wp-json\/wp\/v2\/pages\/2184\/revisions\/6298"}],"wp:featuredmedia":[{"embeddable":true,"href":"https:\/\/www.missterre.org\/blog\/wp-json\/wp\/v2\/media\/4096"}],"wp:attachment":[{"href":"https:\/\/www.missterre.org\/blog\/wp-json\/wp\/v2\/media?parent=2184"}],"curies":[{"name":"wp","href":"https:\/\/api.w.org\/{rel}","templated":true}]}}