{"id":87,"date":"2014-03-16T15:54:29","date_gmt":"2014-03-16T14:54:29","guid":{"rendered":"http:\/\/www.missterre.org\/blog\/immosolidair\/?page_id=87"},"modified":"2018-11-29T16:30:46","modified_gmt":"2018-11-29T15:30:46","slug":"lequipage","status":"publish","type":"page","link":"https:\/\/www.missterre.org\/blog\/immosolidair\/?page_id=87","title":{"rendered":"L&rsquo;\u00e9quipe&#8230; &#038; vous?"},"content":{"rendered":"<h3 style=\"text-align: center;\"><span style=\"color: #ff0000;\">Appel \u00e0 candidat ! Appel \u00e0 candidat ! Appel \u00e0 candidat !<br \/>\n<\/span><\/h3>\n<h3 style=\"text-align: center;\"><span style=\"color: #808080;\">Partenaires, explorateurs pour un immobilier solidaire, <\/span><span style=\"color: #808080;\">pr\u00eats \u00e0 embarquer pour offrir vos projets citoyens \u00e0 nos maisons ?<br \/>\n<\/span><\/h3>\n<h3 style=\"text-align: center;\"><span style=\"color: #808080;\"><span style=\"color: #ff9900;\">Expert, r\u00e9gisseur, m\u00e9diateur, propri\u00e9taire,\u00a0 locataire,\u00a0 juriste, plombier, chauffagiste, attisant participatif, bricoleur,<\/span><\/span><\/h3>\n<h3 style=\"text-align: center;\"><span style=\"color: #808080;\">Mais aussi, responsable de r\u00e9seau citoyen, informaticien, comportementaliste, mara\u00eecher de ville, couvreur alternatif, bio-constructeur...<\/span><\/h3>\n<h3 style=\"text-align: center;\"><span style=\"color: #ff9900;\">WELCOME ON BOARD<\/span><\/h3>\n<h3 style=\"text-align: center;\"><span style=\"color: #808080;\">Chacun via la r\u00e9alisation de son propre projet ( personnel ou professionnel) apporte sa pierre \u00e0 l\u2019\u00e9difice pour coop\u00e9rer au concept <span style=\"color: #ff9900;\">de maisons \u00e0 projets citoyen !<\/span>\u00a0 La r\u00e9alisation de chaque projet perso, contribue a un projet commun, sa r\u00e9alisation ?\u00a0 <\/span><\/h3>\n<h3 style=\"text-align: center;\"><span style=\"color: #808080;\"><span style=\"color: #ff9900;\">Un b\u00e9n\u00e9fice-lien \/ Vivre ensemble.<\/span> <\/span><\/h3>\n<h3 style=\"text-align: center;\"><span style=\"color: #808080;\">avec une id\u00e9e toute simple pour apprendre \u00e0 s'entraider:<\/span><\/h3>\n<h3 style=\"text-align: center;\"><span style=\"color: #808080;\">Une petite devise d'\u00e9change pour le petit plus :<\/span><\/h3>\n<h3 style=\"text-align: center;\">Faire plaisir et Dire merci &amp; soutenir un projet !<\/h3>\n<h3>Si vous souhaitez participer ou vous inscrire, merci de remplir le formulaire ci dessous :<\/h3>\n<div role=\"form\" class=\"wpcf7\" id=\"wpcf7-f134-o1\" lang=\"fr-FR\" dir=\"ltr\">\n<div class=\"screen-reader-response\"><p role=\"status\" aria-live=\"polite\" aria-atomic=\"true\"><\/p> <ul><\/ul><\/div>\n<form action=\"\/blog\/immosolidair\/index.php?rest_route=%2Fwp%2Fv2%2Fpages%2F87#wpcf7-f134-o1\" method=\"post\" class=\"wpcf7-form init\" novalidate=\"novalidate\" data-status=\"init\">\n<div style=\"display: none;\">\n<input type=\"hidden\" name=\"_wpcf7\" value=\"134\" \/>\n<input type=\"hidden\" name=\"_wpcf7_version\" value=\"5.5.6.1\" \/>\n<input type=\"hidden\" name=\"_wpcf7_locale\" value=\"fr_FR\" \/>\n<input type=\"hidden\" name=\"_wpcf7_unit_tag\" value=\"wpcf7-f134-o1\" \/>\n<input type=\"hidden\" name=\"_wpcf7_container_post\" value=\"0\" \/>\n<input type=\"hidden\" name=\"_wpcf7_posted_data_hash\" value=\"\" \/>\n<\/div>\n<p><span class=\"wpcf7-form-control-wrap Interet\"><span class=\"wpcf7-form-control wpcf7-radio\"><span class=\"wpcf7-list-item first\"><input type=\"radio\" name=\"Interet\" value=\"Je suis int\u00e9ress\u00e9 pour louer\" checked=\"checked\" \/><span class=\"wpcf7-list-item-label\">Je suis int\u00e9ress\u00e9 pour louer<\/span><\/span><span class=\"wpcf7-list-item\"><input type=\"radio\" name=\"Interet\" value=\"J&#039;ai un projet\" \/><span class=\"wpcf7-list-item-label\">J&#039;ai un projet<\/span><\/span><span class=\"wpcf7-list-item last\"><input type=\"radio\" name=\"Interet\" value=\"Je suis int\u00e9ress\u00e9 pour une soir\u00e9e d&#039;info\" \/><span class=\"wpcf7-list-item-label\">Je suis int\u00e9ress\u00e9 pour une soir\u00e9e d&#039;info<\/span><\/span><\/span><\/span> <\/p>\n<p>Votre nom et pr\u00e9nom (obligatoire)<br \/>\n    <span class=\"wpcf7-form-control-wrap your-name\"><input type=\"text\" name=\"your-name\" value=\"\" size=\"40\" class=\"wpcf7-form-control wpcf7-text wpcf7-validates-as-required\" aria-required=\"true\" aria-invalid=\"false\" \/><\/span> <\/p>\n<p>Votre email (obligatoire)<br \/>\n    <span class=\"wpcf7-form-control-wrap your-email\"><input type=\"email\" name=\"your-email\" value=\"\" size=\"40\" class=\"wpcf7-form-control wpcf7-text wpcf7-email wpcf7-validates-as-required wpcf7-validates-as-email\" aria-required=\"true\" aria-invalid=\"false\" \/><\/span> <\/p>\n<p>Votre t\u00e9l\u00e9phone <br \/>\n    <span class=\"wpcf7-form-control-wrap tel\"><input type=\"tel\" name=\"tel\" value=\"\" size=\"40\" class=\"wpcf7-form-control wpcf7-text wpcf7-tel wpcf7-validates-as-tel\" aria-invalid=\"false\" placeholder=\"votre num\u00e9ro ici\" \/><\/span><\/p>\n<p>Sujet <br \/>\n    <span class=\"wpcf7-form-control-wrap your-subject\"><input type=\"text\" name=\"your-subject\" value=\"\" size=\"40\" class=\"wpcf7-form-control wpcf7-text\" aria-invalid=\"false\" \/><\/span> <\/p>\n<p>Votre message<br \/>\n    <span class=\"wpcf7-form-control-wrap your-message\"><textarea name=\"your-message\" cols=\"40\" rows=\"10\" class=\"wpcf7-form-control wpcf7-textarea\" aria-invalid=\"false\"><\/textarea><\/span> <\/p>\n<p><input type=\"submit\" value=\"Envoyez\" class=\"wpcf7-form-control has-spinner wpcf7-submit\" \/><\/p>\n<p style=\"display: none !important;\"><label>&#916;<textarea name=\"_wpcf7_ak_hp_textarea\" cols=\"45\" rows=\"8\" maxlength=\"100\"><\/textarea><\/label><input type=\"hidden\" id=\"ak_js_1\" name=\"_wpcf7_ak_js\" value=\"122\"\/><script>document.getElementById( \"ak_js_1\" ).setAttribute( \"value\", ( new Date() ).getTime() );<\/script><\/p><div class=\"wpcf7-response-output\" aria-hidden=\"true\"><\/div><\/form><\/div>\n","protected":false},"excerpt":{"rendered":"<p>Appel \u00e0 candidat ! Appel \u00e0 candidat ! Appel \u00e0 candidat ! Partenaires, explorateurs pour un immobilier solidaire, pr\u00eats \u00e0 embarquer pour offrir vos projets citoyens \u00e0 nos maisons ? Expert, r\u00e9gisseur, m\u00e9diateur, propri\u00e9taire,\u00a0 locataire,\u00a0 juriste, plombier, chauffagiste, attisant participatif, bricoleur, Mais aussi, responsable de r\u00e9seau citoyen, informaticien, comportementaliste, mara\u00eecher de ville, couvreur alternatif, bio-constructeur&#8230; [&hellip;]<\/p>\n","protected":false},"author":4,"featured_media":0,"parent":0,"menu_order":0,"comment_status":"closed","ping_status":"closed","template":"","meta":{"footnotes":""},"_links":{"self":[{"href":"https:\/\/www.missterre.org\/blog\/immosolidair\/index.php?rest_route=\/wp\/v2\/pages\/87"}],"collection":[{"href":"https:\/\/www.missterre.org\/blog\/immosolidair\/index.php?rest_route=\/wp\/v2\/pages"}],"about":[{"href":"https:\/\/www.missterre.org\/blog\/immosolidair\/index.php?rest_route=\/wp\/v2\/types\/page"}],"author":[{"embeddable":true,"href":"https:\/\/www.missterre.org\/blog\/immosolidair\/index.php?rest_route=\/wp\/v2\/users\/4"}],"replies":[{"embeddable":true,"href":"https:\/\/www.missterre.org\/blog\/immosolidair\/index.php?rest_route=%2Fwp%2Fv2%2Fcomments&post=87"}],"version-history":[{"count":13,"href":"https:\/\/www.missterre.org\/blog\/immosolidair\/index.php?rest_route=\/wp\/v2\/pages\/87\/revisions"}],"predecessor-version":[{"id":989,"href":"https:\/\/www.missterre.org\/blog\/immosolidair\/index.php?rest_route=\/wp\/v2\/pages\/87\/revisions\/989"}],"wp:attachment":[{"href":"https:\/\/www.missterre.org\/blog\/immosolidair\/index.php?rest_route=%2Fwp%2Fv2%2Fmedia&parent=87"}],"curies":[{"name":"wp","href":"https:\/\/api.w.org\/{rel}","templated":true}]}}