{"id":3680,"date":"2015-05-11T13:44:35","date_gmt":"2015-05-11T11:44:35","guid":{"rendered":"http:\/\/www.missterre.org\/blog\/explo\/?page_id=3680"},"modified":"2025-01-24T11:17:43","modified_gmt":"2025-01-24T10:17:43","slug":"quatrieme-voyage","status":"publish","type":"page","link":"https:\/\/www.missterre.org\/blog\/explo\/?page_id=3680","title":{"rendered":"comment embarquer ?"},"content":{"rendered":"<h4 style=\"text-align: justify;\"><a href=\"http:\/\/www.missterre.org\/blog\/explo\/files\/2015\/05\/DSC00304.jpg\"><img loading=\"lazy\" decoding=\"async\" class=\"wp-image-4095 alignleft\" src=\"http:\/\/www.missterre.org\/blog\/explo\/files\/2025\/01\/un-reseau-social-web-image.jpg\" alt=\"un r\u00e9seau social web\" width=\"483\" height=\"271\" srcset=\"https:\/\/www.missterre.org\/blog\/explo\/files\/2025\/01\/un-reseau-social-web-image.jpg 1058w, https:\/\/www.missterre.org\/blog\/explo\/files\/2025\/01\/un-reseau-social-web-image-300x169.jpg 300w, https:\/\/www.missterre.org\/blog\/explo\/files\/2025\/01\/un-reseau-social-web-image-1024x576.jpg 1024w, https:\/\/www.missterre.org\/blog\/explo\/files\/2025\/01\/un-reseau-social-web-image-768x432.jpg 768w, https:\/\/www.missterre.org\/blog\/explo\/files\/2025\/01\/un-reseau-social-web-image-600x337.jpg 600w\" sizes=\"(max-width: 483px) 100vw, 483px\" \/><\/a><strong><b>La bourse des explorateurs citoyen\u00a0: <\/b><\/strong><\/h4>\n<p>Ce collectif de conavigation prend comme point de d\u00e9part la cr\u00e9ation <strong>de la bourse des \u00e9quipiers<\/strong>, du Voilier MissTerre. Pour la construire, nous utilisons \u00ab\u00a0une devise de coop\u00e9ration citoyenne\u00a0\u00bb bas\u00e9e sur la circularit\u00e9 de nos ressources : humaines, mon\u00e9taires, et de savoir-faire. Ensemble, nous tenterons de d\u00e9passer les syst\u00e8mes classiques d\u2019\u00e9change et de partage des ressources (monnaies, troc, multitroc) pour co-cr\u00e9er notre r\u00e9seau d\u2019entraide* mon utopie est ici en image .<\/p>\n<p><strong>Pourquoi rejoindre l\u2019aventure ?<\/strong><\/p>\n<p>Ce projet pilote de <strong>co-navigation citoyenne<\/strong> repose sur une id\u00e9e simple :<\/p>\n<h3><em>Ce que tu donnes te revient, par la r\u00e9alisation d\u2019un projet que tu ne pourrais accomplir seul.<\/em><\/h3>\n<h4 style=\"text-align: justify;\"><strong>Vous trouvez ci dessous les articles,<\/strong> comment embarquer\u00a0 et <b>notre devise <\/b><b>de coop\u00e9ration<\/b><b> : <\/b><strong>Ici, pas de \u00ab prix \u00e0 la cabine \u00bb : chacun contribue selon ses moyens (argent, temps ou comp\u00e9tences).<\/strong><\/h4>\n<h4 style=\"text-align: justify;\">pour m\u00e9moire, en dessous, les trois programmes voile et aventure, exploration des volcans, et \u00e0 la recherche des rorquals organis\u00e9es pendant de longues ann\u00e9es \u00e0 bord de MissTerre. Inspir\u00e9 de ce long parcours sur MissTerre, nous profiterons ensemble de nos ressources pour pour coconstruire ce monde que nous voulons.<\/h4>\n<p>Welcome on board<\/p>\n<h4 style=\"text-align: justify;\"><\/h4>\n<p><!--more--><\/p>\n<p>&nbsp;<\/p>\n<h4 style=\"text-align: justify;\"><\/h4>\n","protected":false},"excerpt":{"rendered":"<p>La bourse des explorateurs citoyen\u00a0: Ce collectif de conavigation prend comme point de d\u00e9part la cr\u00e9ation de la bourse des \u00e9quipiers, du Voilier MissTerre. Pour la construire, nous utilisons \u00ab\u00a0une devise de coop\u00e9ration citoyenne\u00a0\u00bb bas\u00e9e sur la circularit\u00e9 de nos ressources : humaines, mon\u00e9taires, et de savoir-faire. Ensemble, nous tenterons de d\u00e9passer les syst\u00e8mes classiques <a class=\"read-more-link\" href=\"https:\/\/www.missterre.org\/blog\/explo\/?page_id=3680\"><br \/>&#8230;read more<\/a><\/p>\n","protected":false},"author":2,"featured_media":3735,"parent":0,"menu_order":0,"comment_status":"closed","ping_status":"closed","template":"","meta":{"footnotes":""},"_links":{"self":[{"href":"https:\/\/www.missterre.org\/blog\/explo\/index.php?rest_route=\/wp\/v2\/pages\/3680"}],"collection":[{"href":"https:\/\/www.missterre.org\/blog\/explo\/index.php?rest_route=\/wp\/v2\/pages"}],"about":[{"href":"https:\/\/www.missterre.org\/blog\/explo\/index.php?rest_route=\/wp\/v2\/types\/page"}],"author":[{"embeddable":true,"href":"https:\/\/www.missterre.org\/blog\/explo\/index.php?rest_route=\/wp\/v2\/users\/2"}],"replies":[{"embeddable":true,"href":"https:\/\/www.missterre.org\/blog\/explo\/index.php?rest_route=%2Fwp%2Fv2%2Fcomments&post=3680"}],"version-history":[{"count":15,"href":"https:\/\/www.missterre.org\/blog\/explo\/index.php?rest_route=\/wp\/v2\/pages\/3680\/revisions"}],"predecessor-version":[{"id":4132,"href":"https:\/\/www.missterre.org\/blog\/explo\/index.php?rest_route=\/wp\/v2\/pages\/3680\/revisions\/4132"}],"wp:featuredmedia":[{"embeddable":true,"href":"https:\/\/www.missterre.org\/blog\/explo\/index.php?rest_route=\/wp\/v2\/media\/3735"}],"wp:attachment":[{"href":"https:\/\/www.missterre.org\/blog\/explo\/index.php?rest_route=%2Fwp%2Fv2%2Fmedia&parent=3680"}],"curies":[{"name":"wp","href":"https:\/\/api.w.org\/{rel}","templated":true}]}}