{"id":2290,"date":"2013-02-10T19:24:25","date_gmt":"2013-02-10T18:24:25","guid":{"rendered":"http:\/\/www.missterre.org\/blog\/explo\/?page_id=2290"},"modified":"2014-02-24T06:20:36","modified_gmt":"2014-02-24T05:20:36","slug":"logiciels-libres","status":"publish","type":"page","link":"https:\/\/www.missterre.org\/blog\/explo\/?page_id=2290","title":{"rendered":"Logiciels libres : utopie ou r\u00e9alit\u00e9 ?"},"content":{"rendered":"<blockquote>\n<p style=\"text-align: center;\"><cite>Utilisation d\u2019outils informatiques r\u00e9sultant de l\u2019\u00e9change d\u00e9mocratique<br \/>de la connaissance et du savoir par le net : les logiciels open source.<br \/>C&rsquo;est possible de se d\u00e9velopper avec eux sans comp\u00e9tence particuli\u00e8re ?<\/cite><\/p>\n<\/blockquote>\n","protected":false},"excerpt":{"rendered":"<p>Utilisation d\u2019outils informatiques r\u00e9sultant de l\u2019\u00e9change d\u00e9mocratiquede la connaissance et du savoir par le net : les logiciels open source.C&rsquo;est possible de se d\u00e9velopper avec eux sans comp\u00e9tence particuli\u00e8re ?<\/p>\n","protected":false},"author":2,"featured_media":0,"parent":0,"menu_order":3,"comment_status":"closed","ping_status":"open","template":"","meta":{"footnotes":""},"_links":{"self":[{"href":"https:\/\/www.missterre.org\/blog\/explo\/index.php?rest_route=\/wp\/v2\/pages\/2290"}],"collection":[{"href":"https:\/\/www.missterre.org\/blog\/explo\/index.php?rest_route=\/wp\/v2\/pages"}],"about":[{"href":"https:\/\/www.missterre.org\/blog\/explo\/index.php?rest_route=\/wp\/v2\/types\/page"}],"author":[{"embeddable":true,"href":"https:\/\/www.missterre.org\/blog\/explo\/index.php?rest_route=\/wp\/v2\/users\/2"}],"replies":[{"embeddable":true,"href":"https:\/\/www.missterre.org\/blog\/explo\/index.php?rest_route=%2Fwp%2Fv2%2Fcomments&post=2290"}],"version-history":[{"count":0,"href":"https:\/\/www.missterre.org\/blog\/explo\/index.php?rest_route=\/wp\/v2\/pages\/2290\/revisions"}],"wp:attachment":[{"href":"https:\/\/www.missterre.org\/blog\/explo\/index.php?rest_route=%2Fwp%2Fv2%2Fmedia&parent=2290"}],"curies":[{"name":"wp","href":"https:\/\/api.w.org\/{rel}","templated":true}]}}