{"id":6023,"date":"2014-11-27T16:18:09","date_gmt":"2014-11-27T15:18:09","guid":{"rendered":"http:\/\/www.missterre.org\/blog\/?page_id=6023"},"modified":"2018-04-16T08:24:20","modified_gmt":"2018-04-16T06:24:20","slug":"une-bourse-dentraide-multilaterale-de-service-dotee-dune-devise-dechange-pour-vivre-mieux-ensemble","status":"publish","type":"page","link":"http:\/\/www.missterre.org\/blog\/","title":{"rendered":"Une bourse d&rsquo;entraide  multilat\u00e9rale de service dot\u00e9e d&rsquo;une devise d&rsquo;\u00e9change pour vivre mieux ensemble :"},"content":{"rendered":"<h1 style=\"text-align: center;\"><span style=\"font-size: medium; color: #808080;\"><a style=\"color: #808080;\" href=\"\/blog\/merci\">Faire plaisir &amp; dire Merci<\/a><\/span><\/h1>\n<h6 style=\"text-align: center;\">Le site est une \u00e9bauche en cours de travail : chacun \u00e0 son niveau peut jouer un r\u00f4le , ... et nous aider...pour vivre mieux ensemble.<\/h6>\n<p style=\"text-align: center;\"><span style=\"color: #ff0000;\">\u00a0<\/span><span style=\"font-size: medium;\"><span style=\"color: #ff0000;\">\u00a0 S<a style=\"color: #ff0000;\" href=\"http:\/\/www.missterre.org\/blog\/inscription\">'inscrire<\/a> - <a style=\"color: #ff0000;\" href=\"http:\/\/www.missterre.org\/blog\/partage-ressources\/\">les adS<\/a> - <a style=\"color: #ff0000;\" href=\"http:\/\/www.missterre.org\/blog\/citizen-explorer\/\">les blogs<\/a> - <a style=\"color: #ff0000;\" href=\"http:\/\/www.missterre.org\/blog\/members\">les membres<\/a> - <a style=\"color: #ff0000;\" href=\"http:\/\/www.missterre.org\/blog\/groups\">les groupes<\/a> - <a style=\"color: #ff0000;\" href=\"http:\/\/www.missterre.org\/blog\/forums\">les forums<\/a> -\u00a0<a style=\"color: #ff0000;\" href=\"http:\/\/www.missterre.org\/blog\/activity\/\">toute l'activit\u00e9<\/a>.<\/span><br \/>\n<\/span><\/p>\n<h5 style=\"text-align: justify;\">Cette bourse est n\u00e9e suite au long voyage d'un petit voilier, parti <a title=\"Premier blog d'exploration citoyenne\" href=\"http:\/\/www.missterre.org\/blog\/explo\/\" target=\"_blank\" rel=\"noopener\">Explorer le monde...autrement<\/a>. L'objectif ici est de poursuivre ensemble cette exploration de l'humanit\u00e9: D\u00c9COUVRIR, RENCONTRER, APPRENDRE, PARTAGER de nouveaux mod\u00e8les d'\u00e9change des ressources, liant la satisfaction de <a title=\"La satisfaction de nos besoins fondamentaux, \u00e9l\u00e9mentaires, secondaires, via le partage HARMONIEUX des ressources, constitue l'objectif humanitaire de la communaut\u00e9. Cliquez sur le lien pour en savoir plus sur la classification de ces besoins : selon wikip\u00e9dia\" href=\"http:\/\/fr.wikipedia.org\/wiki\/Besoin\" target=\"_blank\" rel=\"noopener\">nos besoins<\/a> (le bonheur?) <a title=\"Une fa\u00e7on esoth\u00e9rique d'analyser le monde et les \u00e9l\u00e9ments qui le constitue serait que celui-ci soit constitu\u00e9 d'eau, de terre, et d'air, tandis que le feu serait l'\u00e9l\u00e9ment de la transformation de ces ressources fondamentales. Plus selon wikip\u00e9dia\" href=\"http:\/\/fr.wikipedia.org\/wiki\/Quatre_%C3%A9l%C3%A9ments\" target=\"_blank\" rel=\"noopener\">aux \u00e9l\u00e9ments<\/a> n\u00e9cessaires pour vivre heureux, ensemble. Ces nouvelles richesses sont partag\u00e9es par\u00a0nos <a title=\"Devenez Explorateurs citoyens : un petit click pour faire un grand choc !\" href=\"\/blog\/?page_id=2070\">Explorateurs citoyens<\/a>, et nos <a title=\"Surfez sur la vague des ressources d'un monde meilleur.. faites-vous membre. C'est gratuit. \" href=\"\/blog\/?page_id=2070\">surfeurs de ressources<\/a>. Elles sont consign\u00e9es, d\u00e9battues voire n\u00e9goci\u00e9es, dans les\u00a0 groupes et forums.\u00a0Vos offres et demandes sont partag\u00e9es dans vos profils et sur AdsolidAir, un site d'annonce citoyenne pour \u00e9changer et partager avec ou sans argent.\u00a0 <a href=\"http:\/\/www.missterre.org\/blog\/classifieds\">les Annonces<\/a> ! .\u00a0<a title=\"comment se faire membre? devenir surfeur de ressources, explorateur citoyen, ou actionaire d'un monde meilleur, toutes les infos ici.\" href=\"http:\/\/www.missterre.org\/blog\/membre\">Info membre.<\/a>\u00a0<a title=\"cliquez sur le lien pour comprendre mieux l'objet humanitaire de notre communaut\u00e9\" href=\"\/blog\/completement-informe\">En savoir plus<\/a>.<\/h5>\n","protected":false},"excerpt":{"rendered":"<p>Faire plaisir &amp; dire Merci Le site est une \u00e9bauche en cours de travail : chacun \u00e0 son niveau peut jouer un r\u00f4le , &#8230; et nous aider&#8230;pour vivre mieux ensemble. \u00a0\u00a0 S&rsquo;inscrire &#8211; les adS &#8211; les blogs &#8211; les membres &#8211; les groupes &#8211; les forums &#8211;\u00a0toute l&rsquo;activit\u00e9. Cette bourse est n\u00e9e suite [&hellip;]<\/p>\n","protected":false},"author":2,"featured_media":0,"parent":0,"menu_order":0,"comment_status":"closed","ping_status":"closed","template":"","meta":{"_bbp_topic_count":0,"_bbp_reply_count":0,"_bbp_total_topic_count":0,"_bbp_total_reply_count":0,"_bbp_voice_count":0,"_bbp_anonymous_reply_count":0,"_bbp_topic_count_hidden":0,"_bbp_reply_count_hidden":0,"_bbp_forum_subforum_count":0,"footnotes":""},"_links":{"self":[{"href":"http:\/\/www.missterre.org\/blog\/wp-json\/wp\/v2\/pages\/6023"}],"collection":[{"href":"http:\/\/www.missterre.org\/blog\/wp-json\/wp\/v2\/pages"}],"about":[{"href":"http:\/\/www.missterre.org\/blog\/wp-json\/wp\/v2\/types\/page"}],"author":[{"embeddable":true,"href":"http:\/\/www.missterre.org\/blog\/wp-json\/wp\/v2\/users\/2"}],"replies":[{"embeddable":true,"href":"http:\/\/www.missterre.org\/blog\/wp-json\/wp\/v2\/comments?post=6023"}],"version-history":[{"count":4,"href":"http:\/\/www.missterre.org\/blog\/wp-json\/wp\/v2\/pages\/6023\/revisions"}],"predecessor-version":[{"id":6255,"href":"http:\/\/www.missterre.org\/blog\/wp-json\/wp\/v2\/pages\/6023\/revisions\/6255"}],"wp:attachment":[{"href":"http:\/\/www.missterre.org\/blog\/wp-json\/wp\/v2\/media?parent=6023"}],"curies":[{"name":"wp","href":"https:\/\/api.w.org\/{rel}","templated":true}]}}