{"id":5564,"date":"2014-03-12T16:21:25","date_gmt":"2014-03-12T15:21:25","guid":{"rendered":"http:\/\/www.missterre.org\/blog\/?page_id=5564"},"modified":"2015-01-26T11:37:01","modified_gmt":"2015-01-26T10:37:01","slug":"citizen-explorer","status":"publish","type":"page","link":"http:\/\/www.missterre.org\/blog\/citizen-explorer\/","title":{"rendered":"Citizen explorers"},"content":{"rendered":"<p>L'objectif \u00e0 terme est de reproduire le mod\u00e8le d' exploration du petit voilier Missterre.org, autant de fois qu'il y aura d'explorateurs citoyens en qu\u00eate d'un monde meilleur.<\/p>\n","protected":false},"excerpt":{"rendered":"<p>L&rsquo;objectif \u00e0 terme est de reproduire le mod\u00e8le d&rsquo; exploration du petit voilier Missterre.org, autant de fois qu&rsquo;il y aura d&rsquo;explorateurs citoyens en qu\u00eate d&rsquo;un monde meilleur.<\/p>\n","protected":false},"author":4,"featured_media":5982,"parent":0,"menu_order":4,"comment_status":"closed","ping_status":"closed","template":"","meta":{"_bbp_topic_count":0,"_bbp_reply_count":0,"_bbp_total_topic_count":0,"_bbp_total_reply_count":0,"_bbp_voice_count":0,"_bbp_anonymous_reply_count":0,"_bbp_topic_count_hidden":0,"_bbp_reply_count_hidden":0,"_bbp_forum_subforum_count":0,"footnotes":""},"_links":{"self":[{"href":"http:\/\/www.missterre.org\/blog\/wp-json\/wp\/v2\/pages\/5564"}],"collection":[{"href":"http:\/\/www.missterre.org\/blog\/wp-json\/wp\/v2\/pages"}],"about":[{"href":"http:\/\/www.missterre.org\/blog\/wp-json\/wp\/v2\/types\/page"}],"author":[{"embeddable":true,"href":"http:\/\/www.missterre.org\/blog\/wp-json\/wp\/v2\/users\/4"}],"replies":[{"embeddable":true,"href":"http:\/\/www.missterre.org\/blog\/wp-json\/wp\/v2\/comments?post=5564"}],"version-history":[{"count":0,"href":"http:\/\/www.missterre.org\/blog\/wp-json\/wp\/v2\/pages\/5564\/revisions"}],"wp:featuredmedia":[{"embeddable":true,"href":"http:\/\/www.missterre.org\/blog\/wp-json\/wp\/v2\/media\/5982"}],"wp:attachment":[{"href":"http:\/\/www.missterre.org\/blog\/wp-json\/wp\/v2\/media?parent=5564"}],"curies":[{"name":"wp","href":"https:\/\/api.w.org\/{rel}","templated":true}]}}