{"id":5223,"date":"2013-11-22T15:28:39","date_gmt":"2013-11-22T14:28:39","guid":{"rendered":"http:\/\/www.missterre.org\/blog\/?page_id=5223"},"modified":"2016-05-22T11:35:27","modified_gmt":"2016-05-22T09:35:27","slug":"merci","status":"publish","type":"page","link":"http:\/\/www.missterre.org\/blog\/merci\/","title":{"rendered":"Dites Merci !"},"content":{"rendered":"<h2 style=\"text-align: center;\"><span style=\"font-family: Arial Black,sans-serif;\"><span style=\"font-size: large;\">Faire plaisir &amp; dire merci pour soutenir un projet citoyen <\/span><\/span><\/h2>\n<h2 style=\"text-align: center;\"><span style=\"font-family: Arial Black,sans-serif;\"><span style=\"font-size: large;\">c'est offrir la plus-value humaine \u00e0 nos transactions\u00a0!<\/span><\/span><\/h2>\n<p style=\"margin-bottom: 0cm; font-style: normal; text-align: justify;\" align=\"JUSTIFY\"><span style=\"font-size: small;\">On vous \u00e0 offert un service ? Un clic pour dire Merci avec un message de gratitude suffit ! Le tout se retrouvera sur le profil de votre serviteur !<br \/>\n<\/span><\/p>\n<p style=\"margin-bottom: 0cm; font-style: normal; text-align: justify;\" align=\"JUSTIFY\"><span style=\"font-size: small;\">Le remerciement individuel est proportionnel au plaisir offert. Un merci ou mille mercis pour le m\u00eame service est donc possible ! Tout comme tout autre accord transactionnel \u00e0 titre individuel ( comme l'unit\u00e9 temps est possible, il est alors conseill\u00e9 de le stipuler dans votre message ) .<\/span><\/p>\n<p style=\"margin-bottom: 0cm; font-style: normal; text-align: justify;\" align=\"JUSTIFY\">Le remerciement est essentiellement individuel et n'est pas transmissible. C'est de la reconnaissance humaine !<\/p>\n<p style=\"margin-bottom: 0cm; font-style: normal; text-align: justify;\" align=\"JUSTIFY\">Les remerciements pour le don d'un article ouvert et accessible a tous (ex. logiciel libre, ou formule magique ) sont illimit\u00e9s dans le temps. D\u00e9voiler son secret devient \u00ab\u00a0rentable\u00a0\u00bb<\/p>\n<p style=\"margin-bottom: 0cm; font-style: normal; font-weight: normal; text-decoration: none; text-align: justify;\" align=\"JUSTIFY\">C<span style=\"font-family: Times New Roman,serif;\"><span style=\"font-size: small;\"><span style=\"font-size: medium;\">ette devise est soit compl\u00e9mentaire au syst\u00e8me mon\u00e9taire actuel, soit utilis\u00e9e seule pour le b\u00e9n\u00e9volat ou entre ami, coll\u00e8gue.... Votre commer\u00e7ant vous \u00e0 bien aid\u00e9 ? Remerciez le !<\/span>\u00a0<\/span> <\/span><\/p>\n<table>\n<tbody>\n<tr>\n<td><style type=\"text\/css\">div.widget4{ width:auto !important; }<\/style><div class=\"widgetarea cc-widget widget4 widget\"><div id=\"cp_topuserswidget-3\" class=\"widget widget_cp_topuserswidget shortcode_widgetarea\"><h3 class=\"widgettitle\">Top Utilisateurs<\/h3><ul><li class=\"cp_topUsersWidget top_1\" style=\"list-style:none;\">Gigi (283 Merci ! )<\/li><li class=\"cp_topUsersWidget top_2\" style=\"list-style:none;\">Igor (252 Merci ! )<\/li><li class=\"cp_topUsersWidget top_3\" style=\"list-style:none;\">Griet (191 Merci ! )<\/li><li class=\"cp_topUsersWidget top_4\" style=\"list-style:none;\">sensus (94 Merci ! )<\/li><li class=\"cp_topUsersWidget top_5\" style=\"list-style:none;\">siddharthagnan (82 Merci ! )<\/li><li class=\"cp_topUsersWidget top_6\" style=\"list-style:none;\">nathalie (33 Merci ! )<\/li><li class=\"cp_topUsersWidget top_7\" style=\"list-style:none;\">cedric (26 Merci ! )<\/li><li class=\"cp_topUsersWidget top_8\" style=\"list-style:none;\">amadoukonta (20 Merci ! )<\/li><li class=\"cp_topUsersWidget top_9\" style=\"list-style:none;\">fred (20 Merci ! )<\/li><li class=\"cp_topUsersWidget top_10\" style=\"list-style:none;\">chris (17 Merci ! )<\/li><li class=\"cp_topUsersWidget top_11\" style=\"list-style:none;\">floriane (10 Merci ! )<\/li><li class=\"cp_topUsersWidget top_12\" style=\"list-style:none;\">fatimadruga (5 Merci ! )<\/li><li class=\"cp_topUsersWidget top_13\" style=\"list-style:none;\">vitor (4 Merci ! )<\/li><li class=\"cp_topUsersWidget top_14\" style=\"list-style:none;\">thibault (4 Merci ! )<\/li><li class=\"cp_topUsersWidget top_15\" style=\"list-style:none;\">sybille (3 Merci ! )<\/li><\/ul><\/div><div class=\"clear\"><\/div><\/div><div class=\"clear\"><\/div><\/td>\n<td>\u00a0<style type=\"text\/css\">div.widget5{ width:auto !important; }<\/style><div class=\"widgetarea cc-widget widget5 widget\"><div id=\"theme-my-login-2\" class=\"widget widget_theme_my_login shortcode_widgetarea\"><h3 class=\"widgettitle\">Inscription<\/h3><div class=\"tml tml-register\">\n<div class=\"tml-alerts\"><\/div><form name=\"register\" action=\"http:\/\/www.missterre.org\/blog\/register\/\" method=\"post\" novalidate=\"novalidate\">\n<div class=\"tml-field-wrap tml-user_login-wrap\">\n<label class=\"tml-label\" for=\"user_login\">Identifiant<\/label>\n<input name=\"user_login\" type=\"text\" value=\"\" id=\"user_login\" autocapitalize=\"off\" class=\"tml-field\">\n<\/div>\n\n<div class=\"tml-field-wrap tml-user_email-wrap\">\n<label class=\"tml-label\" for=\"user_email\">E-mail<\/label>\n<input name=\"user_email\" type=\"email\" value=\"\" id=\"user_email\" class=\"tml-field\">\n<\/div>\n\n\r\n\r\n<div class=\"si_captcha_small\"><img loading=\"lazy\" decoding=\"async\" id=\"si_image_reg\" src=\"http:\/\/www.missterre.org\/blog\/wp-content\/plugins\/si-captcha-for-wordpress\/captcha\/securimage_show.php?si_sm_captcha=1&amp;si_form_id=reg&amp;prefix=NTHRMG6OrBzfSAr4\" width=\"132\" height=\"45\" alt=\"Code Anti-spam\" title=\"Code Anti-spam\" \/>\n    <input id=\"si_code_reg\" name=\"si_code_reg\" type=\"hidden\"  value=\"NTHRMG6OrBzfSAr4\" \/>\n    <div id=\"si_refresh_reg\">\n<a href=\"#\" rel=\"nofollow\" title=\"Rafra\u00eechir\" onclick=\"si_captcha_refresh('si_image_reg','reg','\/blog\/wp-content\/plugins\/si-captcha-for-wordpress\/captcha','http:\/\/www.missterre.org\/blog\/wp-content\/plugins\/si-captcha-for-wordpress\/captcha\/securimage_show.php?si_sm_captcha=1&amp;si_form_id=reg&amp;prefix='); return false;\">\n      <img loading=\"lazy\" decoding=\"async\" class=\"si_captcha_refresh\" src=\"http:\/\/www.missterre.org\/blog\/wp-content\/plugins\/si-captcha-for-wordpress\/captcha\/images\/refresh.png\" width=\"22\" height=\"20\" alt=\"Rafra\u00eechir\" onclick=\"this.blur();\" \/><\/a>\r\n  <\/div>\r\n  <\/div>\r\n\r\n<p>\r\n <label for=\"si_captcha_code\">Code Anti-spam<br \/>\r\n<input id=\"si_captcha_code\" name=\"si_captcha_code\" class=\"input\" type=\"text\" value=\"\" \/><\/label>\r\n<\/p>\r\n\r\n\n<div class=\"tml-field-wrap tml-reg_passmail-wrap\">\n<p id=\"reg_passmail\">La confirmation d\u2019inscription vous sera envoy\u00e9e par e-mail.<\/p><\/div>\n\n<div class=\"tml-field-wrap tml-submit-wrap\">\n<button name=\"submit\" type=\"submit\" class=\"tml-button\">Inscription<\/button>\n<\/div>\n\n<input name=\"redirect_to\" type=\"hidden\" value=\"\/blog\/wp-json\/wp\/v2\/pages\/5223\">\n\n<\/form>\n<ul class=\"tml-links\"><li class=\"tml-login-link\"><a href=\"http:\/\/www.missterre.org\/blog\/login\/\">Connexion<\/a><\/li><li class=\"tml-lostpassword-link\"><a href=\"http:\/\/www.missterre.org\/blog\/lostpassword\/\">Mot de passe oubli\u00e9\u00a0?<\/a><\/li><\/ul><\/div>\n<\/div><div class=\"clear\"><\/div><\/div><div class=\"clear\"><\/div><\/td>\n<\/tr>\n<\/tbody>\n<\/table>\n","protected":false},"excerpt":{"rendered":"<p>Faire plaisir &amp; dire merci pour soutenir un projet citoyen c&rsquo;est offrir la plus-value humaine \u00e0 nos transactions\u00a0! On vous \u00e0 offert un service ? Un clic pour dire Merci avec un message de gratitude suffit ! Le tout se retrouvera sur le profil de votre serviteur ! Le remerciement individuel est proportionnel au plaisir [&hellip;]<\/p>\n","protected":false},"author":2,"featured_media":5957,"parent":0,"menu_order":3,"comment_status":"closed","ping_status":"open","template":"","meta":{"_bbp_topic_count":0,"_bbp_reply_count":0,"_bbp_total_topic_count":0,"_bbp_total_reply_count":0,"_bbp_voice_count":0,"_bbp_anonymous_reply_count":0,"_bbp_topic_count_hidden":0,"_bbp_reply_count_hidden":0,"_bbp_forum_subforum_count":0,"footnotes":""},"_links":{"self":[{"href":"http:\/\/www.missterre.org\/blog\/wp-json\/wp\/v2\/pages\/5223"}],"collection":[{"href":"http:\/\/www.missterre.org\/blog\/wp-json\/wp\/v2\/pages"}],"about":[{"href":"http:\/\/www.missterre.org\/blog\/wp-json\/wp\/v2\/types\/page"}],"author":[{"embeddable":true,"href":"http:\/\/www.missterre.org\/blog\/wp-json\/wp\/v2\/users\/2"}],"replies":[{"embeddable":true,"href":"http:\/\/www.missterre.org\/blog\/wp-json\/wp\/v2\/comments?post=5223"}],"version-history":[{"count":1,"href":"http:\/\/www.missterre.org\/blog\/wp-json\/wp\/v2\/pages\/5223\/revisions"}],"predecessor-version":[{"id":6147,"href":"http:\/\/www.missterre.org\/blog\/wp-json\/wp\/v2\/pages\/5223\/revisions\/6147"}],"wp:featuredmedia":[{"embeddable":true,"href":"http:\/\/www.missterre.org\/blog\/wp-json\/wp\/v2\/media\/5957"}],"wp:attachment":[{"href":"http:\/\/www.missterre.org\/blog\/wp-json\/wp\/v2\/media?parent=5223"}],"curies":[{"name":"wp","href":"https:\/\/api.w.org\/{rel}","templated":true}]}}