{"id":5,"date":"2011-02-15T16:50:06","date_gmt":"2011-02-15T15:50:06","guid":{"rendered":"http:\/\/www.missterre.org\/blog\/?page_id=5"},"modified":"2014-09-17T20:49:47","modified_gmt":"2014-09-17T18:49:47","slug":"login-3","status":"publish","type":"page","link":"http:\/\/www.missterre.org\/blog\/login-3\/","title":{"rendered":"Se connecter"},"content":{"rendered":"<h5 style=\"text-align: center;\"><strong>Bienvenue sur le r\u00e9seau social pour et par les acteurs de changement !<\/strong><br \/>\n<strong> N'h\u00e9sitez pas \u00e0 vous inscrire aux Groupes qui vous int\u00e9ressent.<\/strong><br \/>\n<strong> Pour communiquer entre membres, il est n\u00e9cessaire au pr\u00e9alable de devenir \"AMI\".<\/strong><br \/>\n<strong> Pour acc\u00e9der \u00e0 un groupe priv\u00e9, proposez votre adh\u00e9sion, ou attendez l'invitation.<\/strong><\/h5>\n<table>\n<tbody>\n<tr>\n<td><div class=\"tml tml-login\">\n<div class=\"tml-alerts\"><\/div><form name=\"login\" action=\"http:\/\/www.missterre.org\/blog\/login\/\" method=\"post\">\n<div class=\"tml-field-wrap tml-log-wrap\">\n<label class=\"tml-label\" for=\"user_login\">Identifiant ou adresse e-mail<\/label>\n<input name=\"log\" type=\"text\" value=\"\" id=\"user_login\" autocapitalize=\"off\" class=\"tml-field\">\n<\/div>\n\n<div class=\"tml-field-wrap tml-pwd-wrap\">\n<label class=\"tml-label\" for=\"user_pass\">Mot de passe<\/label>\n<input name=\"pwd\" type=\"password\" value=\"\" id=\"user_pass\" class=\"tml-field\">\n<\/div>\n\n\n<div class=\"tml-field-wrap tml-rememberme-wrap\">\n<input name=\"rememberme\" type=\"checkbox\" value=\"forever\" id=\"rememberme\" class=\"tml-checkbox\">\n<label class=\"tml-label\" for=\"rememberme\">Se souvenir de moi<\/label>\n<\/div>\n\n<div class=\"tml-field-wrap tml-submit-wrap\">\n<button name=\"submit\" type=\"submit\" class=\"tml-button\">Se connecter<\/button>\n<\/div>\n\n<input name=\"redirect_to\" type=\"hidden\" value=\"http:\/\/www.missterre.org\/blog\/wp-admin\/\">\n\n<\/form>\n<ul class=\"tml-links\"><li class=\"tml-register-link\"><a href=\"http:\/\/www.missterre.org\/blog\/register\/\">Inscription<\/a><\/li><li class=\"tml-lostpassword-link\"><a href=\"http:\/\/www.missterre.org\/blog\/lostpassword\/\">Mot de passe oubli\u00e9\u00a0?<\/a><\/li><\/ul><\/div>\n<\/td>\n<td><style type=\"text\/css\">div.widget2{ width:auto !important; }<\/style><div class=\"widgetarea cc-widget widget2 widget\"><\/div><div class=\"clear\"><\/div><\/td>\n<td><style type=\"text\/css\">div.widget3{ width:auto !important; }<\/style><div class=\"widgetarea cc-widget widget3 widget\"><div id=\"bp_groups_widget-2\" class=\"widget widget_bp_groups_widget buddypress widget shortcode_widgetarea\"><h3 class=\"widgettitle\"><a href=\"http:\/\/www.missterre.org\/blog\/groups\/\">Groupes de discussion<\/a><\/h3>\n\t\t\t\t\t<div class=\"item-options\" id=\"groups-list-options\">\n\t\t\t\t<a href=\"http:\/\/www.missterre.org\/blog\/groups\/\" id=\"newest-groups\">Plus r\u00e9cents<\/a>\n\t\t\t\t<span class=\"bp-separator\" role=\"separator\">|<\/span>\n\t\t\t\t<a href=\"http:\/\/www.missterre.org\/blog\/groups\/\" id=\"recently-active-groups\" class=\"selected\">Plus actifs<\/a>\n\t\t\t\t<span class=\"bp-separator\" role=\"separator\">|<\/span>\n\t\t\t\t<a href=\"http:\/\/www.missterre.org\/blog\/groups\/\" id=\"popular-groups\" >Plus populaires<\/a>\n\t\t\t\t<span class=\"bp-separator\" role=\"separator\">|<\/span>\n\t\t\t\t<a href=\"http:\/\/www.missterre.org\/blog\/groups\/\" id=\"alphabetical-groups\" >Par ordre alphab\u00e9tique<\/a>\n\t\t\t<\/div>\n\n\t\t\t<ul id=\"groups-list\" class=\"item-list\" aria-live=\"polite\" aria-relevant=\"all\" aria-atomic=\"true\">\n\t\t\t\t\t\t\t\t\t<li class=\"odd private group-has-avatar\">\n\t\t\t\t\t\t<div class=\"item-avatar\">\n\t\t\t\t\t\t\t<a href=\"http:\/\/www.missterre.org\/blog\/groups\/pied-a-terre\/\" class=\"bp-tooltip\" data-bp-tooltip=\"R\u00e9sidence Human\u2019 s land !\"><img decoding=\"async\" loading=\"lazy\" src=\"http:\/\/www.missterre.org\/blog\/wp-content\/uploads\/group-avatars\/45\/54dfae235f21bc20725d800a57e0e772-bpthumb.jpg\" class=\"avatar group-45-avatar avatar-50 photo\" width=\"50\" height=\"50\" alt=\"Logo du groupe R\u00e9sidence Human\u2019 s land !\" \/><\/a>\n\t\t\t\t\t\t<\/div>\n\n\t\t\t\t\t\t<div class=\"item\">\n\t\t\t\t\t\t\t<div class=\"item-title\"><a href=\"http:\/\/www.missterre.org\/blog\/groups\/pied-a-terre\/\" class=\"bp-group-home-link pied-a-terre-home-link\">R\u00e9sidence Human\u2019 s land !<\/a><\/div>\n\t\t\t\t\t\t\t<div class=\"item-meta\">\n\t\t\t\t\t\t\t\t<span class=\"activity\">\n\t\t\t\t\t\t\t\tActif il y a 9 ans et 1 mois\t\t\t\t\t\t\t\t<\/span>\n\t\t\t\t\t\t\t<\/div>\n\t\t\t\t\t\t<\/div>\n\t\t\t\t\t<\/li>\n\n\t\t\t\t\t\t\t\t\t<li class=\"even private group-has-avatar\">\n\t\t\t\t\t\t<div class=\"item-avatar\">\n\t\t\t\t\t\t\t<a href=\"http:\/\/www.missterre.org\/blog\/groups\/immosolidair\/\" class=\"bp-tooltip\" data-bp-tooltip=\"ImmoSolidAir\"><img decoding=\"async\" loading=\"lazy\" src=\"http:\/\/www.missterre.org\/blog\/wp-content\/uploads\/group-avatars\/44\/ff5bd2d2a06ab499cb107457f8d610eb-bpthumb.jpg\" class=\"avatar group-44-avatar avatar-50 photo\" width=\"50\" height=\"50\" alt=\"Logo du groupe ImmoSolidAir\" \/><\/a>\n\t\t\t\t\t\t<\/div>\n\n\t\t\t\t\t\t<div class=\"item\">\n\t\t\t\t\t\t\t<div class=\"item-title\"><a href=\"http:\/\/www.missterre.org\/blog\/groups\/immosolidair\/\" class=\"bp-group-home-link immosolidair-home-link\">ImmoSolidAir<\/a><\/div>\n\t\t\t\t\t\t\t<div class=\"item-meta\">\n\t\t\t\t\t\t\t\t<span class=\"activity\">\n\t\t\t\t\t\t\t\tActif il y a 9 ans et 5 mois\t\t\t\t\t\t\t\t<\/span>\n\t\t\t\t\t\t\t<\/div>\n\t\t\t\t\t\t<\/div>\n\t\t\t\t\t<\/li>\n\n\t\t\t\t\t\t\t\t\t<li class=\"odd public group-has-avatar\">\n\t\t\t\t\t\t<div class=\"item-avatar\">\n\t\t\t\t\t\t\t<a href=\"http:\/\/www.missterre.org\/blog\/groups\/relecture-et-problemes\/\" class=\"bp-tooltip\" data-bp-tooltip=\"FAQ, Relecture et Probl\u00e8mes\"><img decoding=\"async\" loading=\"lazy\" src=\"http:\/\/www.missterre.org\/blog\/wp-content\/uploads\/group-avatars\/22\/eca62bed5325573bc85b74e519dbe2e6-bpthumb.jpg\" class=\"avatar group-22-avatar avatar-50 photo\" width=\"50\" height=\"50\" alt=\"Logo du groupe FAQ, Relecture et Probl\u00e8mes\" \/><\/a>\n\t\t\t\t\t\t<\/div>\n\n\t\t\t\t\t\t<div class=\"item\">\n\t\t\t\t\t\t\t<div class=\"item-title\"><a href=\"http:\/\/www.missterre.org\/blog\/groups\/relecture-et-problemes\/\" class=\"bp-group-home-link relecture-et-problemes-home-link\">FAQ, Relecture et Probl\u00e8mes<\/a><\/div>\n\t\t\t\t\t\t\t<div class=\"item-meta\">\n\t\t\t\t\t\t\t\t<span class=\"activity\">\n\t\t\t\t\t\t\t\tActif il y a 9 ans et 7 mois\t\t\t\t\t\t\t\t<\/span>\n\t\t\t\t\t\t\t<\/div>\n\t\t\t\t\t\t<\/div>\n\t\t\t\t\t<\/li>\n\n\t\t\t\t\t\t\t\t\t<li class=\"even private group-has-avatar\">\n\t\t\t\t\t\t<div class=\"item-avatar\">\n\t\t\t\t\t\t\t<a href=\"http:\/\/www.missterre.org\/blog\/groups\/miss-terre-service-informatique\/\" class=\"bp-tooltip\" data-bp-tooltip=\"L\u2019Equipe Informatique\"><img decoding=\"async\" loading=\"lazy\" src=\"http:\/\/www.missterre.org\/blog\/wp-content\/uploads\/group-avatars\/1\/dac0a076d994ae81150d485f47657cc4-bpthumb.jpg\" class=\"avatar group-1-avatar avatar-50 photo\" width=\"50\" height=\"50\" alt=\"Logo du groupe L\u2019Equipe Informatique\" \/><\/a>\n\t\t\t\t\t\t<\/div>\n\n\t\t\t\t\t\t<div class=\"item\">\n\t\t\t\t\t\t\t<div class=\"item-title\"><a href=\"http:\/\/www.missterre.org\/blog\/groups\/miss-terre-service-informatique\/\" class=\"bp-group-home-link miss-terre-service-informatique-home-link\">L\u2019Equipe Informatique<\/a><\/div>\n\t\t\t\t\t\t\t<div class=\"item-meta\">\n\t\t\t\t\t\t\t\t<span class=\"activity\">\n\t\t\t\t\t\t\t\tActif il y a 9 ans et 9 mois\t\t\t\t\t\t\t\t<\/span>\n\t\t\t\t\t\t\t<\/div>\n\t\t\t\t\t\t<\/div>\n\t\t\t\t\t<\/li>\n\n\t\t\t\t\t\t\t\t\t<li class=\"odd public group-has-avatar\">\n\t\t\t\t\t\t<div class=\"item-avatar\">\n\t\t\t\t\t\t\t<a href=\"http:\/\/www.missterre.org\/blog\/groups\/habitat-groupe\/\" class=\"bp-tooltip\" data-bp-tooltip=\"Habitat Group\u00e9\"><img decoding=\"async\" loading=\"lazy\" src=\"http:\/\/www.missterre.org\/blog\/wp-content\/uploads\/group-avatars\/46\/1359c3449c95c56336e7c582673e724a-bpthumb.jpg\" class=\"avatar group-46-avatar avatar-50 photo\" width=\"50\" height=\"50\" alt=\"Logo du groupe Habitat Group\u00e9\" \/><\/a>\n\t\t\t\t\t\t<\/div>\n\n\t\t\t\t\t\t<div class=\"item\">\n\t\t\t\t\t\t\t<div class=\"item-title\"><a href=\"http:\/\/www.missterre.org\/blog\/groups\/habitat-groupe\/\" class=\"bp-group-home-link habitat-groupe-home-link\">Habitat Group\u00e9<\/a><\/div>\n\t\t\t\t\t\t\t<div class=\"item-meta\">\n\t\t\t\t\t\t\t\t<span class=\"activity\">\n\t\t\t\t\t\t\t\tActif il y a 10 ans et 5 mois\t\t\t\t\t\t\t\t<\/span>\n\t\t\t\t\t\t\t<\/div>\n\t\t\t\t\t\t<\/div>\n\t\t\t\t\t<\/li>\n\n\t\t\t\t\t\t\t\t\t<li class=\"even private group-has-avatar\">\n\t\t\t\t\t\t<div class=\"item-avatar\">\n\t\t\t\t\t\t\t<a href=\"http:\/\/www.missterre.org\/blog\/groups\/les-ecrivains\/\" class=\"bp-tooltip\" data-bp-tooltip=\"ECRIRE &amp; TRADUIRE\"><img decoding=\"async\" loading=\"lazy\" src=\"http:\/\/www.missterre.org\/blog\/wp-content\/uploads\/group-avatars\/31\/56a546b5825326d153957a0bfdf52646-bpthumb.jpg\" class=\"avatar group-31-avatar avatar-50 photo\" width=\"50\" height=\"50\" alt=\"Logo du groupe ECRIRE &amp; TRADUIRE\" \/><\/a>\n\t\t\t\t\t\t<\/div>\n\n\t\t\t\t\t\t<div class=\"item\">\n\t\t\t\t\t\t\t<div class=\"item-title\"><a href=\"http:\/\/www.missterre.org\/blog\/groups\/les-ecrivains\/\" class=\"bp-group-home-link les-ecrivains-home-link\">ECRIRE &amp; TRADUIRE<\/a><\/div>\n\t\t\t\t\t\t\t<div class=\"item-meta\">\n\t\t\t\t\t\t\t\t<span class=\"activity\">\n\t\t\t\t\t\t\t\tActif il y a 11 ans et 3 mois\t\t\t\t\t\t\t\t<\/span>\n\t\t\t\t\t\t\t<\/div>\n\t\t\t\t\t\t<\/div>\n\t\t\t\t\t<\/li>\n\n\t\t\t\t\t\t\t\t\t<li class=\"odd public group-has-avatar\">\n\t\t\t\t\t\t<div class=\"item-avatar\">\n\t\t\t\t\t\t\t<a href=\"http:\/\/www.missterre.org\/blog\/groups\/vivre-aurement-a-bruxelles\/\" class=\"bp-tooltip\" data-bp-tooltip=\"Vivre Autrement \u00e0 Bruxelles \u2013 Duursamen Leven in de Hoofdstad\"><img decoding=\"async\" loading=\"lazy\" src=\"http:\/\/www.missterre.org\/blog\/wp-content\/uploads\/group-avatars\/36\/5db6cdd2552f234db456f0c14d4b6625-bpthumb.jpg\" class=\"avatar group-36-avatar avatar-50 photo\" width=\"50\" height=\"50\" alt=\"Logo du groupe Vivre Autrement \u00e0 Bruxelles \u2013 Duursamen Leven in de Hoofdstad\" \/><\/a>\n\t\t\t\t\t\t<\/div>\n\n\t\t\t\t\t\t<div class=\"item\">\n\t\t\t\t\t\t\t<div class=\"item-title\"><a href=\"http:\/\/www.missterre.org\/blog\/groups\/vivre-aurement-a-bruxelles\/\" class=\"bp-group-home-link vivre-aurement-a-bruxelles-home-link\">Vivre Autrement \u00e0 Bruxelles \u2013 Duursamen Leven in de Hoofdstad<\/a><\/div>\n\t\t\t\t\t\t\t<div class=\"item-meta\">\n\t\t\t\t\t\t\t\t<span class=\"activity\">\n\t\t\t\t\t\t\t\tActif il y a 11 ans et 5 mois\t\t\t\t\t\t\t\t<\/span>\n\t\t\t\t\t\t\t<\/div>\n\t\t\t\t\t\t<\/div>\n\t\t\t\t\t<\/li>\n\n\t\t\t\t\t\t\t\t\t<li class=\"even public group-has-avatar\">\n\t\t\t\t\t\t<div class=\"item-avatar\">\n\t\t\t\t\t\t\t<a href=\"http:\/\/www.missterre.org\/blog\/groups\/voiliers-humanistes-marins-solidaires\/\" class=\"bp-tooltip\" data-bp-tooltip=\"Marins Solidaires\"><img decoding=\"async\" loading=\"lazy\" src=\"http:\/\/www.missterre.org\/blog\/wp-content\/uploads\/group-avatars\/25\/78fb8d75b1c45855e8432ffdc8ab32dc-bpthumb.jpg\" class=\"avatar group-25-avatar avatar-50 photo\" width=\"50\" height=\"50\" alt=\"Logo du groupe Marins Solidaires\" \/><\/a>\n\t\t\t\t\t\t<\/div>\n\n\t\t\t\t\t\t<div class=\"item\">\n\t\t\t\t\t\t\t<div class=\"item-title\"><a href=\"http:\/\/www.missterre.org\/blog\/groups\/voiliers-humanistes-marins-solidaires\/\" class=\"bp-group-home-link voiliers-humanistes-marins-solidaires-home-link\">Marins Solidaires<\/a><\/div>\n\t\t\t\t\t\t\t<div class=\"item-meta\">\n\t\t\t\t\t\t\t\t<span class=\"activity\">\n\t\t\t\t\t\t\t\tActif il y a 11 ans et 5 mois\t\t\t\t\t\t\t\t<\/span>\n\t\t\t\t\t\t\t<\/div>\n\t\t\t\t\t\t<\/div>\n\t\t\t\t\t<\/li>\n\n\t\t\t\t\t\t\t\t\t<li class=\"odd private group-has-avatar\">\n\t\t\t\t\t\t<div class=\"item-avatar\">\n\t\t\t\t\t\t\t<a href=\"http:\/\/www.missterre.org\/blog\/groups\/le-voilier-missterre\/\" class=\"bp-tooltip\" data-bp-tooltip=\"Voilier Miss Terre\"><img decoding=\"async\" loading=\"lazy\" src=\"http:\/\/www.missterre.org\/blog\/wp-content\/uploads\/group-avatars\/2\/fcdccfc61638bbe8675582fb682e3b9e-bpthumb.jpg\" class=\"avatar group-2-avatar avatar-50 photo\" width=\"50\" height=\"50\" alt=\"Logo du groupe Voilier Miss Terre\" \/><\/a>\n\t\t\t\t\t\t<\/div>\n\n\t\t\t\t\t\t<div class=\"item\">\n\t\t\t\t\t\t\t<div class=\"item-title\"><a href=\"http:\/\/www.missterre.org\/blog\/groups\/le-voilier-missterre\/\" class=\"bp-group-home-link le-voilier-missterre-home-link\">Voilier Miss Terre<\/a><\/div>\n\t\t\t\t\t\t\t<div class=\"item-meta\">\n\t\t\t\t\t\t\t\t<span class=\"activity\">\n\t\t\t\t\t\t\t\tActif il y a 11 ans et 5 mois\t\t\t\t\t\t\t\t<\/span>\n\t\t\t\t\t\t\t<\/div>\n\t\t\t\t\t\t<\/div>\n\t\t\t\t\t<\/li>\n\n\t\t\t\t\t\t\t\t\t<li class=\"even public group-has-avatar\">\n\t\t\t\t\t\t<div class=\"item-avatar\">\n\t\t\t\t\t\t\t<a href=\"http:\/\/www.missterre.org\/blog\/groups\/le-partage-des-ressources\/\" class=\"bp-tooltip\" data-bp-tooltip=\"Partage des Ressources\"><img decoding=\"async\" loading=\"lazy\" src=\"http:\/\/www.missterre.org\/blog\/wp-content\/uploads\/group-avatars\/24\/bbd59797f9532c4fa5a3c151f7335036-bpthumb.jpg\" class=\"avatar group-24-avatar avatar-50 photo\" width=\"50\" height=\"50\" alt=\"Logo du groupe Partage des Ressources\" \/><\/a>\n\t\t\t\t\t\t<\/div>\n\n\t\t\t\t\t\t<div class=\"item\">\n\t\t\t\t\t\t\t<div class=\"item-title\"><a href=\"http:\/\/www.missterre.org\/blog\/groups\/le-partage-des-ressources\/\" class=\"bp-group-home-link le-partage-des-ressources-home-link\">Partage des Ressources<\/a><\/div>\n\t\t\t\t\t\t\t<div class=\"item-meta\">\n\t\t\t\t\t\t\t\t<span class=\"activity\">\n\t\t\t\t\t\t\t\tActif il y a 12 ans et 1 mois\t\t\t\t\t\t\t\t<\/span>\n\t\t\t\t\t\t\t<\/div>\n\t\t\t\t\t\t<\/div>\n\t\t\t\t\t<\/li>\n\n\t\t\t\t\t\t\t<\/ul>\n\t\t\t<input type=\"hidden\" id=\"_wpnonce-groups\" name=\"_wpnonce-groups\" value=\"ebafb1e470\" \/><input type=\"hidden\" name=\"_wp_http_referer\" value=\"\/blog\/wp-json\/wp\/v2\/pages\/5\" \/>\t\t\t<input type=\"hidden\" name=\"groups_widget_max\" id=\"groups_widget_max\" value=\"10\" \/>\n\n\t\t\n\t\t<\/div><div class=\"clear\"><\/div><\/div><div class=\"clear\"><\/div><\/td>\n<\/tr>\n<\/tbody>\n<\/table>\n<p>&nbsp;<\/p>\n","protected":false},"excerpt":{"rendered":"<p>Bienvenue sur le r\u00e9seau social pour et par les acteurs de changement ! N&rsquo;h\u00e9sitez pas \u00e0 vous inscrire aux Groupes qui vous int\u00e9ressent. Pour communiquer entre membres, il est n\u00e9cessaire au pr\u00e9alable de devenir \u00ab\u00a0AMI\u00a0\u00bb. Pour acc\u00e9der \u00e0 un groupe priv\u00e9, proposez votre adh\u00e9sion, ou attendez l&rsquo;invitation. &nbsp;<\/p>\n","protected":false},"author":2,"featured_media":0,"parent":0,"menu_order":0,"comment_status":"closed","ping_status":"closed","template":"","meta":{"_bbp_topic_count":0,"_bbp_reply_count":0,"_bbp_total_topic_count":0,"_bbp_total_reply_count":0,"_bbp_voice_count":0,"_bbp_anonymous_reply_count":0,"_bbp_topic_count_hidden":0,"_bbp_reply_count_hidden":0,"_bbp_forum_subforum_count":0,"footnotes":""},"_links":{"self":[{"href":"http:\/\/www.missterre.org\/blog\/wp-json\/wp\/v2\/pages\/5"}],"collection":[{"href":"http:\/\/www.missterre.org\/blog\/wp-json\/wp\/v2\/pages"}],"about":[{"href":"http:\/\/www.missterre.org\/blog\/wp-json\/wp\/v2\/types\/page"}],"author":[{"embeddable":true,"href":"http:\/\/www.missterre.org\/blog\/wp-json\/wp\/v2\/users\/2"}],"replies":[{"embeddable":true,"href":"http:\/\/www.missterre.org\/blog\/wp-json\/wp\/v2\/comments?post=5"}],"version-history":[{"count":0,"href":"http:\/\/www.missterre.org\/blog\/wp-json\/wp\/v2\/pages\/5\/revisions"}],"wp:attachment":[{"href":"http:\/\/www.missterre.org\/blog\/wp-json\/wp\/v2\/media?parent=5"}],"curies":[{"name":"wp","href":"https:\/\/api.w.org\/{rel}","templated":true}]}}