{"id":3593,"date":"2012-04-21T14:45:06","date_gmt":"2012-04-21T12:45:06","guid":{"rendered":"http:\/\/www.missterre.org\/blog\/?page_id=3593"},"modified":"2016-09-28T15:03:14","modified_gmt":"2016-09-28T13:03:14","slug":"rechercher-un-besoin","status":"publish","type":"page","link":"http:\/\/www.missterre.org\/blog\/rechercher-un-besoin\/","title":{"rendered":"De quoi t&rsquo;as besoin?"},"content":{"rendered":"<p style=\"text-align: center;\">\u00a0\"Rechercher\" en haut \u00e0 droite du site devrait se trouver accessible dans une page car ce module est le moteur de la recherche individuelle pour trouver les membres, groupes, annonces, articles et blogs en r\u00e9f\u00e9rence avec un mot cl\u00e9f. en attendant il suffit de suive la fl\u00e8che<\/p>\n<p style=\"text-align: center;\"><a class=\"Thickbox\" href=\"http:\/\/www.missterre.org\/blog\/wp-content\/uploads\/2012\/04\/search.jpg\"><img loading=\"lazy\" decoding=\"async\" class=\"wp-image-3839 aligncenter\" style=\"border: 1px solid black;\" src=\"http:\/\/www.missterre.org\/blog\/wp-content\/uploads\/2012\/04\/search.jpg\" alt=\"\" width=\"542\" height=\"201\" srcset=\"http:\/\/www.missterre.org\/blog\/wp-content\/uploads\/2012\/04\/search.jpg 1018w, http:\/\/www.missterre.org\/blog\/wp-content\/uploads\/2012\/04\/search-300x111.jpg 300w\" sizes=\"(max-width: 542px) 100vw, 542px\" \/><\/a><\/p>\n<p style=\"text-align: left;\">\n","protected":false},"excerpt":{"rendered":"<p>\u00a0\u00ab\u00a0Rechercher\u00a0\u00bb en haut \u00e0 droite du site devrait se trouver accessible dans une page car ce module est le moteur de la recherche individuelle pour trouver les membres, groupes, annonces, articles et blogs en r\u00e9f\u00e9rence avec un mot cl\u00e9f. en attendant il suffit de suive la fl\u00e8che<\/p>\n","protected":false},"author":4,"featured_media":4099,"parent":0,"menu_order":100,"comment_status":"closed","ping_status":"closed","template":"","meta":{"_bbp_topic_count":0,"_bbp_reply_count":0,"_bbp_total_topic_count":0,"_bbp_total_reply_count":0,"_bbp_voice_count":0,"_bbp_anonymous_reply_count":0,"_bbp_topic_count_hidden":0,"_bbp_reply_count_hidden":0,"_bbp_forum_subforum_count":0,"footnotes":""},"_links":{"self":[{"href":"http:\/\/www.missterre.org\/blog\/wp-json\/wp\/v2\/pages\/3593"}],"collection":[{"href":"http:\/\/www.missterre.org\/blog\/wp-json\/wp\/v2\/pages"}],"about":[{"href":"http:\/\/www.missterre.org\/blog\/wp-json\/wp\/v2\/types\/page"}],"author":[{"embeddable":true,"href":"http:\/\/www.missterre.org\/blog\/wp-json\/wp\/v2\/users\/4"}],"replies":[{"embeddable":true,"href":"http:\/\/www.missterre.org\/blog\/wp-json\/wp\/v2\/comments?post=3593"}],"version-history":[{"count":1,"href":"http:\/\/www.missterre.org\/blog\/wp-json\/wp\/v2\/pages\/3593\/revisions"}],"predecessor-version":[{"id":6218,"href":"http:\/\/www.missterre.org\/blog\/wp-json\/wp\/v2\/pages\/3593\/revisions\/6218"}],"wp:featuredmedia":[{"embeddable":true,"href":"http:\/\/www.missterre.org\/blog\/wp-json\/wp\/v2\/media\/4099"}],"wp:attachment":[{"href":"http:\/\/www.missterre.org\/blog\/wp-json\/wp\/v2\/media?parent=3593"}],"curies":[{"name":"wp","href":"https:\/\/api.w.org\/{rel}","templated":true}]}}