{"id":1439,"date":"2011-01-05T21:05:51","date_gmt":"2011-01-05T20:05:51","guid":{"rendered":"http:\/\/www.missterre.org\/blog\/?page_id=1439"},"modified":"2015-04-20T09:21:53","modified_gmt":"2015-04-20T07:21:53","slug":"un-blog-a-proposer","status":"publish","type":"page","link":"http:\/\/www.missterre.org\/blog\/citizen-explorer\/un-blog-a-proposer\/","title":{"rendered":"Un projet \u00e0 proposer ?"},"content":{"rendered":"<h2><sup>\u00a0Pr\u00e9sentez-nous ici votre projet,\u00a0 liant la satisfaction de vos besoins ou de votre entreprise, et l\u2019harmonie n\u00e9cessaire pour vivre mieux ensemble \u2026Merci de remplir le formulaire ci dessous; ensuite ...On s\u2019appelle ?\u00a0 :<\/sup><\/h2>\n<h2><sup>A bient\u00f4t<\/sup><\/h2>\n<div role=\"form\" class=\"wpcf7\" id=\"wpcf7-f1862-o1\" dir=\"ltr\">\n<div class=\"screen-reader-response\"><p role=\"status\" aria-live=\"polite\" aria-atomic=\"true\"><\/p> <ul><\/ul><\/div>\n<form action=\"\/blog\/wp-json\/wp\/v2\/pages\/1439#wpcf7-f1862-o1\" method=\"post\" class=\"wpcf7-form init\" novalidate=\"novalidate\" data-status=\"init\">\n<div style=\"display: none;\">\n<input type=\"hidden\" name=\"_wpcf7\" value=\"1862\" \/>\n<input type=\"hidden\" name=\"_wpcf7_version\" value=\"5.5.6.1\" \/>\n<input type=\"hidden\" name=\"_wpcf7_locale\" value=\"\" \/>\n<input type=\"hidden\" name=\"_wpcf7_unit_tag\" value=\"wpcf7-f1862-o1\" \/>\n<input type=\"hidden\" name=\"_wpcf7_container_post\" value=\"0\" \/>\n<input type=\"hidden\" name=\"_wpcf7_posted_data_hash\" value=\"\" \/>\n<\/div>\n<p>Votre nom et pr\u00e9nom (obligatoire)<br \/>\n    <span class=\"wpcf7-form-control-wrap nom\"><input type=\"text\" name=\"nom\" value=\"\" size=\"40\" class=\"wpcf7-form-control wpcf7-text wpcf7-validates-as-required\" aria-required=\"true\" aria-invalid=\"false\" \/><\/span> <\/p>\n<p>Votre email (obligatoire)<br \/>\n    <span class=\"wpcf7-form-control-wrap email\"><input type=\"email\" name=\"email\" value=\"\" size=\"40\" class=\"wpcf7-form-control wpcf7-text wpcf7-email wpcf7-validates-as-required wpcf7-validates-as-email\" aria-required=\"true\" aria-invalid=\"false\" \/><\/span> <\/p>\n<p>Votre t\u00e9l\u00e9phone <br \/><span class=\"wpcf7-form-control-wrap tel\"><input type=\"text\" name=\"tel\" value=\"\" size=\"13\" maxlength=\"13\" class=\"wpcf7-form-control wpcf7-text\" aria-invalid=\"false\" \/><\/span> <\/p>\n<p>Votre adresse <br \/><span class=\"wpcf7-form-control-wrap Adresse\"><textarea name=\"Adresse\" cols=\"40\" rows=\"2\" class=\"wpcf7-form-control wpcf7-textarea\" aria-invalid=\"false\"><\/textarea><\/span> <\/p>\n<p>Code Postal <br \/><span class=\"wpcf7-form-control-wrap cp\"><input type=\"text\" name=\"cp\" value=\"\" size=\"5\" maxlength=\"5\" class=\"wpcf7-form-control wpcf7-text\" aria-invalid=\"false\" \/><\/span><\/p>\n<p>Ville <br \/><span class=\"wpcf7-form-control-wrap ville\"><input type=\"text\" name=\"ville\" value=\"\" size=\"40\" class=\"wpcf7-form-control wpcf7-text\" aria-invalid=\"false\" \/><\/span><\/p>\n<p>Adresse du blog (obligatoire)<br \/><span class=\"wpcf7-form-control-wrap sujet\"><input type=\"text\" name=\"sujet\" value=\"\" size=\"40\" class=\"wpcf7-form-control wpcf7-text wpcf7-validates-as-required\" aria-required=\"true\" aria-invalid=\"false\" \/><\/span> <\/p>\n<p>Votre message<br \/><span class=\"wpcf7-form-control-wrap message\"><textarea name=\"message\" cols=\"40\" rows=\"10\" class=\"wpcf7-form-control wpcf7-textarea\" aria-invalid=\"false\"><\/textarea><\/span> <\/p>\n<p>Merci de recopier ce code (obligatoire)<br \/>\n<input type=\"hidden\" name=\"_wpcf7_captcha_challenge_captcha-72\" value=\"0\" \/><img loading=\"lazy\" decoding=\"async\" class=\"wpcf7-form-control wpcf7-captchac wpcf7-captcha-captcha-72\" width=\"72\" height=\"24\" alt=\"captcha\" src=\"http:\/\/www.missterre.org\/blog\/wp-content\/uploads\/wpcf7_captcha\/0.png\" \/><br \/>\n<span class=\"wpcf7-form-control-wrap captcha-72\"><input type=\"text\" name=\"captcha-72\" value=\"\" size=\"40\" class=\"wpcf7-form-control wpcf7-captchar\" autocomplete=\"off\" aria-invalid=\"false\" \/><\/span><\/p>\n<p><input type=\"submit\" value=\"Envoyer\" class=\"wpcf7-form-control has-spinner wpcf7-submit\" \/><\/p>\n<p style=\"display: none !important;\"><label>&#916;<textarea name=\"_wpcf7_ak_hp_textarea\" cols=\"45\" rows=\"8\" maxlength=\"100\"><\/textarea><\/label><input type=\"hidden\" id=\"ak_js_1\" name=\"_wpcf7_ak_js\" value=\"158\"\/><script>document.getElementById( \"ak_js_1\" ).setAttribute( \"value\", ( new Date() ).getTime() );<\/script><\/p><div class=\"wpcf7-response-output\" aria-hidden=\"true\"><\/div><\/form><\/div>\n<p style=\"text-align: justify;\"><span style=\"color: #000000;\">L'\u00a0 \u00ab\u00a0exploration citoyenne\u00a0\u00bb consiste \u00e0 r\u00e9unir les acteurs sociaux (publics et\/ou d\u2019initiative priv\u00e9e) par domaine d\u2019activit\u00e9 sur une m\u00eame plate-forme de collaboration (un site internet satellite du r\u00e9seau social) afin de cr\u00e9er des synergies, partager des donn\u00e9es, trouver et cr\u00e9er du lien. Ces projets d'exploration citoyenne sont coordonn\u00e9s par un \u00ab\u00a0explorateur citoyen\u00a0\u00bb, partenaire du projet.<\/span><\/p>\n<p style=\"text-align: justify;\">\u00a0<span style=\"color: #000000;\">Les membres de ces blogs et sites b\u00e9n\u00e9ficient du support du r\u00e9seau par un lien direct, \u00e0 la bourse d'\u00e9changes, aux annonces (AdsolidAir) et b\u00e9n\u00e9ficient de leur propre r\u00e9seau social, priv\u00e9, ou public, avec forums, mur individuel, et de toutes les activit\u00e9s avec autant de sous-groupes que n\u00e9cessaire.<\/span><\/p>\n<p style=\"text-align: justify;\">\u00a0Pr\u00e9sentez-nous votre projet,\u00a0 liant la satisfaction de vos besoins ou de votre entreprise, et l'harmonie n\u00e9cessaire au partage des ressources ...<\/p>\n<p style=\"text-align: justify;\">Pour plus d'information ... rencontrons-nous; merci de remplir le formulaire ci dessous :<\/p>\n<p style=\"text-align: justify;\">A bient\u00f4t<\/p>\n<p>&nbsp;<\/p>\n","protected":false},"excerpt":{"rendered":"<p>\u00a0Pr\u00e9sentez-nous ici votre projet,\u00a0 liant la satisfaction de vos besoins ou de votre entreprise, et l\u2019harmonie n\u00e9cessaire pour vivre mieux ensemble \u2026Merci de remplir le formulaire ci dessous; ensuite &#8230;On s\u2019appelle ?\u00a0 : A bient\u00f4t L&rsquo;\u00a0 \u00ab\u00a0exploration citoyenne\u00a0\u00bb consiste \u00e0 r\u00e9unir les acteurs sociaux (publics et\/ou d\u2019initiative priv\u00e9e) par domaine d\u2019activit\u00e9 sur une m\u00eame plate-forme [&hellip;]<\/p>\n","protected":false},"author":2,"featured_media":4285,"parent":5564,"menu_order":3,"comment_status":"closed","ping_status":"closed","template":"","meta":{"_bbp_topic_count":0,"_bbp_reply_count":0,"_bbp_total_topic_count":0,"_bbp_total_reply_count":0,"_bbp_voice_count":0,"_bbp_anonymous_reply_count":0,"_bbp_topic_count_hidden":0,"_bbp_reply_count_hidden":0,"_bbp_forum_subforum_count":0,"footnotes":""},"_links":{"self":[{"href":"http:\/\/www.missterre.org\/blog\/wp-json\/wp\/v2\/pages\/1439"}],"collection":[{"href":"http:\/\/www.missterre.org\/blog\/wp-json\/wp\/v2\/pages"}],"about":[{"href":"http:\/\/www.missterre.org\/blog\/wp-json\/wp\/v2\/types\/page"}],"author":[{"embeddable":true,"href":"http:\/\/www.missterre.org\/blog\/wp-json\/wp\/v2\/users\/2"}],"replies":[{"embeddable":true,"href":"http:\/\/www.missterre.org\/blog\/wp-json\/wp\/v2\/comments?post=1439"}],"version-history":[{"count":0,"href":"http:\/\/www.missterre.org\/blog\/wp-json\/wp\/v2\/pages\/1439\/revisions"}],"up":[{"embeddable":true,"href":"http:\/\/www.missterre.org\/blog\/wp-json\/wp\/v2\/pages\/5564"}],"wp:featuredmedia":[{"embeddable":true,"href":"http:\/\/www.missterre.org\/blog\/wp-json\/wp\/v2\/media\/4285"}],"wp:attachment":[{"href":"http:\/\/www.missterre.org\/blog\/wp-json\/wp\/v2\/media?parent=1439"}],"curies":[{"name":"wp","href":"https:\/\/api.w.org\/{rel}","templated":true}]}}