{"id":175,"date":"2008-07-07T04:26:14","date_gmt":"2008-07-07T03:26:14","guid":{"rendered":"http:\/\/www.missterre.org\/blog\/konta\/?page_id=175"},"modified":"2012-01-12T14:27:01","modified_gmt":"2012-01-12T13:27:01","slug":"accueil","status":"publish","type":"page","link":"http:\/\/www.missterre.org\/blog\/konta\/","title":{"rendered":"Une rencontre"},"content":{"rendered":"<h2 style=\"text-align: center;\"><span style=\"color: #000000; font-size: small;\">Konta, un voyageur &#8230; <em>autrement<\/em><\/span><\/h2>\n<p style=\"text-align: center;\" align=\"center\"><span style=\"font-size: small; color: #000000;\">Nous avons rencontr\u00e9 Konta \u00e0 Melilla, petite enclave espagnole au Maroc.<\/span><br \/> <span style=\"font-size: small; color: #000000;\"> Konta a fait un long, tr\u00e8s long voyage et a v\u00e9cu de vraies aventures.<\/span><br \/> <span style=\"font-size: small; color: #000000;\"> Pas de celles que l&rsquo;on planifie pour se donner des frissons, mais de celles<\/span><br \/> <span style=\"font-size: small; color: #000000;\"> qu\u2019on n\u2019entreprend que parce qu\u2019on n\u2019a pas le choix.<\/span><\/p>\n<p align=\"center\"><span style=\"font-size: small; color: #000000;\"><a class=\"thickbox\" href=\"http:\/\/www.missterre.org\/blog\/konta\/wp-content\/blogs.dir\/5\/files\/2008\/07\/konta.jpg\"><img loading=\"lazy\" decoding=\"async\" class=\"alignleft size-full wp-image-216\" style=\"border: 1px solid black;\" src=\"http:\/\/www.missterre.org\/blog\/konta\/wp-content\/blogs.dir\/5\/files\/2008\/07\/konta.jpg\" alt=\"\" width=\"256\" height=\"192\" \/><\/a><\/span><\/p>\n<p style=\"text-align: center;\" align=\"center\"><span style=\"color: #000000; font-size: small;\">Angoisse, souffrance, trahison, d\u00e9sespoir<br \/> ne sont que quelques-uns des sentiments qu\u2019\u00e9voquent son r\u00e9cit.<\/span><\/p>\n<p style=\"text-align: center;\"><span style=\"font-size: small; color: #000000;\">On peut dire qu\u2019il a fr\u00f4l\u00e9 la lie humaine.<br \/> Et pourtant, il reste tout digne, tout doux, et l&rsquo;espoir est toujours l\u00e0.<\/span><\/p>\n<p style=\"text-align: center;\"><span style=\"color: #000000; font-size: small;\">Alors on lui a propos\u00e9 ce blog, car des id\u00e9es re\u00e7ues sur l\u2019immigration clandestine, on en a tous,<br \/> mais a-t-on souvent l\u2019occasion de parler d\u2019\u00e9gal \u00e0 \u00e9gal avec un jeune gars entreprenant?<\/span><\/p>\n<p style=\"text-align: center;\"><span style=\"color: #000000; font-size: small;\"><br \/> S\u2019il est venu jusqu\u2019ici, c\u2019est pour avoir droit \u00e0 sa part de bonheur, pour \u00e9chapper \u00e0 la fatalit\u00e9.<\/span><\/p>\n<p style=\"text-align: center;\"><span style=\"color: #000000; font-size: small;\">Il est aujourd\u2019hui administrativement coinc\u00e9 dans ce petit bout d\u2019Espagne,<\/span><br \/> <span style=\"color: #000000; font-size: small;\"> sans savoir ni quand, ni si il pourra partir.<\/span><br \/> <span style=\"color: #000000; font-size: small;\"> Et encore, sans savoir s\u2019il s\u2019agira d\u2019une expulsion ou d\u2019un laisser-passer\u2026<\/span><\/p>\n<p style=\"text-align: center;\" align=\"center\"><span style=\"font-size: small; color: #000000;\">Lisez-le, regardez ses photos et surtout interagissez avec lui,<br \/> c\u2019est la seule fa\u00e7on pour lui aujourd\u2019hui d\u2019exister<br \/> en dehors du C.E.T.I.,centre d\u2019h\u00e9bergement temporaire pour \u00e9trangers.<\/span><\/p>\n<p style=\"text-align: center;\"><span style=\"font-size: small; color: #000000;\">Et \u00e7a ne peut pas faire de mal de s\u2019ouvrir un peu les yeux et l\u2019esprit\u2026c&rsquo;est du plaisir responsable !<\/span><\/p>\n<p style=\"text-align: right;\" align=\"center\"><span style=\"color: #000000; font-size: small;\"><strong>Diane &amp; Igor sur Miss Terre, Melilla, juillet 2008<\/strong><\/span><\/p>\n<p style=\"text-align: center;\" align=\"center\"><span style=\"font-size: small; color: #000000;\">Aidez Konta \u00e0 acheter un appareil photo !<br \/> Les photos de ce blog ont \u00e9t\u00e9 prises avec un appareil photo pr\u00eat\u00e9.<br \/> S&rsquo;il poss\u00e8de le sien, il pourra continuer \u00e0 vous faire partager son point de vue sur le monde !<br \/> Mais ne faites un don que si cela vous fait plaisir !<\/span><\/p>\n<form action=\"https:\/\/www.paypal.com\/cgi-bin\/webscr\" method=\"post\"><span style=\"font-size: small;\"><br \/> <\/span><\/form>\n<p style=\"text-align: right;\" align=\"center\"><input type=\"hidden\" name=\"cmd\" value=\"_s-xclick\" \/><\/p>\n<p style=\"text-align: right;\" align=\"center\"><input type=\"image\" name=\"submit\" src=\"https:\/\/www.paypal.com\/fr_FR\/BE\/i\/btn\/btn_donate_SM.gif\" alt=\"PayPal - The safer, easier way to pay online!\" \/> <img loading=\"lazy\" decoding=\"async\" class=\"aligncenter\" src=\"https:\/\/www.paypal.com\/fr_FR\/i\/scr\/pixel.gif\" alt=\"\" width=\"1\" height=\"1\" border=\"0\" \/><\/p>\n<p align=\"center\"><input type=\"hidden\" name=\"encrypted\" value=\"-----BEGIN PKCS7-----MIIHZwYJKoZIhvcNAQcEoIIHWDCCB1QCAQExggEwMIIBLAIBADCBlDCBjjELMAkGA1UEBhMCVVMxCzAJBgNVBAgTAkNBMRYwFAYDVQQHEw1Nb3VudGFpbiBWaWV3MRQwEgYDVQQKEwtQYXlQYWwgSW5jLjETMBEGA1UECxQKbGl2ZV9jZXJ0czERMA8GA1UEAxQIbGl2ZV9hcGkxHDAaBgkqhkiG9w0BCQEWDXJlQHBheXBhbC5jb20CAQAwDQYJKoZIhvcNAQEBBQAEgYBET06XgKYZeO7WZvDZFnFepPiJT28hVnTMgERQFFQ3hzZ6UvlKyw2NtCbhMa\/i8tT0o31X2nu8\/Cbm2Az49ir8tAxDEzkVsb5i9751ExRIV5Nn5y5CsYXdT3pw2787azP48j66zCSgsOlbjjcHIGO1NpfdXc5\/X2NJ5yWnB4xhuTELMAkGBSsOAwIaBQAwgeQGCSqGSIb3DQEHATAUBggqhkiG9w0DBwQI2BZ\/I6udO6KAgcALiD2rx7uDozHLM3zrGbakZ2TiO1JiF3CsgvgXspRDAGxUDgPOr1TE29GiqeU4BKuQB82xwHHQyt0V+hBpB0VjruTkI5iX2FcOe4LLo6JRMpxWhJhMQ+te6phwooZkLKLey+dxUK06Mty5ytRXuxBha6NEMTC4uXYBewjYlVnbxOMjwKwUrv6BlXQheBYg5NZa5d5FwlgKMJctjpOzueE4GDXba33hfjR1AjhBFJZcrvFcjQCQkO6x7BpFiBbEF2SgggOHMIIDgzCCAuygAwIBAgIBADANBgkqhkiG9w0BAQUFADCBjjELMAkGA1UEBhMCVVMxCzAJBgNVBAgTAkNBMRYwFAYDVQQHEw1Nb3VudGFpbiBWaWV3MRQwEgYDVQQKEwtQYXlQYWwgSW5jLjETMBEGA1UECxQKbGl2ZV9jZXJ0czERMA8GA1UEAxQIbGl2ZV9hcGkxHDAaBgkqhkiG9w0BCQEWDXJlQHBheXBhbC5jb20wHhcNMDQwMjEzMTAxMzE1WhcNMzUwMjEzMTAxMzE1WjCBjjELMAkGA1UEBhMCVVMxCzAJBgNVBAgTAkNBMRYwFAYDVQQHEw1Nb3VudGFpbiBWaWV3MRQwEgYDVQQKEwtQYXlQYWwgSW5jLjETMBEGA1UECxQKbGl2ZV9jZXJ0czERMA8GA1UEAxQIbGl2ZV9hcGkxHDAaBgkqhkiG9w0BCQEWDXJlQHBheXBhbC5jb20wgZ8wDQYJKoZIhvcNAQEBBQADgY0AMIGJAoGBAMFHTt38RMxLXJyO2SmS+Ndl72T7oKJ4u4uw+6awntALWh03PewmIJuzbALScsTS4sZoS1fKciBGoh11gIfHzylvkdNe\/hJl66\/RGqrj5rFb08sAABNTzDTiqqNpJeBsYs\/c2aiGozptX2RlnBktH+SUNpAajW724Nv2Wvhif6sFAgMBAAGjge4wgeswHQYDVR0OBBYEFJaffLvGbxe9WT9S1wob7BDWZJRrMIG7BgNVHSMEgbMwgbCAFJaffLvGbxe9WT9S1wob7BDWZJRroYGUpIGRMIGOMQswCQYDVQQGEwJVUzELMAkGA1UECBMCQ0ExFjAUBgNVBAcTDU1vdW50YWluIFZpZXcxFDASBgNVBAoTC1BheVBhbCBJbmMuMRMwEQYDVQQLFApsaXZlX2NlcnRzMREwDwYDVQQDFAhsaXZlX2FwaTEcMBoGCSqGSIb3DQEJARYNcmVAcGF5cGFsLmNvbYIBADAMBgNVHRMEBTADAQH\/MA0GCSqGSIb3DQEBBQUAA4GBAIFfOlaagFrl71+jq6OKidbWFSE+Q4FqROvdgIONth+8kSK\/\/Y\/4ihuE4Ymvzn5ceE3S\/iBSQQMjyvb+s2TWbQYDwcp129OPIbD9epdr4tJOUNiSojw7BHwYRiPh58S1xGlFgHFXwrEBb3dgNbMUa+u4qectsMAXpVHnD9wIyfmHMYIBmjCCAZYCAQEwgZQwgY4xCzAJBgNVBAYTAlVTMQswCQYDVQQIEwJDQTEWMBQGA1UEBxMNTW91bnRhaW4gVmlldzEUMBIGA1UEChMLUGF5UGFsIEluYy4xEzARBgNVBAsUCmxpdmVfY2VydHMxETAPBgNVBAMUCGxpdmVfYXBpMRwwGgYJKoZIhvcNAQkBFg1yZUBwYXlwYWwuY29tAgEAMAkGBSsOAwIaBQCgXTAYBgkqhkiG9w0BCQMxCwYJKoZIhvcNAQcBMBwGCSqGSIb3DQEJBTEPFw0wODA3MjcxNDUzMjlaMCMGCSqGSIb3DQEJBDEWBBR7afXk5wK9mYcWHyRAw7xO7pV2wjANBgkqhkiG9w0BAQEFAASBgAYon8Ey25RdYSQ8Q2zecMnmvq1YJGlLb1YxQzNIdH6h4WLplX6Q5hbQzoa5xpx34w2lzVzC4l03UhCH7L\/x4VRC3poiVHFMFicqiyicVQGyWTptDQvSSXYDbNJgg7czWZyPI70AvgM4kVKqzOBuX1Yrs+a8PvUa2dep2RUI6ROM-----END PKCS7-----\" \/><\/p>\n","protected":false},"excerpt":{"rendered":"<p>Konta, un voyageur &#8230; autrement Nous avons rencontr\u00e9 Konta \u00e0 Melilla, petite enclave espagnole au Maroc. Konta a fait un long, tr\u00e8s long voyage et a v\u00e9cu de vraies aventures. Pas de celles que l&rsquo;on planifie pour se donner des frissons, mais de celles qu\u2019on n\u2019entreprend que parce qu\u2019on n\u2019a pas le choix. Angoisse, souffrance, <a class=\"read-more-link\" href=\"http:\/\/www.missterre.org\/blog\/konta\/\"><br \/>&#8230;read more<\/a><\/p>\n","protected":false},"author":2,"featured_media":0,"parent":0,"menu_order":0,"comment_status":"closed","ping_status":"open","template":"tagcloud.php","meta":{"footnotes":""},"_links":{"self":[{"href":"http:\/\/www.missterre.org\/blog\/konta\/index.php?rest_route=\/wp\/v2\/pages\/175"}],"collection":[{"href":"http:\/\/www.missterre.org\/blog\/konta\/index.php?rest_route=\/wp\/v2\/pages"}],"about":[{"href":"http:\/\/www.missterre.org\/blog\/konta\/index.php?rest_route=\/wp\/v2\/types\/page"}],"author":[{"embeddable":true,"href":"http:\/\/www.missterre.org\/blog\/konta\/index.php?rest_route=\/wp\/v2\/users\/2"}],"replies":[{"embeddable":true,"href":"http:\/\/www.missterre.org\/blog\/konta\/index.php?rest_route=%2Fwp%2Fv2%2Fcomments&post=175"}],"version-history":[{"count":0,"href":"http:\/\/www.missterre.org\/blog\/konta\/index.php?rest_route=\/wp\/v2\/pages\/175\/revisions"}],"wp:attachment":[{"href":"http:\/\/www.missterre.org\/blog\/konta\/index.php?rest_route=%2Fwp%2Fv2%2Fmedia&parent=175"}],"curies":[{"name":"wp","href":"https:\/\/api.w.org\/{rel}","templated":true}]}}