{"id":456,"date":"2016-05-19T18:14:16","date_gmt":"2016-05-19T17:14:16","guid":{"rendered":"http:\/\/www.missterre.org\/blog\/immosolidair\/?page_id=456"},"modified":"2016-05-20T14:15:35","modified_gmt":"2016-05-20T13:15:35","slug":"devenir-membre-explication","status":"publish","type":"page","link":"http:\/\/www.missterre.org\/blog\/immosolidair\/?page_id=456","title":{"rendered":"Devenir membre"},"content":{"rendered":"<h5 lang=\"fr-FR\" align=\"center\">POUR COMMUNIQUER, AVOIR DES AMIS, CONSTRUIRE, PARTAGER IL FAUT VOUS INSCRIRE DANS LE GROUPE D' INT\u00c9R\u00caT DE VOTRE CHOIX DANS LE R\u00c9SEAU MISSTERRE.ORG<\/h5>\n<h5>Le groupe\u00a0 ImmoSolidair est public et concerne la solidarit\u00e9 immobili\u00e8re en g\u00e9n\u00e9ral\u00a0 et le groupe Human's Land, priv\u00e9, concerne la participation de la r\u00e9sidence et d'un syst\u00e8me d'\u00e9change et d'entraide dans le quartier de Berchem-St-Agathe<\/h5>\n<h2 style=\"text-align: center;\"><a href=\"http:\/\/www.missterre.org\/blog\/inscription\/\" target=\"_blank\">Inscription : ici\u00a0<\/a><\/h2>\n<p>&nbsp;<\/p>\n<h2 style=\"text-align: center;\"><\/h2>\n","protected":false},"excerpt":{"rendered":"<p>POUR COMMUNIQUER, AVOIR DES AMIS, CONSTRUIRE, PARTAGER IL FAUT VOUS INSCRIRE DANS LE GROUPE D&rsquo; INT\u00c9R\u00caT DE VOTRE CHOIX DANS LE R\u00c9SEAU MISSTERRE.ORG Le groupe\u00a0 ImmoSolidair est public et concerne la solidarit\u00e9 immobili\u00e8re en g\u00e9n\u00e9ral\u00a0 et le groupe Human&rsquo;s Land, priv\u00e9, concerne la participation de la r\u00e9sidence et d&rsquo;un syst\u00e8me d&rsquo;\u00e9change et d&rsquo;entraide dans le [&hellip;]<\/p>\n","protected":false},"author":2,"featured_media":0,"parent":0,"menu_order":0,"comment_status":"closed","ping_status":"closed","template":"","meta":{"footnotes":""},"_links":{"self":[{"href":"http:\/\/www.missterre.org\/blog\/immosolidair\/index.php?rest_route=\/wp\/v2\/pages\/456"}],"collection":[{"href":"http:\/\/www.missterre.org\/blog\/immosolidair\/index.php?rest_route=\/wp\/v2\/pages"}],"about":[{"href":"http:\/\/www.missterre.org\/blog\/immosolidair\/index.php?rest_route=\/wp\/v2\/types\/page"}],"author":[{"embeddable":true,"href":"http:\/\/www.missterre.org\/blog\/immosolidair\/index.php?rest_route=\/wp\/v2\/users\/2"}],"replies":[{"embeddable":true,"href":"http:\/\/www.missterre.org\/blog\/immosolidair\/index.php?rest_route=%2Fwp%2Fv2%2Fcomments&post=456"}],"version-history":[{"count":14,"href":"http:\/\/www.missterre.org\/blog\/immosolidair\/index.php?rest_route=\/wp\/v2\/pages\/456\/revisions"}],"predecessor-version":[{"id":511,"href":"http:\/\/www.missterre.org\/blog\/immosolidair\/index.php?rest_route=\/wp\/v2\/pages\/456\/revisions\/511"}],"wp:attachment":[{"href":"http:\/\/www.missterre.org\/blog\/immosolidair\/index.php?rest_route=%2Fwp%2Fv2%2Fmedia&parent=456"}],"curies":[{"name":"wp","href":"https:\/\/api.w.org\/{rel}","templated":true}]}}