{"id":451,"date":"2016-05-19T17:11:57","date_gmt":"2016-05-19T16:11:57","guid":{"rendered":"http:\/\/www.missterre.org\/blog\/immosolidair\/?page_id=451"},"modified":"2018-12-19T16:21:50","modified_gmt":"2018-12-19T15:21:50","slug":"desamorcer-les-conflits-2","status":"publish","type":"page","link":"http:\/\/www.missterre.org\/blog\/immosolidair\/?page_id=451","title":{"rendered":"D\u00e9samorcer les conflits"},"content":{"rendered":"<h5 style=\"text-align: justify;\">D\u00e9samor\u00e7age des conflits d\u2019int\u00e9r\u00eat individuels pour une gestion souple de la d\u00e9fense de l\u2019int\u00e9r\u00eat commun\u00a0 dans le respect du r\u00f4le de chacun pour la collectivit\u00e9.\u00a0 Celui-ci se structure en trois temps \u00a0:<\/h5>\n<p><span style=\"color: #ff9900;\">1) Respect des \u00e9l\u00e9ments contractuels<br \/>\n<\/span><br \/>\n<span style=\"color: #ff9900;\">2) M\u00e9diation interne\u00a0:<\/span> les parties marquent contractuellement (bail ou droit d'usage) leur volont\u00e9 commune de r\u00e9gler rapidement et via une proc\u00e9dure simple tout conflit susceptible de surgir entre elles. En cons\u00e9quence, tout diff\u00e9rend relatif au respect des \u00e9l\u00e9ments contractuels et toutes ses suites seront r\u00e9solus par l'interm\u00e9diaire du m\u00e9diateur de l'ABPS ImmoSolidair. Les parties marquent leur accord de principe sur l'acceptation des solutions d\u00e9gag\u00e9es par ce m\u00e9diateur.<\/p>\n<p><span style=\"color: #ff9900;\">3) Arbitrage juridique\u00a0:<\/span> via d\u00e9claration entendue des parties le juriste-mediateur interne de l'association r\u00e9dige un rapport de \"conciliation\" qui sera transmis au juge en cas du non respect des solutions d\u00e9gag\u00e9es par celui ci.<br \/>\nD\u2019o\u00f9\u00a0:<br \/>\nEn cas de d\u00e9saccord les conditions du bail participatif sont r\u00e9voqu\u00e9es aux conditions l\u00e9gales et renvoy\u00e9es en justice. Il s'ensuit \u00e9galement l'exclusion de fait du\/des membres de l'association par dissolution de l\u2019int\u00e9r\u00eat commun.<br \/>\nL\u2019int\u00e9r\u00eat d'une telle proc\u00e9dure est double\u00a0:<br \/>\n- La gestion de l\u2019int\u00e9r\u00eat commun offre le retour b\u00e9n\u00e9ficiaire par circularit\u00e9 ( ce que l'on donne nous revient autrement par la cr\u00e9ation de biens et services communs )<br \/>\n- Le gain de temps en justice, car la r\u00e9solution du litige pr\u00e9sent\u00e9e par le m\u00e9diateur juriste facilite le travail du juge.<\/p>\n","protected":false},"excerpt":{"rendered":"<p>D\u00e9samor\u00e7age des conflits d\u2019int\u00e9r\u00eat individuels pour une gestion souple de la d\u00e9fense de l\u2019int\u00e9r\u00eat commun\u00a0 dans le respect du r\u00f4le de chacun pour la collectivit\u00e9.\u00a0 Celui-ci se structure en trois temps \u00a0: 1) Respect des \u00e9l\u00e9ments contractuels 2) M\u00e9diation interne\u00a0: les parties marquent contractuellement (bail ou droit d&rsquo;usage) leur volont\u00e9 commune de r\u00e9gler rapidement et [&hellip;]<\/p>\n","protected":false},"author":2,"featured_media":0,"parent":0,"menu_order":0,"comment_status":"closed","ping_status":"closed","template":"","meta":{"footnotes":""},"_links":{"self":[{"href":"http:\/\/www.missterre.org\/blog\/immosolidair\/index.php?rest_route=\/wp\/v2\/pages\/451"}],"collection":[{"href":"http:\/\/www.missterre.org\/blog\/immosolidair\/index.php?rest_route=\/wp\/v2\/pages"}],"about":[{"href":"http:\/\/www.missterre.org\/blog\/immosolidair\/index.php?rest_route=\/wp\/v2\/types\/page"}],"author":[{"embeddable":true,"href":"http:\/\/www.missterre.org\/blog\/immosolidair\/index.php?rest_route=\/wp\/v2\/users\/2"}],"replies":[{"embeddable":true,"href":"http:\/\/www.missterre.org\/blog\/immosolidair\/index.php?rest_route=%2Fwp%2Fv2%2Fcomments&post=451"}],"version-history":[{"count":7,"href":"http:\/\/www.missterre.org\/blog\/immosolidair\/index.php?rest_route=\/wp\/v2\/pages\/451\/revisions"}],"predecessor-version":[{"id":1112,"href":"http:\/\/www.missterre.org\/blog\/immosolidair\/index.php?rest_route=\/wp\/v2\/pages\/451\/revisions\/1112"}],"wp:attachment":[{"href":"http:\/\/www.missterre.org\/blog\/immosolidair\/index.php?rest_route=%2Fwp%2Fv2%2Fmedia&parent=451"}],"curies":[{"name":"wp","href":"https:\/\/api.w.org\/{rel}","templated":true}]}}