{"id":194,"date":"2016-05-06T11:45:08","date_gmt":"2016-05-06T10:45:08","guid":{"rendered":"http:\/\/www.missterre.org\/blog\/immosolidair\/?page_id=194"},"modified":"2018-12-21T13:13:36","modified_gmt":"2018-12-21T12:13:36","slug":"les-explos","status":"publish","type":"page","link":"http:\/\/www.missterre.org\/blog\/immosolidair\/?page_id=194","title":{"rendered":"Les Explos"},"content":{"rendered":"<p>L'exploration citoyenne d'ImmoSolidair a pour objet de d\u00e9couvrir des gens et leurs id\u00e9es, les rencontrer, pour apprendre d'eux ce qu'ils font, puis ensemble apprendre \u00e0 passer du \"partage\" de toutes ces ressources,\u00a0 \u00e0 l'entraide pour soutenir ensemble le m\u00eame projet commun :<\/p>\n<p><strong>Utiliser nos maisons pour apprendre \u00e0 y vivre ( mieux ) ensemble.<\/strong><\/p>\n<p>L'exploration commence autour de l'entretien, de la maintenance, de la gestion et de la cohabitation. Vaste programme !<\/p>\n<p>L'ensemble des acteurs seront pr\u00e9sent\u00e9s ici dans les articles au fil de nos rencontres. Nous esp\u00e9rons ensuite pouvoir les pr\u00e9senter dans \"\u00c9quipe\" afin que le projet ImmoSolidair repr\u00e9sente r\u00e9ellement un syst\u00e8me<\/p>\n<p align=\"center\"><span style=\"color: #b2b2b2\"><span style=\"font-family: Purisa\"><span style=\"font-size: x-large\">Pour explorer ensemble le monde autrement<\/span><\/span><\/span><\/p>\n<p align=\"center\"><span style=\"color: #000000\"><span style=\"font-family: Verdana\"><span style=\"font-size: x-large\">U<\/span><\/span><\/span><span style=\"color: #000000\"><span style=\"font-family: Verdana\"><span style=\"font-size: x-large\">n r\u00e9seau web d'entraide citoyen organis\u00e9 par groupes d\u2019int\u00e9r\u00eats communs, pour mettre la solidarit\u00e9<\/span><\/span><\/span><span style=\"color: #ff9900\"><span style=\"font-family: Verdana\"><span style=\"font-size: x-large\">*<\/span><\/span><\/span><span style=\"color: #000000\"><span style=\"font-family: Verdana\"><span style=\"font-size: x-large\"> au service d'un humanitaire<\/span><\/span><\/span><span style=\"color: #ff9900\"><span style=\"font-family: Verdana\"><span style=\"font-size: x-large\">*<\/span><\/span><\/span><span style=\"color: #000000\"><span style=\"font-family: Verdana\"><span style=\"font-size: x-large\"> au quotidien!<\/span><\/span><\/span><\/p>\n<table class=\"aligncenter\" style=\"height: 333px;width: 629px\" border=\"1\" width=\"631\" cellspacing=\"0\" cellpadding=\"4\">\n<caption>\u00a0<\/caption>\n<colgroup>\n<col width=\"633\" \/> <\/colgroup>\n<tbody>\n<tr style=\"height: 300px\">\n<td style=\"height: 300px;width: 617px\" valign=\"top\">\n<p align=\"left\"><span style=\"color: #333333\"><span style=\"font-family: Verdana\"><span style=\"font-size: large\">Si nous voulons transformer notre monde et la civilisation essentiellement marchande, il faudra aussi transformer les objectifs humanitaires.<\/span><\/span><\/span><\/p>\n<p align=\"left\"><span style=\"color: #ff9900\"><span style=\"font-family: Verdana\"><span style=\"font-size: large\">*<\/span><\/span><\/span><span style=\"color: #333333\"><span style=\"font-family: Verdana\"><span style=\"font-size: large\">Solidarit\u00e9\u00a0: Relation entre personnes unies par un sentiment de communaut\u00e9 d\u2019int\u00e9r\u00eats qui les pousse \u00e0 se porter aide mutuelle.<\/span><\/span><\/span><\/p>\n<p align=\"left\"><span style=\"color: #ff9900\"><span style=\"font-family: Verdana\"><span style=\"font-size: large\">*<\/span><\/span><\/span><span style=\"color: #333333\"><span style=\"font-family: Verdana\"><span style=\"font-size: large\">humanitaire\u00a0: Qui vise au bien de l'humanit\u00e9 (l'ensemble des \u00eatres humains).<\/span><\/span><\/span><\/p>\n<p align=\"left\"><span style=\"color: #333333\"><span style=\"font-family: Verdana\"><span style=\"font-size: large\">Source dictionnaire\u00a0: Antidote druide<\/span><\/span><\/span><span style=\"color: #000000\"><span style=\"font-family: Verdana\"><span style=\"font-size: medium\"> informatique<\/span><\/span><\/span><span style=\"color: #333333\"><span style=\"font-family: Verdana\"><span style=\"font-size: large\"> HD<\/span><\/span><\/span><span style=\"color: #000000\"><span style=\"font-family: Verdana\"><span style=\"font-size: medium\"> 2011<\/span><\/span><\/span><\/p>\n<\/td>\n<\/tr>\n<\/tbody>\n<\/table>\n<p>4 themes<\/p>\n<table>\n<tbody>\n<tr>\n<td>1<\/td>\n<td>2<\/td>\n<\/tr>\n<tr>\n<td>3<\/td>\n<td>4<\/td>\n<\/tr>\n<\/tbody>\n<\/table>\n","protected":false},"excerpt":{"rendered":"<p>L&rsquo;exploration citoyenne d&rsquo;ImmoSolidair a pour objet de d\u00e9couvrir des gens et leurs id\u00e9es, les rencontrer, pour apprendre d&rsquo;eux ce qu&rsquo;ils font, puis ensemble apprendre \u00e0 passer du \u00ab\u00a0partage\u00a0\u00bb de toutes ces ressources,\u00a0 \u00e0 l&rsquo;entraide pour soutenir ensemble le m\u00eame projet commun : Utiliser nos maisons pour apprendre \u00e0 y vivre ( mieux ) ensemble. L&rsquo;exploration [&hellip;]<\/p>\n","protected":false},"author":4,"featured_media":0,"parent":0,"menu_order":0,"comment_status":"closed","ping_status":"closed","template":"","meta":{"footnotes":""},"_links":{"self":[{"href":"http:\/\/www.missterre.org\/blog\/immosolidair\/index.php?rest_route=\/wp\/v2\/pages\/194"}],"collection":[{"href":"http:\/\/www.missterre.org\/blog\/immosolidair\/index.php?rest_route=\/wp\/v2\/pages"}],"about":[{"href":"http:\/\/www.missterre.org\/blog\/immosolidair\/index.php?rest_route=\/wp\/v2\/types\/page"}],"author":[{"embeddable":true,"href":"http:\/\/www.missterre.org\/blog\/immosolidair\/index.php?rest_route=\/wp\/v2\/users\/4"}],"replies":[{"embeddable":true,"href":"http:\/\/www.missterre.org\/blog\/immosolidair\/index.php?rest_route=%2Fwp%2Fv2%2Fcomments&post=194"}],"version-history":[{"count":7,"href":"http:\/\/www.missterre.org\/blog\/immosolidair\/index.php?rest_route=\/wp\/v2\/pages\/194\/revisions"}],"predecessor-version":[{"id":1118,"href":"http:\/\/www.missterre.org\/blog\/immosolidair\/index.php?rest_route=\/wp\/v2\/pages\/194\/revisions\/1118"}],"wp:attachment":[{"href":"http:\/\/www.missterre.org\/blog\/immosolidair\/index.php?rest_route=%2Fwp%2Fv2%2Fmedia&parent=194"}],"curies":[{"name":"wp","href":"https:\/\/api.w.org\/{rel}","templated":true}]}}