{"id":188,"date":"2016-05-06T11:39:11","date_gmt":"2016-05-06T10:39:11","guid":{"rendered":"http:\/\/www.missterre.org\/blog\/immosolidair\/?page_id=188"},"modified":"2018-10-19T16:30:05","modified_gmt":"2018-10-19T15:30:05","slug":"un-mode-de-fonctionnement-sur-trois-grands-axes","status":"publish","type":"page","link":"http:\/\/www.missterre.org\/blog\/immosolidair\/?page_id=188","title":{"rendered":"Un habitat participatif pour locataires !"},"content":{"rendered":"<p><span style=\"color: #ff6600;\"><span style=\"font-family: FreeSans,Calibri;\"><span style=\"font-size: x-large;\">\u00a0La collaboration au service de la coop\u00e9ration\u00a0!<\/span><\/span><\/span><\/p>\n<p><em><span style=\"color: #808080;\"><span style=\"font-family: FreeSans,Calibri;\"><span style=\"font-size: x-large;\">Le principe est de diminuer les frais pour tous, dont les services d'entretiens et maintenances professionnels souvent on\u00e9reux ainsi que les frais de contr\u00f4le, de protections et de d\u00e9fenses des int\u00e9r\u00eats individuels. Ceci en mettant la collaboration de chacun au profit de la maintenance et la gestion de la maison \u00e0 projet, pour coop\u00e9rer \u00e0 la r\u00e9alisation de l'objet social et solidaire commun en y d\u00e9veloppant son propre projet. Ainsi, ce que tu donnes te revient.<\/span><\/span><\/span><\/em><\/p>\n<p>&nbsp;<\/p>\n<p><span style=\"color: #000000;\"><span style=\"font-family: FreeSans,Calibri;\"><span style=\"font-size: x-large;\"><span style=\"color: #ff6600;\">1) La collaboration\u00a0:<\/span> <span style=\"color: #808080;\">en d\u00e9duction de part de loyer\u00a0!<\/span><\/span><\/span><\/span><\/p>\n<p><span style=\"color: #808080;\"><span style=\"font-family: FreeSans,Calibri;\"><span style=\"font-size: x-large;\">Cette collaboration s'organise selon les capacit\u00e9s et au rythme de chacun, via le plan de cogestion \u00e0 respecter. Ceci, en d\u00e9duction de part de loyer au cas par cas ou selon une participation responsable ( un projet perso\u00a0! ). Les marges r\u00e9alis\u00e9es ainsi peuvent alors \u00eatre affect\u00e9es plut\u00f4t \u00e0 la r\u00e9alisation et au support du projet commun. C'est la valeur humaine ajout\u00e9e, outil du lien social.<\/span><\/span><\/span><\/p>\n<p><span style=\"color: #000000;\"><span style=\"font-family: FreeSans,Calibri;\"><span style=\"font-size: x-large;\"><span style=\"color: #808080;\">A d\u00e9faut du respect du plan de cogestion, les travaux de maintenance et adaptation de la maison au projet sont alors ex\u00e9cut\u00e9s au tarif d'usage<\/span> <span style=\"color: #808080;\">dans l'immobilier par le r\u00e9gisseur. Le r\u00f4le du r\u00e9gisseur favorise ainsi la r\u00e9gulation d'un syt\u00e8me tendant \u00e0 l'autogestion du bien et projet commun, plutot que la simple gestion d'un bien priv\u00e9.<\/span> <\/span><\/span><\/span><\/p>\n<p><span style=\"color: #000000;\"><span style=\"font-family: FreeSans,Calibri;\"><span style=\"font-size: x-large;\"><span style=\"color: #ff6600;\">2) la coop\u00e9ration\u00a0:<\/span> <span style=\"color: #808080;\">La r\u00e9alisation du projet commun est un profit solidaire<\/span><\/span><\/span><\/span><\/p>\n<p><span style=\"color: #000000;\"><span style=\"font-family: FreeSans,Calibri;\"><span style=\"font-size: x-large;\"><span style=\"color: #808080;\">Les r\u00e9sidents coop\u00e9rants ou colocataires, via la r\u00e9alisation de leur projets (personnel ou\/et professionnel) apportent leur pierre \u00e0 l'\u00e9difice pour coconstruire le projet commun. Envisag\u00e9 alors comme un lieu de cocr\u00e9ation, l'essentiel est de combiner ces centres d'int\u00e9r\u00eats dans une maison devenue \"citoyenne\" (favorisant l'appartenance et l'int\u00e9gration de l'individu non seulement \u00e0 son lieu de vie mais \u00e0 ses objectifs, organis\u00e9s alors par groupe d'int\u00e9r\u00eat). Ainsi la r\u00e9alisation du \"profit\" se fait en solidarit\u00e9.<\/span><\/span><\/span><\/span><\/p>\n","protected":false},"excerpt":{"rendered":"<p>\u00a0La collaboration au service de la coop\u00e9ration\u00a0! Le principe est de diminuer les frais pour tous, dont les services d&rsquo;entretiens et maintenances professionnels souvent on\u00e9reux ainsi que les frais de contr\u00f4le, de protections et de d\u00e9fenses des int\u00e9r\u00eats individuels. Ceci en mettant la collaboration de chacun au profit de la maintenance et la gestion de [&hellip;]<\/p>\n","protected":false},"author":4,"featured_media":0,"parent":0,"menu_order":0,"comment_status":"closed","ping_status":"closed","template":"","meta":{"footnotes":""},"_links":{"self":[{"href":"http:\/\/www.missterre.org\/blog\/immosolidair\/index.php?rest_route=\/wp\/v2\/pages\/188"}],"collection":[{"href":"http:\/\/www.missterre.org\/blog\/immosolidair\/index.php?rest_route=\/wp\/v2\/pages"}],"about":[{"href":"http:\/\/www.missterre.org\/blog\/immosolidair\/index.php?rest_route=\/wp\/v2\/types\/page"}],"author":[{"embeddable":true,"href":"http:\/\/www.missterre.org\/blog\/immosolidair\/index.php?rest_route=\/wp\/v2\/users\/4"}],"replies":[{"embeddable":true,"href":"http:\/\/www.missterre.org\/blog\/immosolidair\/index.php?rest_route=%2Fwp%2Fv2%2Fcomments&post=188"}],"version-history":[{"count":21,"href":"http:\/\/www.missterre.org\/blog\/immosolidair\/index.php?rest_route=\/wp\/v2\/pages\/188\/revisions"}],"predecessor-version":[{"id":938,"href":"http:\/\/www.missterre.org\/blog\/immosolidair\/index.php?rest_route=\/wp\/v2\/pages\/188\/revisions\/938"}],"wp:attachment":[{"href":"http:\/\/www.missterre.org\/blog\/immosolidair\/index.php?rest_route=%2Fwp%2Fv2%2Fmedia&parent=188"}],"curies":[{"name":"wp","href":"https:\/\/api.w.org\/{rel}","templated":true}]}}