{"id":173,"date":"2016-05-06T11:25:06","date_gmt":"2016-05-06T10:25:06","guid":{"rendered":"http:\/\/www.missterre.org\/blog\/immosolidair\/?page_id=173"},"modified":"2018-12-04T15:30:53","modified_gmt":"2018-12-04T14:30:53","slug":"une-participation-active","status":"publish","type":"page","link":"http:\/\/www.missterre.org\/blog\/immosolidair\/?page_id=173","title":{"rendered":"Proprio, envie de tenter le coup ?"},"content":{"rendered":"<h4><span style=\"color: #808080;\"><span style=\"color: #ff9900;\">Vous \u00eates propri\u00e9taire d'un immeuble de rapport \u00e0 Bruxelles<\/span>. Vous r\u00eavez d'utiliser votre maison pour changer le monde, cr\u00e9er comme un \"\u00e9co-village\", une \u00e9picerie collaborative g\u00e9r\u00e9e par ou avec vos locataires? Un centre de m\u00e9ditation ou de yoga, un espace de coworking citoyen, un repair caf\u00e9 ? ou encore vous pensez que cr\u00e9er une \u00e9cole de devoir pourrait \u00eatre un noble objectif car vous avez d\u00e9j\u00e0 \u00e0 la maison une ou des familles avec enfants? ou bien, vous, souhaitez cr\u00e9er un syst\u00e8me d'entraide citoyen dans votre \"maison de quartier\" ? Vous avez ce lieux et cherchez \u00e0 le rendre utile et l'offrir en co-gestion pour un bon projet?<\/span><\/h4>\n<h4><span style=\"color: #808080;\"><span style=\"color: #ff9900;\">Qui fait quoi\u00a0?\u00a0comment ? pour qui\u00a0? et surtout pourquoi\u00a0?<\/span> Elles restent les questions auxquelles il est essentiel de r\u00e9pondre. Car \u00e9tablir des accords est essentiel pour partager.<\/span><\/h4>\n<h4><span style=\"color: #808080;\">Mais quel est votre projet ? N'h\u00e9sitez pas \u00e0 nous contacter et voyons si nous pouvons unir nos comp\u00e9tences pour rendre ensemble nos maisons citoyennes :<\/span><\/h4>\n<div role=\"form\" class=\"wpcf7\" id=\"wpcf7-f134-o1\" lang=\"fr-FR\" dir=\"ltr\">\n<div class=\"screen-reader-response\"><p role=\"status\" aria-live=\"polite\" aria-atomic=\"true\"><\/p> <ul><\/ul><\/div>\n<form action=\"\/blog\/immosolidair\/index.php?rest_route=%2Fwp%2Fv2%2Fpages%2F173#wpcf7-f134-o1\" method=\"post\" class=\"wpcf7-form init\" novalidate=\"novalidate\" data-status=\"init\">\n<div style=\"display: none;\">\n<input type=\"hidden\" name=\"_wpcf7\" value=\"134\" \/>\n<input type=\"hidden\" name=\"_wpcf7_version\" value=\"5.5.6.1\" \/>\n<input type=\"hidden\" name=\"_wpcf7_locale\" value=\"fr_FR\" \/>\n<input type=\"hidden\" name=\"_wpcf7_unit_tag\" value=\"wpcf7-f134-o1\" \/>\n<input type=\"hidden\" name=\"_wpcf7_container_post\" value=\"0\" \/>\n<input type=\"hidden\" name=\"_wpcf7_posted_data_hash\" value=\"\" \/>\n<\/div>\n<p><span class=\"wpcf7-form-control-wrap Interet\"><span class=\"wpcf7-form-control wpcf7-radio\"><span class=\"wpcf7-list-item first\"><input type=\"radio\" name=\"Interet\" value=\"Je suis int\u00e9ress\u00e9 pour louer\" checked=\"checked\" \/><span class=\"wpcf7-list-item-label\">Je suis int\u00e9ress\u00e9 pour louer<\/span><\/span><span class=\"wpcf7-list-item\"><input type=\"radio\" name=\"Interet\" value=\"J&#039;ai un projet\" \/><span class=\"wpcf7-list-item-label\">J&#039;ai un projet<\/span><\/span><span class=\"wpcf7-list-item last\"><input type=\"radio\" name=\"Interet\" value=\"Je suis int\u00e9ress\u00e9 pour une soir\u00e9e d&#039;info\" \/><span class=\"wpcf7-list-item-label\">Je suis int\u00e9ress\u00e9 pour une soir\u00e9e d&#039;info<\/span><\/span><\/span><\/span> <\/p>\n<p>Votre nom et pr\u00e9nom (obligatoire)<br \/>\n    <span class=\"wpcf7-form-control-wrap your-name\"><input type=\"text\" name=\"your-name\" value=\"\" size=\"40\" class=\"wpcf7-form-control wpcf7-text wpcf7-validates-as-required\" aria-required=\"true\" aria-invalid=\"false\" \/><\/span> <\/p>\n<p>Votre email (obligatoire)<br \/>\n    <span class=\"wpcf7-form-control-wrap your-email\"><input type=\"email\" name=\"your-email\" value=\"\" size=\"40\" class=\"wpcf7-form-control wpcf7-text wpcf7-email wpcf7-validates-as-required wpcf7-validates-as-email\" aria-required=\"true\" aria-invalid=\"false\" \/><\/span> <\/p>\n<p>Votre t\u00e9l\u00e9phone <br \/>\n    <span class=\"wpcf7-form-control-wrap tel\"><input type=\"tel\" name=\"tel\" value=\"\" size=\"40\" class=\"wpcf7-form-control wpcf7-text wpcf7-tel wpcf7-validates-as-tel\" aria-invalid=\"false\" placeholder=\"votre num\u00e9ro ici\" \/><\/span><\/p>\n<p>Sujet <br \/>\n    <span class=\"wpcf7-form-control-wrap your-subject\"><input type=\"text\" name=\"your-subject\" value=\"\" size=\"40\" class=\"wpcf7-form-control wpcf7-text\" aria-invalid=\"false\" \/><\/span> <\/p>\n<p>Votre message<br \/>\n    <span class=\"wpcf7-form-control-wrap your-message\"><textarea name=\"your-message\" cols=\"40\" rows=\"10\" class=\"wpcf7-form-control wpcf7-textarea\" aria-invalid=\"false\"><\/textarea><\/span> <\/p>\n<p><input type=\"submit\" value=\"Envoyez\" class=\"wpcf7-form-control has-spinner wpcf7-submit\" \/><\/p>\n<p style=\"display: none !important;\"><label>&#916;<textarea name=\"_wpcf7_ak_hp_textarea\" cols=\"45\" rows=\"8\" maxlength=\"100\"><\/textarea><\/label><input type=\"hidden\" id=\"ak_js_1\" name=\"_wpcf7_ak_js\" value=\"47\"\/><script>document.getElementById( \"ak_js_1\" ).setAttribute( \"value\", ( new Date() ).getTime() );<\/script><\/p><div class=\"wpcf7-response-output\" aria-hidden=\"true\"><\/div><\/form><\/div>\n","protected":false},"excerpt":{"rendered":"<p>Vous \u00eates propri\u00e9taire d&rsquo;un immeuble de rapport \u00e0 Bruxelles. Vous r\u00eavez d&rsquo;utiliser votre maison pour changer le monde, cr\u00e9er comme un \u00ab\u00a0\u00e9co-village\u00a0\u00bb, une \u00e9picerie collaborative g\u00e9r\u00e9e par ou avec vos locataires? Un centre de m\u00e9ditation ou de yoga, un espace de coworking citoyen, un repair caf\u00e9 ? ou encore vous pensez que cr\u00e9er une \u00e9cole [&hellip;]<\/p>\n","protected":false},"author":4,"featured_media":0,"parent":0,"menu_order":0,"comment_status":"closed","ping_status":"closed","template":"","meta":{"footnotes":""},"_links":{"self":[{"href":"http:\/\/www.missterre.org\/blog\/immosolidair\/index.php?rest_route=\/wp\/v2\/pages\/173"}],"collection":[{"href":"http:\/\/www.missterre.org\/blog\/immosolidair\/index.php?rest_route=\/wp\/v2\/pages"}],"about":[{"href":"http:\/\/www.missterre.org\/blog\/immosolidair\/index.php?rest_route=\/wp\/v2\/types\/page"}],"author":[{"embeddable":true,"href":"http:\/\/www.missterre.org\/blog\/immosolidair\/index.php?rest_route=\/wp\/v2\/users\/4"}],"replies":[{"embeddable":true,"href":"http:\/\/www.missterre.org\/blog\/immosolidair\/index.php?rest_route=%2Fwp%2Fv2%2Fcomments&post=173"}],"version-history":[{"count":17,"href":"http:\/\/www.missterre.org\/blog\/immosolidair\/index.php?rest_route=\/wp\/v2\/pages\/173\/revisions"}],"predecessor-version":[{"id":1061,"href":"http:\/\/www.missterre.org\/blog\/immosolidair\/index.php?rest_route=\/wp\/v2\/pages\/173\/revisions\/1061"}],"wp:attachment":[{"href":"http:\/\/www.missterre.org\/blog\/immosolidair\/index.php?rest_route=%2Fwp%2Fv2%2Fmedia&parent=173"}],"curies":[{"name":"wp","href":"https:\/\/api.w.org\/{rel}","templated":true}]}}