{"id":1096,"date":"2018-12-08T17:28:44","date_gmt":"2018-12-08T16:28:44","guid":{"rendered":"https:\/\/www.missterre.org\/blog\/immosolidair\/?page_id=1096"},"modified":"2018-12-20T19:51:24","modified_gmt":"2018-12-20T18:51:24","slug":"lespace-cooperatif","status":"publish","type":"page","link":"http:\/\/www.missterre.org\/blog\/immosolidair\/?page_id=1096","title":{"rendered":"L&rsquo;espace coop\u00e9ratif"},"content":{"rendered":"<h3>Bient\u00f4t \u00e0 Bruxelles s'ouvrira la maison d'exploration citoyenne. Elle a pour objectif l'organisation de tables d\u2019h\u00f4tes pour acteurs de changement.<\/h3>\n<h3>Le principe : un invit\u00e9 pr\u00e9sente une solution pour un monde meilleur ( ou un projet - un concept ) les autres sont \u00e9galement des d\u00e9tenteurs de projet; \u00e0 la r\u00e9sidence Human's land on tisse le lien. Notre Maison est pens\u00e9e comme un think tank d'action et d'engagement citoyen.<\/h3>\n<p>La premi\u00e8re explo sera : un immobilier solidaire est \u00ab-il possible? et d\u00e9butera<\/p>\n<p><img loading=\"lazy\" decoding=\"async\" class=\"alignright wp-image-808\" src=\"https:\/\/www.missterre.org\/blog\/immosolidair\/files\/2016\/05\/Espace-cooperatif-1.jpg\" alt=\"\" width=\"422\" height=\"154\" srcset=\"http:\/\/www.missterre.org\/blog\/immosolidair\/files\/2016\/05\/Espace-cooperatif-1.jpg 1058w, http:\/\/www.missterre.org\/blog\/immosolidair\/files\/2016\/05\/Espace-cooperatif-1-300x109.jpg 300w, http:\/\/www.missterre.org\/blog\/immosolidair\/files\/2016\/05\/Espace-cooperatif-1-768x280.jpg 768w, http:\/\/www.missterre.org\/blog\/immosolidair\/files\/2016\/05\/Espace-cooperatif-1-1024x374.jpg 1024w, http:\/\/www.missterre.org\/blog\/immosolidair\/files\/2016\/05\/Espace-cooperatif-1-600x219.jpg 600w\" sizes=\"(max-width: 422px) 100vw, 422px\" \/><\/p>\n<h3>avec l'id\u00e9e de donner du sens \u00e0 nos maisons via le concept de maison \u00e0 projet citoyen : Un habitat participatif pour tous ( locataire, propri\u00e9taire professionnel ) ! ( inspir\u00e9 des kot \u00e0 projet pour \u00e9tudiant, mais pour les grands )<\/h3>\n<p>&nbsp;<\/p>\n","protected":false},"excerpt":{"rendered":"<p>Bient\u00f4t \u00e0 Bruxelles s&rsquo;ouvrira la maison d&rsquo;exploration citoyenne. Elle a pour objectif l&rsquo;organisation de tables d\u2019h\u00f4tes pour acteurs de changement. Le principe : un invit\u00e9 pr\u00e9sente une solution pour un monde meilleur ( ou un projet &#8211; un concept ) les autres sont \u00e9galement des d\u00e9tenteurs de projet; \u00e0 la r\u00e9sidence Human&rsquo;s land on tisse [&hellip;]<\/p>\n","protected":false},"author":4,"featured_media":0,"parent":0,"menu_order":0,"comment_status":"closed","ping_status":"closed","template":"","meta":{"footnotes":""},"_links":{"self":[{"href":"http:\/\/www.missterre.org\/blog\/immosolidair\/index.php?rest_route=\/wp\/v2\/pages\/1096"}],"collection":[{"href":"http:\/\/www.missterre.org\/blog\/immosolidair\/index.php?rest_route=\/wp\/v2\/pages"}],"about":[{"href":"http:\/\/www.missterre.org\/blog\/immosolidair\/index.php?rest_route=\/wp\/v2\/types\/page"}],"author":[{"embeddable":true,"href":"http:\/\/www.missterre.org\/blog\/immosolidair\/index.php?rest_route=\/wp\/v2\/users\/4"}],"replies":[{"embeddable":true,"href":"http:\/\/www.missterre.org\/blog\/immosolidair\/index.php?rest_route=%2Fwp%2Fv2%2Fcomments&post=1096"}],"version-history":[{"count":4,"href":"http:\/\/www.missterre.org\/blog\/immosolidair\/index.php?rest_route=\/wp\/v2\/pages\/1096\/revisions"}],"predecessor-version":[{"id":1116,"href":"http:\/\/www.missterre.org\/blog\/immosolidair\/index.php?rest_route=\/wp\/v2\/pages\/1096\/revisions\/1116"}],"wp:attachment":[{"href":"http:\/\/www.missterre.org\/blog\/immosolidair\/index.php?rest_route=%2Fwp%2Fv2%2Fmedia&parent=1096"}],"curies":[{"name":"wp","href":"https:\/\/api.w.org\/{rel}","templated":true}]}}