{"id":23,"date":"2016-05-06T17:26:42","date_gmt":"2016-05-06T16:26:42","guid":{"rendered":"http:\/\/www.missterre.org\/blog\/humansland\/?page_id=23"},"modified":"2016-05-06T17:31:35","modified_gmt":"2016-05-06T16:31:35","slug":"sel-a-but-nos-maisons","status":"publish","type":"page","link":"http:\/\/www.missterre.org\/blog\/humansland\/sel-a-but-nos-maisons\/","title":{"rendered":"Premier \u00e9tage. Sel \u00e0 but : nos maisons"},"content":{"rendered":"<p>Le projet de C\u00e9dric : cr\u00e9er un sel centr\u00e9 sur la r\u00e9novation et l'entretien de nos maisons, ensemble.<\/p>\n","protected":false},"excerpt":{"rendered":"<p>Le projet de C\u00e9dric : cr\u00e9er un sel centr\u00e9 sur la r\u00e9novation et l&rsquo;entretien de nos maisons, ensemble.<\/p>\n","protected":false},"author":96,"featured_media":0,"parent":0,"menu_order":0,"comment_status":"closed","ping_status":"closed","template":"","meta":{"footnotes":""},"_links":{"self":[{"href":"http:\/\/www.missterre.org\/blog\/humansland\/wp-json\/wp\/v2\/pages\/23"}],"collection":[{"href":"http:\/\/www.missterre.org\/blog\/humansland\/wp-json\/wp\/v2\/pages"}],"about":[{"href":"http:\/\/www.missterre.org\/blog\/humansland\/wp-json\/wp\/v2\/types\/page"}],"author":[{"embeddable":true,"href":"http:\/\/www.missterre.org\/blog\/humansland\/wp-json\/wp\/v2\/users\/96"}],"replies":[{"embeddable":true,"href":"http:\/\/www.missterre.org\/blog\/humansland\/wp-json\/wp\/v2\/comments?post=23"}],"version-history":[{"count":2,"href":"http:\/\/www.missterre.org\/blog\/humansland\/wp-json\/wp\/v2\/pages\/23\/revisions"}],"predecessor-version":[{"id":29,"href":"http:\/\/www.missterre.org\/blog\/humansland\/wp-json\/wp\/v2\/pages\/23\/revisions\/29"}],"wp:attachment":[{"href":"http:\/\/www.missterre.org\/blog\/humansland\/wp-json\/wp\/v2\/media?parent=23"}],"curies":[{"name":"wp","href":"https:\/\/api.w.org\/{rel}","templated":true}]}}