{"id":797,"date":"2011-08-17T13:14:05","date_gmt":"2011-08-17T12:14:05","guid":{"rendered":"http:\/\/www.missterre.org\/blog\/explo\/?page_id=797"},"modified":"2021-01-25T18:43:31","modified_gmt":"2021-01-25T17:43:31","slug":"le-voilier","status":"publish","type":"page","link":"http:\/\/www.missterre.org\/blog\/explo\/?page_id=797","title":{"rendered":"Le voilier"},"content":{"rendered":"<h4><a href=\"http:\/\/www.missterre.org\/blog\/explo\/files\/2013\/12\/logoMiss.jpg\"><img loading=\"lazy\" decoding=\"async\" class=\"wp-image-3059 aligncenter\" src=\"http:\/\/www.missterre.org\/blog\/explo\/files\/2013\/12\/logoMiss.jpg\" alt=\"logoMiss\" width=\"735\" height=\"270\" srcset=\"http:\/\/www.missterre.org\/blog\/explo\/files\/2013\/12\/logoMiss.jpg 1123w, http:\/\/www.missterre.org\/blog\/explo\/files\/2013\/12\/logoMiss-300x110.jpg 300w, http:\/\/www.missterre.org\/blog\/explo\/files\/2013\/12\/logoMiss-1024x375.jpg 1024w, http:\/\/www.missterre.org\/blog\/explo\/files\/2013\/12\/logoMiss-600x220.jpg 600w, http:\/\/www.missterre.org\/blog\/explo\/files\/2013\/12\/logoMiss-800x293.jpg 800w, http:\/\/www.missterre.org\/blog\/explo\/files\/2013\/12\/logoMiss-900x330.jpg 900w\" sizes=\"(max-width: 735px) 100vw, 735px\" \/><\/a><\/h4>\n<h1><span style=\"font-size: x-small;\"><span style=\"font-size: medium;\">Miss Terre est un voilier en polyester de 1981 et 41 pieds de long.<\/span><br \/>\n<\/span><\/h1>\n<p style=\"text-align: justify;\">Bateau de type monocoque gr\u00e9\u00e9 en sloop (un m\u00e2t, une grand voile et un foc), il poss\u00e8de trois cabines doubles, un carr\u00e9 tr\u00e8s confortable avec 2 couchettes amovibles, une salle de bain\/wc&#8230;L&rsquo; avantages de ce bateau : le bon compromis entre confort et vitesse. Le voilier a \u00e9t\u00e9 enti\u00e8rement r\u00e9nov\u00e9 durant l&rsquo;ann\u00e9e 2012\/13 &#8211; et nous y remettons un bon coup cette ann\u00e9es 2021 !<\/p>\n<h3><a href=\"http:\/\/www.missterre.org\/blog\/explo\/files\/2010\/11\/auport-\u00e0-linkehoeverpetite.jpg\"><img loading=\"lazy\" decoding=\"async\" class=\"wp-image-3064 aligncenter\" title=\"Miss Terre\" src=\"http:\/\/www.missterre.org\/blog\/explo\/files\/2010\/11\/auport-\u00e0-linkehoeverpetite.jpg\" alt=\"auport \u00e0 linkehoeverpetite\" width=\"640\" height=\"480\" srcset=\"http:\/\/www.missterre.org\/blog\/explo\/files\/2010\/11\/auport-\u00e0-linkehoeverpetite.jpg 640w, http:\/\/www.missterre.org\/blog\/explo\/files\/2010\/11\/auport-\u00e0-linkehoeverpetite-300x225.jpg 300w, http:\/\/www.missterre.org\/blog\/explo\/files\/2010\/11\/auport-\u00e0-linkehoeverpetite-600x450.jpg 600w\" sizes=\"(max-width: 640px) 100vw, 640px\" \/><\/a><\/h3>\n<h3><strong><br \/>\nCONFORT:<\/strong><\/h3>\n<p style=\"text-align: justify;\">Eau chaude et froide (400l), sous pression, cuisini\u00e8re, four, r\u00e9frig\u00e9rateur, chauffage au gaz chaine hifi\/cd\/ usb\/bluetooth\/ mp3. Capote, bimini, se fermant enti\u00e8rement et offrant une v\u00e9ritable v\u00e9randa tr\u00e8s confortable pour les hivernages, annexe semi-igide avec moteur de 5cv. 2 Pilotes automatiques, tablette de nav+ repetiteur cockpit via smarthphone. Communication avec la terre : @mail, 4g t\u00e9l\u00e9phone, radio. Le bateau a \u00e9t\u00e9 enti\u00e8rement isol\u00e9 et offre tant au chaud qu&rsquo;au froid une protection confortable.<\/p>\n<h4><\/h4>\n<h3><strong>LE CARRE :<br \/>\n<\/strong><\/h3>\n<p style=\"text-align: justify;\">Offre un espace de vie confortable pour 6 personnes. La table tournante et pliable offre l&rsquo;avantage d&rsquo;un espace salon, d&rsquo;une table pour 4 personnes, ou bien enti\u00e8rement ouverte elle peut accueillir jusqu&rsquo;\u00e0 10 personnes. Il est possible d&rsquo;en faire un lit, uniquement pour les r\u00e9gions au soleil. Le chauffage donne une chaleur style \u00a0\u00bb feu de bois\u00a0\u00bb \u00e9clairant les soir\u00e9es d&rsquo;hiver de sa flamme rougeoyante.<\/p>\n<h3><\/h3>\n<h3><strong><a href=\"http:\/\/www.missterre.org\/blog\/explo\/files\/2010\/11\/CARREGRIET.jpg\"><img loading=\"lazy\" decoding=\"async\" class=\"wp-image-3065 aligncenter\" src=\"http:\/\/www.missterre.org\/blog\/explo\/files\/2010\/11\/CARREGRIET.jpg\" alt=\"CARREGRIET\" width=\"640\" height=\"480\" srcset=\"http:\/\/www.missterre.org\/blog\/explo\/files\/2010\/11\/CARREGRIET.jpg 640w, http:\/\/www.missterre.org\/blog\/explo\/files\/2010\/11\/CARREGRIET-300x225.jpg 300w, http:\/\/www.missterre.org\/blog\/explo\/files\/2010\/11\/CARREGRIET-600x450.jpg 600w\" sizes=\"(max-width: 640px) 100vw, 640px\" \/><\/a><\/strong><\/h3>\n<h3>LA CUISINE :<\/h3>\n<p style=\"text-align: justify;\">Un grand \u00e9vier comme \u00e0 la maison, mais en nav nous faisons la vaisselle \u00e0 l&rsquo;eau de mer ; rin\u00e7age \u00e0 l&rsquo;eau douce et chaude. La cuisini\u00e8re \u00e0 deux becs avec four offre la possibilit\u00e9 de faire des plats mijot\u00e9s et de bons gratins. Nous utilisons beaucoup la casserole \u00e0 pression, ce qui diminue la consommation de gaz, et rend impossible des renversements catastrophe en nav. Souvent en mer nous cuisons du pain frais. Les plantes aromatiques fraiches garnissent les \u00e9tag\u00e8res, et nous tentons l\u2019exp\u00e9rience fort vitaminiques des graines germ\u00e9es&#8230;Du poisson ? Quand il en reste en mer oui, mais nous rejetons les jeunes rejetons !<span style=\"font-family: arial,helvetica,sans-serif;\"><br \/>\n<\/span><\/p>\n<p style=\"text-align: center;\"><a href=\"http:\/\/www.missterre.org\/blog\/explo\/files\/2010\/11\/CUISINE.jpg\"><img loading=\"lazy\" decoding=\"async\" class=\"size-full wp-image-3067 aligncenter\" src=\"http:\/\/www.missterre.org\/blog\/explo\/files\/2010\/11\/CUISINE.jpg\" alt=\"CUISINE\" width=\"640\" height=\"853\" srcset=\"http:\/\/www.missterre.org\/blog\/explo\/files\/2010\/11\/CUISINE.jpg 640w, http:\/\/www.missterre.org\/blog\/explo\/files\/2010\/11\/CUISINE-225x300.jpg 225w, http:\/\/www.missterre.org\/blog\/explo\/files\/2010\/11\/CUISINE-600x799.jpg 600w\" sizes=\"(max-width: 640px) 100vw, 640px\" \/><\/a><\/p>\n<h3><\/h3>\n<h3><strong>TABLE A CARTE ET NAVIGATION:<\/strong><\/h3>\n<p style=\"text-align: justify;\">La navigation moderne offre des avantages et des d\u00e9savantages. L&rsquo;ordinateur a pris la place centrale offrant le plaisir du presse-boutons, du gps. Les navigation-plaisir se font au compas de rel\u00e8vement et \u00e0 l&rsquo;estime, avec les bon conseils de votre captain. ( si vous \u00eates gentils ;o)\u00a0 Le bateau a un radar, mais le chien du bord le remplace ( uniquement pour les transats ou nav de plus de trois jours )\u00a0 ; il y a \u00e9galement un vieux m\u00e9t\u00e9ofax navtex \u00e0 rouleau, et le r\u00e9p\u00e9titeur du pilote automatique. Attention ! Ne rien laisser trainer sur la table \u00e0 carte, ici on navigue ;o) (le capitaine ).<\/p>\n<p style=\"text-align: center;\"><a href=\"http:\/\/www.missterre.org\/blog\/explo\/files\/2010\/11\/TABLE-A-CARTE.jpg\"><img loading=\"lazy\" decoding=\"async\" class=\"wp-image-3070 aligncenter\" src=\"http:\/\/www.missterre.org\/blog\/explo\/files\/2010\/11\/TABLE-A-CARTE.jpg\" alt=\"TABLE A CARTE\" width=\"640\" height=\"480\" srcset=\"http:\/\/www.missterre.org\/blog\/explo\/files\/2010\/11\/TABLE-A-CARTE.jpg 640w, http:\/\/www.missterre.org\/blog\/explo\/files\/2010\/11\/TABLE-A-CARTE-300x225.jpg 300w, http:\/\/www.missterre.org\/blog\/explo\/files\/2010\/11\/TABLE-A-CARTE-600x450.jpg 600w\" sizes=\"(max-width: 640px) 100vw, 640px\" \/><\/a><em><a href=\"http:\/\/www.missterre.org\/blog\/explo\/files\/2011\/08\/DSC00815.jpg\"><img loading=\"lazy\" decoding=\"async\" class=\" size-medium wp-image-3742 alignright\" src=\"http:\/\/www.missterre.org\/blog\/explo\/files\/2011\/08\/DSC00815-169x300.jpg\" alt=\"DSC00815\" width=\"169\" height=\"300\" srcset=\"http:\/\/www.missterre.org\/blog\/explo\/files\/2011\/08\/DSC00815-169x300.jpg 169w, http:\/\/www.missterre.org\/blog\/explo\/files\/2011\/08\/DSC00815-576x1024.jpg 576w, http:\/\/www.missterre.org\/blog\/explo\/files\/2011\/08\/DSC00815-600x1067.jpg 600w, http:\/\/www.missterre.org\/blog\/explo\/files\/2011\/08\/DSC00815.jpg 1080w\" sizes=\"(max-width: 169px) 100vw, 169px\" \/><\/a><\/em><\/p>\n<h3><a href=\"http:\/\/www.missterre.org\/blog\/explo\/files\/2011\/08\/IMG_0352.jpg\"><img loading=\"lazy\" decoding=\"async\" class=\"alignleft size-medium wp-image-3743\" src=\"http:\/\/www.missterre.org\/blog\/explo\/files\/2011\/08\/IMG_0352-225x300.jpg\" alt=\"IMG_0352\" width=\"225\" height=\"300\" srcset=\"http:\/\/www.missterre.org\/blog\/explo\/files\/2011\/08\/IMG_0352-225x300.jpg 225w, http:\/\/www.missterre.org\/blog\/explo\/files\/2011\/08\/IMG_0352-768x1024.jpg 768w, http:\/\/www.missterre.org\/blog\/explo\/files\/2011\/08\/IMG_0352-600x800.jpg 600w\" sizes=\"(max-width: 225px) 100vw, 225px\" \/><\/a><\/h3>\n<h3><\/h3>\n<h3>CABINES :<\/h3>\n<p>Les cabines sont pourvues d&rsquo;un lit double de 1,40m de large. Les espaces de rangement sont suffisants pour votre garde-robe d&rsquo;aventurier-explorateur ! Une prise allume-cigare\/ usb dans chaque cabine pour vos ordis.<\/p>\n<p>&nbsp;<\/p>\n<p>&nbsp;<\/p>\n<p>&nbsp;<\/p>\n<p>&nbsp;<\/p>\n<h3>PLAN D&rsquo;ORIGINE DU BATEAU :<\/h3>\n<p><a href=\"http:\/\/www.missterre.org\/blog\/explo\/wp-content\/blogs.dir\/2\/files\/pages\/plansunfizz.jpg\"><img loading=\"lazy\" decoding=\"async\" class=\"ngg-singlepic ngg-center aligncenter\" style=\"border: 1px solid black;\" src=\"http:\/\/www.missterre.org\/blog\/explo\/wp-content\/blogs.dir\/2\/files\/pages\/plansunfizz.jpg\" alt=\"plansunfizz\" width=\"643\" height=\"244\" \/><\/a><\/p>\n<h3><\/h3>\n<h3><strong>MATERIEL A BORD: <\/strong><\/h3>\n<p>Deux vtt, mat\u00e9riel de plong\u00e9e libre pour tous ( Shorties et quelques masques et palmes, mat\u00e9riel de montagne et d&rsquo;escalade)<\/p>\n<p style=\"text-align: center;\"><iframe loading=\"lazy\" style=\"text-decoration: underline;\" src=\"http:\/\/www.youtube.com\/embed\/nwaci0qz6hk\" width=\"450\" height=\"390\" frameborder=\"0\"><\/iframe><\/p>\n<h3 style=\"text-align: center;\"><a href=\"http:\/\/missterre.org\/pdf\/inventaire.pdf\" target=\"_blank\" rel=\"noopener noreferrer\">pour en savoir plus sur la miss, cliquez ici<\/a><\/h3>\n","protected":false},"excerpt":{"rendered":"<p>Miss Terre est un voilier en polyester de 1981 et 41 pieds de long. Bateau de type monocoque gr\u00e9\u00e9 en sloop (un m\u00e2t, une grand voile et un foc), il poss\u00e8de trois cabines doubles, un carr\u00e9 tr\u00e8s confortable avec 2 couchettes amovibles, une salle de bain\/wc&#8230;L&rsquo; avantages de ce bateau : le bon compromis entre <a class=\"read-more-link\" href=\"http:\/\/www.missterre.org\/blog\/explo\/?page_id=797\"><br \/>&#8230;read more<\/a><\/p>\n","protected":false},"author":2,"featured_media":0,"parent":0,"menu_order":1,"comment_status":"closed","ping_status":"closed","template":"_pro\/tpl-right-sidebar.php","meta":{"footnotes":""},"_links":{"self":[{"href":"http:\/\/www.missterre.org\/blog\/explo\/index.php?rest_route=\/wp\/v2\/pages\/797"}],"collection":[{"href":"http:\/\/www.missterre.org\/blog\/explo\/index.php?rest_route=\/wp\/v2\/pages"}],"about":[{"href":"http:\/\/www.missterre.org\/blog\/explo\/index.php?rest_route=\/wp\/v2\/types\/page"}],"author":[{"embeddable":true,"href":"http:\/\/www.missterre.org\/blog\/explo\/index.php?rest_route=\/wp\/v2\/users\/2"}],"replies":[{"embeddable":true,"href":"http:\/\/www.missterre.org\/blog\/explo\/index.php?rest_route=%2Fwp%2Fv2%2Fcomments&post=797"}],"version-history":[{"count":1,"href":"http:\/\/www.missterre.org\/blog\/explo\/index.php?rest_route=\/wp\/v2\/pages\/797\/revisions"}],"predecessor-version":[{"id":4076,"href":"http:\/\/www.missterre.org\/blog\/explo\/index.php?rest_route=\/wp\/v2\/pages\/797\/revisions\/4076"}],"wp:attachment":[{"href":"http:\/\/www.missterre.org\/blog\/explo\/index.php?rest_route=%2Fwp%2Fv2%2Fmedia&parent=797"}],"curies":[{"name":"wp","href":"https:\/\/api.w.org\/{rel}","templated":true}]}}