{"id":3862,"date":"2016-01-19T17:00:44","date_gmt":"2016-01-19T16:00:44","guid":{"rendered":"http:\/\/www.missterre.org\/blog\/explo\/?page_id=3862"},"modified":"2026-02-15T16:00:42","modified_gmt":"2026-02-15T15:00:42","slug":"4eme-voyage","status":"publish","type":"page","link":"http:\/\/www.missterre.org\/blog\/explo\/?page_id=3862","title":{"rendered":"4\u00e8me voyage : Le chemin du milieu &#8211; ou Bee A crew"},"content":{"rendered":"<p align=\"center\"><span style=\"font-family: Liberation Sans Narrow,sans-serif;\"><span style=\"font-size: x-large;\"><b>Bee a Crew <\/b><\/span><\/span><\/p>\n<p><i>Depuis 25 d&rsquo;ann\u00e9es d&rsquo;organisation de croisi\u00e8re aventure \u00e0 la voile et de voyages autour de notre petite boule fragile et apr\u00e8s&#8230;. 5\u00a0 ans \u00e0 tenter jeter une bouteille \u00e0 la civilisation des embouteillages par un projet web d&rsquo;\u00e9conomie collaborative et surtout la construction de la maison d&rsquo;exploration citoyenne Human&rsquo;s land et ImmoSolidair \u00e0 Bruxelles, confront\u00e9 \u00e0 ce gros noyaux d\u00e9pr\u00e9ssionnaire et \u00ab\u00a0eco-anxiog\u00e8ne\u00a0\u00bb ; je reprends la mer pour finalement &#8230; commencer pour et par moi m\u00eame ce changement que je souhaite pour le monde. <\/i><\/p>\n<p><i>Mais avec vous?..<br \/>\n<\/i><\/p>\n<p>Objectif ? vous rencontrer, vous et vos id\u00e9es pour \u00ab\u00a0un monde meilleur\u00a0\u00bb. Construire l&rsquo;\u00e9quipage pr\u00eat \u00e0 s&rsquo; embarquer sur le petit voilier et &#8230;rencontrer d&rsquo;autres humains par\u00e9 pour, passer \u00e0 l&rsquo;action et \u00e0 l&rsquo;engagement, en commen\u00e7ant pour et par eu m\u00eame&#8230;<\/p>\n<p>Et finalement si c&rsquo;\u00e9tait \u00e7a le nouveau b\u00e9n\u00e9fice du monde ? <\/p>\n<p>Ci dessous les r\u00e9cits de nos premi\u00e8res explos, pour ce nouveau d\u00e9part de :\u00a0 \u00a0\u00bb bee a crew exp\u00e9rience\u00a0\u00bb version beta 0001<br \/>\nPour le moment ( f\u00e9vrier 2026) le site n&rsquo;est pas tenu \u00e0 jour, mais le projet est bien actif. il y \u00e0 plus d&rsquo;info sur face book via Igor bouckaert. Mais le mieux est de rentrer en contact &#8230; en vrai ! <\/p>\n<p>Bienvenue \u00e0 bord!<\/p>\n<p style=\"text-align: right;\">Igor<\/p>\n","protected":false},"excerpt":{"rendered":"<p>Bee a Crew Depuis 25 d&rsquo;ann\u00e9es d&rsquo;organisation de croisi\u00e8re aventure \u00e0 la voile et de voyages autour de notre petite boule fragile et apr\u00e8s&#8230;. 5\u00a0 ans \u00e0 tenter jeter une bouteille \u00e0 la civilisation des embouteillages par un projet web d&rsquo;\u00e9conomie collaborative et surtout la construction de la maison d&rsquo;exploration citoyenne Human&rsquo;s land et ImmoSolidair <a class=\"read-more-link\" href=\"http:\/\/www.missterre.org\/blog\/explo\/?page_id=3862\"><br \/>&#8230;read more<\/a><\/p>\n","protected":false},"author":2,"featured_media":0,"parent":0,"menu_order":0,"comment_status":"closed","ping_status":"closed","template":"","meta":{"footnotes":""},"_links":{"self":[{"href":"http:\/\/www.missterre.org\/blog\/explo\/index.php?rest_route=\/wp\/v2\/pages\/3862"}],"collection":[{"href":"http:\/\/www.missterre.org\/blog\/explo\/index.php?rest_route=\/wp\/v2\/pages"}],"about":[{"href":"http:\/\/www.missterre.org\/blog\/explo\/index.php?rest_route=\/wp\/v2\/types\/page"}],"author":[{"embeddable":true,"href":"http:\/\/www.missterre.org\/blog\/explo\/index.php?rest_route=\/wp\/v2\/users\/2"}],"replies":[{"embeddable":true,"href":"http:\/\/www.missterre.org\/blog\/explo\/index.php?rest_route=%2Fwp%2Fv2%2Fcomments&post=3862"}],"version-history":[{"count":16,"href":"http:\/\/www.missterre.org\/blog\/explo\/index.php?rest_route=\/wp\/v2\/pages\/3862\/revisions"}],"predecessor-version":[{"id":4140,"href":"http:\/\/www.missterre.org\/blog\/explo\/index.php?rest_route=\/wp\/v2\/pages\/3862\/revisions\/4140"}],"wp:attachment":[{"href":"http:\/\/www.missterre.org\/blog\/explo\/index.php?rest_route=%2Fwp%2Fv2%2Fmedia&parent=3862"}],"curies":[{"name":"wp","href":"https:\/\/api.w.org\/{rel}","templated":true}]}}