{"id":3377,"date":"2014-02-23T12:45:24","date_gmt":"2014-02-23T11:45:24","guid":{"rendered":"http:\/\/www.missterre.org\/blog\/explo\/?page_id=3377"},"modified":"2014-02-24T05:58:07","modified_gmt":"2014-02-24T04:58:07","slug":"ma-maison-sur-leau","status":"publish","type":"page","link":"http:\/\/www.missterre.org\/blog\/explo\/?page_id=3377","title":{"rendered":"Ma maison sur l&rsquo;eau"},"content":{"rendered":"<blockquote>\n<p style=\"text-align: center;\"><cite>L\u2019objectif est de tenter de satisfaire aux besoins du bord<br \/><span style=\"font-size: small;\">en utilisant <\/span><\/cite><cite><span style=\"font-size: small;\">les ressources et entreprises locales soutenables et harmonieuses<\/span><br \/><span style=\"font-size: small;\">pour l\u2019environnement qui les produit.<\/span><\/p>\n<p><span style=\"font-size: medium;\">\u00c9quipement du voilier en \u00e9nergie et mat\u00e9riaux durables tant que faire ce peut !<\/span><\/cite><\/p>\n<p style=\"text-align: center;\"><span style=\"font-size: small;\"><cite>Mais attention tout doit \u00eatre accessible pour monsieur Tout-le-Monde.<br \/>Simplicit\u00e9 et bon march\u00e9 volontaire !<br \/>Corollaire avec les autres maisons du monde,<br \/>de la maison des hommes \u00e0 la maison des poissons.<\/cite><\/span><\/p>\n<\/blockquote>\n","protected":false},"excerpt":{"rendered":"<p>L\u2019objectif est de tenter de satisfaire aux besoins du borden utilisant les ressources et entreprises locales soutenables et harmonieusespour l\u2019environnement qui les produit. \u00c9quipement du voilier en \u00e9nergie et mat\u00e9riaux durables tant que faire ce peut ! Mais attention tout doit \u00eatre accessible pour monsieur Tout-le-Monde.Simplicit\u00e9 et bon march\u00e9 volontaire !Corollaire avec les autres maisons <a class=\"read-more-link\" href=\"http:\/\/www.missterre.org\/blog\/explo\/?page_id=3377\"><br \/>&#8230;read more<\/a><\/p>\n","protected":false},"author":2,"featured_media":0,"parent":0,"menu_order":0,"comment_status":"open","ping_status":"open","template":"","meta":{"footnotes":""},"_links":{"self":[{"href":"http:\/\/www.missterre.org\/blog\/explo\/index.php?rest_route=\/wp\/v2\/pages\/3377"}],"collection":[{"href":"http:\/\/www.missterre.org\/blog\/explo\/index.php?rest_route=\/wp\/v2\/pages"}],"about":[{"href":"http:\/\/www.missterre.org\/blog\/explo\/index.php?rest_route=\/wp\/v2\/types\/page"}],"author":[{"embeddable":true,"href":"http:\/\/www.missterre.org\/blog\/explo\/index.php?rest_route=\/wp\/v2\/users\/2"}],"replies":[{"embeddable":true,"href":"http:\/\/www.missterre.org\/blog\/explo\/index.php?rest_route=%2Fwp%2Fv2%2Fcomments&post=3377"}],"version-history":[{"count":0,"href":"http:\/\/www.missterre.org\/blog\/explo\/index.php?rest_route=\/wp\/v2\/pages\/3377\/revisions"}],"wp:attachment":[{"href":"http:\/\/www.missterre.org\/blog\/explo\/index.php?rest_route=%2Fwp%2Fv2%2Fmedia&parent=3377"}],"curies":[{"name":"wp","href":"https:\/\/api.w.org\/{rel}","templated":true}]}}