{"id":3374,"date":"2014-02-23T12:44:12","date_gmt":"2014-02-23T11:44:12","guid":{"rendered":"http:\/\/www.missterre.org\/blog\/explo\/?page_id=3374"},"modified":"2014-02-24T06:00:26","modified_gmt":"2014-02-24T05:00:26","slug":"ma-maison-sur-terre","status":"publish","type":"page","link":"http:\/\/www.missterre.org\/blog\/explo\/?page_id=3374","title":{"rendered":"Ma maison \u00e0 terre"},"content":{"rendered":"<blockquote>\n<p style=\"text-align: center;\"><span style=\"font-size: medium;\"><cite>\u00a0<\/cite><cite><cite><cite> La solidarit\u00e9 immobili\u00e8re est-ce que \u00e7a existe?<\/cite><\/cite><\/cite><\/span><\/p>\n<p style=\"text-align: center;\"><span style=\"font-size: small;\">Des initiatives, entreprises et association existent mais &#8230;&#8230;<\/span><\/p>\n<p style=\"text-align: center;\"><span style=\"font-size: small;\">Est-il possible de trouver un lien Win-Win entre des locataires et des propri\u00e9taires ?<\/span><br \/><span style=\"font-size: small;\">Une gestion collaborative entra\u00eenant moins de charges pour chacun serait-elle possible\u00a0?<\/span><\/p>\n<p style=\"margin-bottom: 0cm; font-style: normal; font-weight: normal;\" align=\"CENTER\"><cite><cite><cite><span style=\"font-size: large;\"><span style=\"font-size: medium;\">Finalement serait-il possible de rendre profitable pour tous un service humanitaire:<\/p>\n<p><\/span> <\/span><\/cite><\/cite><\/cite><\/p>\n<p style=\"margin-bottom: 0cm; font-style: normal;\" align=\"CENTER\"><cite><cite><cite><b><span style=\"font-size: large;\">offrir un <span style=\"font-size: medium;\">logement<\/span>\u00a0?<\/p>\n<p><\/span> <\/b><\/cite><\/cite><\/cite><\/p>\n<p style=\"margin-bottom: 0cm; text-align: center;\"><span style=\"font-size: small;\"><cite><cite><cite>Ces r\u00e9ponses se trouvent-elles actuellement chez un r\u00e9gisseur de bien\u00a0?<br \/>( marchand, social ou solidaire )<br \/>ou au sein d&rsquo;une Association immobili\u00e8re solidaire existante ? Faut-il la cr\u00e9er\u00a0?<\/cite><\/cite><\/cite><\/span><\/p>\n<p style=\"margin-bottom: 0cm; text-align: center;\"><cite><cite><strong><span style=\"font-size: small;\"><cite>C&rsquo;est l&rsquo;objectif de cette exploration n\u00e9cessaire aux besoins de\u00a0 l\u2019exp\u00e9dition du petit voilier.<\/cite><\/span><\/strong><\/cite><\/cite><\/p>\n<\/blockquote>\n","protected":false},"excerpt":{"rendered":"<p>\u00a0 La solidarit\u00e9 immobili\u00e8re est-ce que \u00e7a existe? Des initiatives, entreprises et association existent mais &#8230;&#8230; Est-il possible de trouver un lien Win-Win entre des locataires et des propri\u00e9taires ?Une gestion collaborative entra\u00eenant moins de charges pour chacun serait-elle possible\u00a0? Finalement serait-il possible de rendre profitable pour tous un service humanitaire: offrir un logement\u00a0? Ces <a class=\"read-more-link\" href=\"http:\/\/www.missterre.org\/blog\/explo\/?page_id=3374\"><br \/>&#8230;read more<\/a><\/p>\n","protected":false},"author":2,"featured_media":0,"parent":0,"menu_order":0,"comment_status":"closed","ping_status":"closed","template":"","meta":{"footnotes":""},"_links":{"self":[{"href":"http:\/\/www.missterre.org\/blog\/explo\/index.php?rest_route=\/wp\/v2\/pages\/3374"}],"collection":[{"href":"http:\/\/www.missterre.org\/blog\/explo\/index.php?rest_route=\/wp\/v2\/pages"}],"about":[{"href":"http:\/\/www.missterre.org\/blog\/explo\/index.php?rest_route=\/wp\/v2\/types\/page"}],"author":[{"embeddable":true,"href":"http:\/\/www.missterre.org\/blog\/explo\/index.php?rest_route=\/wp\/v2\/users\/2"}],"replies":[{"embeddable":true,"href":"http:\/\/www.missterre.org\/blog\/explo\/index.php?rest_route=%2Fwp%2Fv2%2Fcomments&post=3374"}],"version-history":[{"count":0,"href":"http:\/\/www.missterre.org\/blog\/explo\/index.php?rest_route=\/wp\/v2\/pages\/3374\/revisions"}],"wp:attachment":[{"href":"http:\/\/www.missterre.org\/blog\/explo\/index.php?rest_route=%2Fwp%2Fv2%2Fmedia&parent=3374"}],"curies":[{"name":"wp","href":"https:\/\/api.w.org\/{rel}","templated":true}]}}