{"id":3339,"date":"2014-02-23T12:04:35","date_gmt":"2014-02-23T11:04:35","guid":{"rendered":"http:\/\/www.missterre.org\/blog\/explo\/?page_id=3339"},"modified":"2017-03-22T12:28:38","modified_gmt":"2017-03-22T11:28:38","slug":"3eme-voyage","status":"publish","type":"page","link":"http:\/\/www.missterre.org\/blog\/explo\/?page_id=3339","title":{"rendered":"3\u00e8me voyage, LA ROUTE DE L&rsquo; ARGENT ou La Guerre du Bonheur ?"},"content":{"rendered":"<p>J&rsquo;aurais voulu \u00e9crire l&rsquo;\u00e9vide<img loading=\"lazy\" decoding=\"async\" class=\"alignleft wp-image-3500\" src=\"http:\/\/www.missterre.org\/blog\/explo\/files\/2014\/02\/equipagedeMiss.jpg\" alt=\"equipagedeMiss\" width=\"338\" height=\"169\" srcset=\"http:\/\/www.missterre.org\/blog\/explo\/files\/2014\/02\/equipagedeMiss.jpg 2978w, http:\/\/www.missterre.org\/blog\/explo\/files\/2014\/02\/equipagedeMiss-300x149.jpg 300w, http:\/\/www.missterre.org\/blog\/explo\/files\/2014\/02\/equipagedeMiss-1024x510.jpg 1024w, http:\/\/www.missterre.org\/blog\/explo\/files\/2014\/02\/equipagedeMiss-600x299.jpg 600w\" sizes=\"(max-width: 338px) 100vw, 338px\" \/>nce de notre \u00ab\u00a0humanit\u00e9\u00a0\u00bb comme solution des malheurs du monde. J&rsquo;\u00a0aurais voulu \u00e9crire , ce qui se cache en chacun d&rsquo;entre nous, et cette \u00e9vidence du plaisir comme le moteur de la perp\u00e9tuation de notre esp\u00e8ce. J&rsquo;aurai aim\u00e9 dire que l&rsquo;humanit\u00e9 n&rsquo;\u00e9tais pas cette Atlantide perdue au tr\u00e9fonds des limbes d&rsquo;un \u00ab\u00a0pacifique\u00a0\u00bb inexistant*. Mais pour l&rsquo;heure j&rsquo;ai le regret de dire que nous sommes en pr\u00e9histoire\u00a0! Il nous reste encore une derni\u00e8re guerre\u00a0:<\/p>\n<h3 style=\"text-align: center;\">La guerre du bonheur<\/h3>\n<p>Les Articles de cette page correspondent au troisi\u00e8me voyage de Miss Terre, de Septembre 2013 au 23 novembre 2014 ! Date de retour \u00e0 Bruxelles; ouverture des bureaux Miss Terre : une association \u00e0 but de profit solidaire ! Bient\u00f4t l&rsquo;article, Welcome in Belgique ou retour vers l&rsquo;enfer ! Un article &#8230; Noir ! jaune et rouge bon sang! Miss Terre est en Sardaigne \/ retour du capitaine en mai pour voir les WWOOF sarde&#8230;<\/p>\n<p>&nbsp;<\/p>\n","protected":false},"excerpt":{"rendered":"<p>J&rsquo;aurais voulu \u00e9crire l&rsquo;\u00e9vidence de notre \u00ab\u00a0humanit\u00e9\u00a0\u00bb comme solution des malheurs du monde. J&rsquo;\u00a0aurais voulu \u00e9crire , ce qui se cache en chacun d&rsquo;entre nous, et cette \u00e9vidence du plaisir comme le moteur de la perp\u00e9tuation de notre esp\u00e8ce. J&rsquo;aurai aim\u00e9 dire que l&rsquo;humanit\u00e9 n&rsquo;\u00e9tais pas cette Atlantide perdue au tr\u00e9fonds des limbes d&rsquo;un \u00ab\u00a0pacifique\u00a0\u00bb <a class=\"read-more-link\" href=\"http:\/\/www.missterre.org\/blog\/explo\/?page_id=3339\"><br \/>&#8230;read more<\/a><\/p>\n","protected":false},"author":2,"featured_media":3499,"parent":0,"menu_order":0,"comment_status":"closed","ping_status":"closed","template":"","meta":{"footnotes":""},"_links":{"self":[{"href":"http:\/\/www.missterre.org\/blog\/explo\/index.php?rest_route=\/wp\/v2\/pages\/3339"}],"collection":[{"href":"http:\/\/www.missterre.org\/blog\/explo\/index.php?rest_route=\/wp\/v2\/pages"}],"about":[{"href":"http:\/\/www.missterre.org\/blog\/explo\/index.php?rest_route=\/wp\/v2\/types\/page"}],"author":[{"embeddable":true,"href":"http:\/\/www.missterre.org\/blog\/explo\/index.php?rest_route=\/wp\/v2\/users\/2"}],"replies":[{"embeddable":true,"href":"http:\/\/www.missterre.org\/blog\/explo\/index.php?rest_route=%2Fwp%2Fv2%2Fcomments&post=3339"}],"version-history":[{"count":2,"href":"http:\/\/www.missterre.org\/blog\/explo\/index.php?rest_route=\/wp\/v2\/pages\/3339\/revisions"}],"predecessor-version":[{"id":3971,"href":"http:\/\/www.missterre.org\/blog\/explo\/index.php?rest_route=\/wp\/v2\/pages\/3339\/revisions\/3971"}],"wp:featuredmedia":[{"embeddable":true,"href":"http:\/\/www.missterre.org\/blog\/explo\/index.php?rest_route=\/wp\/v2\/media\/3499"}],"wp:attachment":[{"href":"http:\/\/www.missterre.org\/blog\/explo\/index.php?rest_route=%2Fwp%2Fv2%2Fmedia&parent=3339"}],"curies":[{"name":"wp","href":"https:\/\/api.w.org\/{rel}","templated":true}]}}