{"id":2640,"date":"2013-03-18T11:00:56","date_gmt":"2013-03-18T10:00:56","guid":{"rendered":"http:\/\/www.missterre.org\/blog\/explo\/?page_id=2640"},"modified":"2015-01-30T09:50:27","modified_gmt":"2015-01-30T08:50:27","slug":"le-bonheur-et-le-benefice","status":"publish","type":"page","link":"http:\/\/www.missterre.org\/blog\/explo\/?page_id=2640","title":{"rendered":"Le bonheur, l&rsquo;amour et le b\u00e9n\u00e9fice"},"content":{"rendered":"<blockquote>\n<p style=\"text-align: center;\"><span style=\"font-size: medium;\"><cite>Cette page reprend les vid\u00e9os de plusieurs ann\u00e9es de voyage \u00e0 la recherche du bonheur.<\/cite><\/span><\/p>\n<p style=\"text-align: center;\"><span style=\"font-size: small;\"><cite>Pendant plusieurs ann\u00e9es j&rsquo;ai pos\u00e9 les m\u00eames questions \u00e0 chacun&#8230;<br \/>\nLes r\u00e9ponses sont tellement proches les unes des autres que l&rsquo;on pourrait se poser la question :<br \/>\n\u00ab\u00a0mais alors pourquoi y a-t-il tant de guerre, de pauvres et de mis\u00e8re sur notre plan\u00e8te?\u00a0\u00bb<\/cite><\/span><\/p>\n<p style=\"text-align: justify;\"><span style=\"font-size: small;\"><cite>Cette page aurait pu s\u2019appeler aussi l&rsquo;homme, l&rsquo;amour et l&rsquo;humanit\u00e9. La conclusion de ce long voyage initiatique \u00e0 travers trois continents et tant de cultures, semble \u00eatre que le bonheur, l&rsquo;amour et le b\u00e9n\u00e9fice finalement &#8230;.. c&rsquo;est la m\u00eame chose&#8230;. mais quelque chose s&rsquo;est gliss\u00e9 entre les hommes &#8230;\u00a0 qui fait que, bien que si les gens ont envie de s&rsquo;aimer&#8230;.ils n&rsquo;en sont devenus que tr\u00e8s difficilement capables.<\/cite><\/span><\/p>\n<p style=\"text-align: center;\"><span style=\"font-size: small;\"><cite>Amusez-vous \u00e0 visionner ces vid\u00e9os&#8230; la r\u00e9ponse pour construire ensemble un monde meilleur s&rsquo;y trouve&#8230;.<\/cite><\/span><\/p>\n<p style=\"text-align: center;\"><span style=\"font-size: medium;\"><cite>Welcome on board<\/cite><\/span><\/p>\n<\/blockquote>\n","protected":false},"excerpt":{"rendered":"<p>Cette page reprend les vid\u00e9os de plusieurs ann\u00e9es de voyage \u00e0 la recherche du bonheur. Pendant plusieurs ann\u00e9es j&rsquo;ai pos\u00e9 les m\u00eames questions \u00e0 chacun&#8230; Les r\u00e9ponses sont tellement proches les unes des autres que l&rsquo;on pourrait se poser la question : \u00ab\u00a0mais alors pourquoi y a-t-il tant de guerre, de pauvres et de mis\u00e8re <a class=\"read-more-link\" href=\"http:\/\/www.missterre.org\/blog\/explo\/?page_id=2640\"><br \/>&#8230;read more<\/a><\/p>\n","protected":false},"author":2,"featured_media":1943,"parent":0,"menu_order":2,"comment_status":"closed","ping_status":"open","template":"","meta":{"footnotes":""},"_links":{"self":[{"href":"http:\/\/www.missterre.org\/blog\/explo\/index.php?rest_route=\/wp\/v2\/pages\/2640"}],"collection":[{"href":"http:\/\/www.missterre.org\/blog\/explo\/index.php?rest_route=\/wp\/v2\/pages"}],"about":[{"href":"http:\/\/www.missterre.org\/blog\/explo\/index.php?rest_route=\/wp\/v2\/types\/page"}],"author":[{"embeddable":true,"href":"http:\/\/www.missterre.org\/blog\/explo\/index.php?rest_route=\/wp\/v2\/users\/2"}],"replies":[{"embeddable":true,"href":"http:\/\/www.missterre.org\/blog\/explo\/index.php?rest_route=%2Fwp%2Fv2%2Fcomments&post=2640"}],"version-history":[{"count":0,"href":"http:\/\/www.missterre.org\/blog\/explo\/index.php?rest_route=\/wp\/v2\/pages\/2640\/revisions"}],"wp:featuredmedia":[{"embeddable":true,"href":"http:\/\/www.missterre.org\/blog\/explo\/index.php?rest_route=\/wp\/v2\/media\/1943"}],"wp:attachment":[{"href":"http:\/\/www.missterre.org\/blog\/explo\/index.php?rest_route=%2Fwp%2Fv2%2Fmedia&parent=2640"}],"curies":[{"name":"wp","href":"https:\/\/api.w.org\/{rel}","templated":true}]}}