{"id":2331,"date":"2013-02-11T02:24:49","date_gmt":"2013-02-11T01:24:49","guid":{"rendered":"http:\/\/www.missterre.org\/blog\/explo\/?page_id=2331"},"modified":"2014-02-24T06:19:05","modified_gmt":"2014-02-24T05:19:05","slug":"escales","status":"publish","type":"page","link":"http:\/\/www.missterre.org\/blog\/explo\/?page_id=2331","title":{"rendered":"Escales autrement"},"content":{"rendered":"<blockquote>\n<p style=\"text-align: center;\"><span style=\"font-size: small;\"><cite>Que nous soyions voyageurs au long cours, ou plaisanciers en vacances,<br \/>nous sommes tous \u00e0 la recherche de ces petits coins perdus et pittoresques qui sculptent nos souvenirs de mer.<\/cite><\/span><\/p>\n<p style=\"text-align: justify;\"><span style=\"font-size: small;\"><cite>Pourtant nos guides nautiques nous invitent bien trop souvent dans ces marinas b\u00e9ton, ultra s\u00e9curis\u00e9es, aux connexions WiFi indispensables, aux cam\u00e9ras \u00ab\u00a0smart phonable\u00a0\u00bb\u00a0 de chez soi\u00a0; aux portes \u00e0 carte magn\u00e9tique nous \u00e9vitant les mauvaises rencontres&#8230;..<\/cite><\/span><\/p>\n<p style=\"text-align: center;\"><span style=\"font-size: small;\"><cite>Nos r\u00eaves de <span style=\"font-size: medium;\">voyage endossent<\/span> alors la r\u00e9alit\u00e9 Miss Terre cash&#8230;<\/cite><\/span><\/p>\n<p><span style=\"font-size: small;\"><cite>Mais n&rsquo;y a t-il pas \u00a0\u00bb d&rsquo;autres marinas \u00a0\u00bb offrant un service particulier, aux couleurs locales, auxquelles il ferait bon de prendre le temps de s&rsquo; adapter\u00a0? Mais bien plus que probablement\u00a0!<\/cite><\/span><\/p>\n<p><span style=\"font-size: small;\"><cite>Et c&rsquo;est la raison pour laquelle nous vous invitons \u00e0 d\u00e9voiler ici au monde des globes flotteurs ces marinas authentiques qui loin d&rsquo;\u00eatre parfaites nous offrent ce que nous recherchons\u00a0: la diversit\u00e9\u00a0!<\/cite><\/span><\/p>\n<p><cite><span style=\"font-size: small;\"><a href=\"http:\/\/www.missterre.org\/blog\/explo\/contact\">Merci de nous contacter<\/a> si vous souhaitez devenir r\u00e9dacteur de cette rubrique pour nous aider \u00e0 partager et sauvegarder ces richesses&#8230;. \u00ab\u00a0autrement\u00a0\u00bb<\/span> .<\/cite><\/p>\n<\/blockquote>\n","protected":false},"excerpt":{"rendered":"<p>Que nous soyions voyageurs au long cours, ou plaisanciers en vacances,nous sommes tous \u00e0 la recherche de ces petits coins perdus et pittoresques qui sculptent nos souvenirs de mer. Pourtant nos guides nautiques nous invitent bien trop souvent dans ces marinas b\u00e9ton, ultra s\u00e9curis\u00e9es, aux connexions WiFi indispensables, aux cam\u00e9ras \u00ab\u00a0smart phonable\u00a0\u00bb\u00a0 de chez soi\u00a0; <a class=\"read-more-link\" href=\"http:\/\/www.missterre.org\/blog\/explo\/?page_id=2331\"><br \/>&#8230;read more<\/a><\/p>\n","protected":false},"author":2,"featured_media":0,"parent":0,"menu_order":3,"comment_status":"closed","ping_status":"open","template":"","meta":{"footnotes":""},"_links":{"self":[{"href":"http:\/\/www.missterre.org\/blog\/explo\/index.php?rest_route=\/wp\/v2\/pages\/2331"}],"collection":[{"href":"http:\/\/www.missterre.org\/blog\/explo\/index.php?rest_route=\/wp\/v2\/pages"}],"about":[{"href":"http:\/\/www.missterre.org\/blog\/explo\/index.php?rest_route=\/wp\/v2\/types\/page"}],"author":[{"embeddable":true,"href":"http:\/\/www.missterre.org\/blog\/explo\/index.php?rest_route=\/wp\/v2\/users\/2"}],"replies":[{"embeddable":true,"href":"http:\/\/www.missterre.org\/blog\/explo\/index.php?rest_route=%2Fwp%2Fv2%2Fcomments&post=2331"}],"version-history":[{"count":0,"href":"http:\/\/www.missterre.org\/blog\/explo\/index.php?rest_route=\/wp\/v2\/pages\/2331\/revisions"}],"wp:attachment":[{"href":"http:\/\/www.missterre.org\/blog\/explo\/index.php?rest_route=%2Fwp%2Fv2%2Fmedia&parent=2331"}],"curies":[{"name":"wp","href":"https:\/\/api.w.org\/{rel}","templated":true}]}}