{"id":2287,"date":"2013-02-10T19:22:53","date_gmt":"2013-02-10T18:22:53","guid":{"rendered":"http:\/\/www.missterre.org\/blog\/explo\/?page_id=2287"},"modified":"2014-02-24T06:23:18","modified_gmt":"2014-02-24T05:23:18","slug":"communautes-de-partage","status":"publish","type":"page","link":"http:\/\/www.missterre.org\/blog\/explo\/?page_id=2287","title":{"rendered":"Communaut\u00e9s de partage"},"content":{"rendered":"<blockquote>\n<h2 style=\"text-align: center;\"><span style=\"font-size: medium;\"><cite><strong>Miss Terre, premier voilier propuls\u00e9 \u00e0 l\u2019\u00e9nergie humaine <\/strong>:<\/cite><\/span><\/h2>\n<p style=\"text-align: center;\"><span style=\"font-size: small;\"><cite>La bourse des \u00e9quipiers g\u00e9r\u00e9e par un syst\u00e8me d\u2019\u00e9changes de comp\u00e9tences en ligne&#8230; :<br \/>les SEL sont des petites communaut\u00e9s qui partagent et \u00e9changent leurs comp\u00e9tences sans argent.<\/cite><\/span><\/p>\n<p style=\"text-align: center;\"><span style=\"font-size: small;\"><cite>\u00c0 chaque escale Miss terre rencontrera un sel pour apprendre, <br \/>partager et \u00e9changer les connaissances sur ces syst\u00e8mes<br \/>o\u00f9 le b\u00e9n\u00e9fice semble \u00eatre le lien qui unit les hommes plut\u00f4t que la transmission des biens\u2026.<\/cite><\/span><\/p>\n<\/blockquote>\n","protected":false},"excerpt":{"rendered":"<p>Miss Terre, premier voilier propuls\u00e9 \u00e0 l\u2019\u00e9nergie humaine : La bourse des \u00e9quipiers g\u00e9r\u00e9e par un syst\u00e8me d\u2019\u00e9changes de comp\u00e9tences en ligne&#8230; :les SEL sont des petites communaut\u00e9s qui partagent et \u00e9changent leurs comp\u00e9tences sans argent. \u00c0 chaque escale Miss terre rencontrera un sel pour apprendre, partager et \u00e9changer les connaissances sur ces syst\u00e8meso\u00f9 le <a class=\"read-more-link\" href=\"http:\/\/www.missterre.org\/blog\/explo\/?page_id=2287\"><br \/>&#8230;read more<\/a><\/p>\n","protected":false},"author":2,"featured_media":0,"parent":0,"menu_order":3,"comment_status":"closed","ping_status":"closed","template":"","meta":{"footnotes":""},"_links":{"self":[{"href":"http:\/\/www.missterre.org\/blog\/explo\/index.php?rest_route=\/wp\/v2\/pages\/2287"}],"collection":[{"href":"http:\/\/www.missterre.org\/blog\/explo\/index.php?rest_route=\/wp\/v2\/pages"}],"about":[{"href":"http:\/\/www.missterre.org\/blog\/explo\/index.php?rest_route=\/wp\/v2\/types\/page"}],"author":[{"embeddable":true,"href":"http:\/\/www.missterre.org\/blog\/explo\/index.php?rest_route=\/wp\/v2\/users\/2"}],"replies":[{"embeddable":true,"href":"http:\/\/www.missterre.org\/blog\/explo\/index.php?rest_route=%2Fwp%2Fv2%2Fcomments&post=2287"}],"version-history":[{"count":0,"href":"http:\/\/www.missterre.org\/blog\/explo\/index.php?rest_route=\/wp\/v2\/pages\/2287\/revisions"}],"wp:attachment":[{"href":"http:\/\/www.missterre.org\/blog\/explo\/index.php?rest_route=%2Fwp%2Fv2%2Fmedia&parent=2287"}],"curies":[{"name":"wp","href":"https:\/\/api.w.org\/{rel}","templated":true}]}}