{"id":1305,"date":"2011-08-26T17:11:41","date_gmt":"2011-08-26T16:11:41","guid":{"rendered":"http:\/\/www.missterre.org\/blog\/explo\/?page_id=1305"},"modified":"2025-01-21T11:55:12","modified_gmt":"2025-01-21T10:55:12","slug":"acc","status":"publish","type":"page","link":"http:\/\/www.missterre.org\/blog\/explo\/","title":{"rendered":"Bienvenue sur le blog de Miss Terre,"},"content":{"rendered":"<p style=\"text-align: left;\"><span style=\"font-size: x-large;\"><strong><span style=\"color: #ff9900;\">MissTerre, c&rsquo;est un voilier d&rsquo;exploration d&rsquo;un nouveau genre.<\/span> <\/strong><\/span><\/p>\n<p style=\"text-align: center;\"><span class=\"x193iq5w xeuugli x13faqbe x1vvkbs x1xmvt09 x6prxxf xvq8zen xo1l8bm xzsf02u\"><span class=\"html-span xdj266r x11i5rnm xat24cr x1mh8g0r xexx8yu x4uap5 x18d9i69 xkhd6sd x1hl2dhg x16tdsg8 x1vvkbs\"><strong class=\"html-strong xdj266r x11i5rnm xat24cr x1mh8g0r xexx8yu x4uap5 x18d9i69 xkhd6sd x1hl2dhg x16tdsg8 x1vvkbs x1s688f\">POUR EXPLORER ENSEMBLE LE MONDE AUTREMENT! <\/strong><\/span><\/span><span style=\"font-size: x-large;\"><strong><br \/>\n<\/strong><\/span><\/p>\n<div id=\"attachment_1814\" style=\"width: 333px\" class=\"wp-caption alignleft\"><a href=\"http:\/\/missterre.org\/pdf\/presaphilomissterre.pdf\" target=\"_blank\" rel=\"noopener\"><img loading=\"lazy\" decoding=\"async\" aria-describedby=\"caption-attachment-1814\" class=\" \" title=\"Pr\u00e9sentation philosophique du projet Missterre\" src=\"http:\/\/www.missterre.org\/blog\/explo\/wp-content\/blogs.dir\/2\/files\/pages\/presa.jpg\" alt=\"\" width=\"323\" height=\"470\" \/><\/a><p id=\"caption-attachment-1814\" class=\"wp-caption-text\">le premier Projet Miss Terre le document d&rsquo;archive !<\/p><\/div>\n<div class=\"html-div xdj266r x11i5rnm xat24cr x1mh8g0r xexx8yu x4uap5 x18d9i69 xkhd6sd\" tabindex=\"-1\">\n<h3><\/h3>\n<h3 class=\"html-div xdj266r x11i5rnm x1mh8g0r xexx8yu x4uap5 x18d9i69 xkhd6sd x1e56ztr\" style=\"text-align: center;\"><span class=\"x193iq5w xeuugli x13faqbe x1vvkbs x1xmvt09 x6prxxf xvq8zen xo1l8bm xzsf02u\"><span class=\"html-span xdj266r x11i5rnm xat24cr x1mh8g0r xexx8yu x4uap5 x18d9i69 xkhd6sd x1hl2dhg x16tdsg8 x1vvkbs\"><strong class=\"html-strong xdj266r x11i5rnm xat24cr x1mh8g0r xexx8yu x4uap5 x18d9i69 xkhd6sd x1hl2dhg x16tdsg8 x1vvkbs x1s688f\"><span style=\"color: #ff9900;\">Janvier 2025 ! c&rsquo;est repartit !<\/span><br \/>\n<\/strong><\/span><\/span><\/h3>\n<\/div>\n<div><\/div>\n<div><\/div>\n<div class=\"html-div xdj266r x11i5rnm xat24cr x1mh8g0r xexx8yu x4uap5 x18d9i69 xkhd6sd\" tabindex=\"-1\">\n<h3><\/h3>\n<h3><\/h3>\n<h3><\/h3>\n<h3 class=\"html-div xdj266r x11i5rnm x1mh8g0r xexx8yu x4uap5 x18d9i69 xkhd6sd x1e56ztr\" style=\"text-align: center;\"><em><strong><span class=\"x193iq5w xeuugli x13faqbe x1vvkbs x1xmvt09 x6prxxf xvq8zen xo1l8bm xzsf02u\">Depuis 2004, \u00e0 bord du voilier MissTerre, moi, Igor, j&rsquo;explore le monde intimement, \u00e0 la recherche des humains et de leurs id\u00e9es pour construire un monde meilleur.<\/span><\/strong><\/em><\/h3>\n<h3 style=\"text-align: center;\"><em><strong>Apr\u00e8s ces ann\u00e9es d\u2019exploration intime, en 2025,\u00a0 <span class=\"x193iq5w xeuugli x13faqbe x1vvkbs x1xmvt09 x6prxxf xvq8zen xo1l8bm xzsf02u\">je vous invite \u00e0 mon nouveau voyage d\u2019exploration \u2026<\/span><\/strong><\/em><\/h3>\n<h3><\/h3>\n<\/div>\n<h3 style=\"text-align: center;\"><em><span class=\"x193iq5w xeuugli x13faqbe x1vvkbs x1xmvt09 x6prxxf xvq8zen xo1l8bm xzsf02u\"><span class=\"html-span xdj266r x11i5rnm xat24cr x1mh8g0r xexx8yu x4uap5 x18d9i69 xkhd6sd x1hl2dhg x16tdsg8 x1vvkbs\"><strong class=\"html-strong xdj266r x11i5rnm xat24cr x1mh8g0r xexx8yu x4uap5 x18d9i69 xkhd6sd x1hl2dhg x16tdsg8 x1vvkbs x1s688f\">\u00c0 LA RECHERCHE DE L\u2019ATLANTIDE !<\/strong><\/span><\/span><\/em><\/h3>\n<div class=\"html-div xdj266r x11i5rnm xat24cr x1mh8g0r xexx8yu x4uap5 x18d9i69 xkhd6sd\" tabindex=\"-1\">\n<h3><\/h3>\n<h3 class=\"html-div xdj266r x11i5rnm x1mh8g0r xexx8yu x4uap5 x18d9i69 xkhd6sd x1e56ztr\" style=\"text-align: center;\"><em><span class=\"x193iq5w xeuugli x13faqbe x1vvkbs x1xmvt09 x6prxxf xvq8zen xo1l8bm xzsf02u\">Serait-ce une \u00eele, un village ? Un mode de gouvernance ? Une \u00e9cotopie ? Ou bien plus simplement, un changement personnel et int\u00e9rieur en lien avec d\u2019autres pour se sentir \u00ab \u00e0 la maison \u00bb et ensemble sur notre petite boule fragile ? Myst\u00e8re !<\/span><\/em><\/h3>\n<p>&nbsp;<\/p>\n<\/div>\n<div class=\"html-div xdj266r x11i5rnm xat24cr x1mh8g0r xexx8yu x4uap5 x18d9i69 xkhd6sd\" tabindex=\"-1\">\n<h4><\/h4>\n<\/div>\n<h4><\/h4>\n<p>&nbsp;<\/p>\n<p>&nbsp;<\/p>\n<p>&nbsp;<\/p>\n<h4><\/h4>\n<p>&nbsp;<\/p>\n<div class=\"html-div xdj266r x11i5rnm xat24cr x1mh8g0r xexx8yu x4uap5 x18d9i69 xkhd6sd\" tabindex=\"-1\">\n<h3><\/h3>\n<h3><\/h3>\n<h3><\/h3>\n<h3><\/h3>\n<h3><\/h3>\n<h3><\/h3>\n<h3><\/h3>\n<h3><\/h3>\n<h3><\/h3>\n<\/div>\n<h3><\/h3>\n<p>&nbsp;<\/p>\n<div class=\"html-div xdj266r x11i5rnm xat24cr x1mh8g0r xexx8yu x4uap5 x18d9i69 xkhd6sd\" tabindex=\"-1\">\n<p class=\"html-div xdj266r x11i5rnm x1mh8g0r xexx8yu x4uap5 x18d9i69 xkhd6sd x1e56ztr\" style=\"text-align: justify;\"><span class=\"x193iq5w xeuugli x13faqbe x1vvkbs x1xmvt09 x6prxxf xvq8zen xo1l8bm xzsf02u\">Si, tout comme moi, tu as le souhait le plus cher de partir vivre autrement, sur une \u00eele paradisiaque, loin de \u00ab la civilisation des embouteillages \u00bb ; o\u00f9 la nature a toute sa place, entre mer et montagne ; o\u00f9 la \u00ab culture \u00bb locale existe voire se cr\u00e9e en commun ; o\u00f9 les p\u00e2turages se font au son du chant du berger ou de la berg\u00e8re ; o\u00f9 le matin, au pas de ta porte, tu trouves les \u0153ufs et le lait quotidien. Alors, nous avons un r\u00eave en commun\u2026<\/span><\/p>\n<\/div>\n<p class=\"html-div xdj266r x11i5rnm x1mh8g0r xexx8yu x4uap5 x18d9i69 xkhd6sd x1e56ztr\" style=\"text-align: justify;\"><span class=\"x193iq5w xeuugli x13faqbe x1vvkbs x1xmvt09 x6prxxf xvq8zen xo1l8bm xzsf02u\">Si, tout comme moi, tu as d\u00e9j\u00e0 explor\u00e9 de nombreux projets proposant des formations \u00ab pour vivre mieux demain \u00bb et des solutions ad hoc pour vivre en collectif, cr\u00e9er ton habitat group\u00e9 ou \u00e9covillage, ou proposant des formations de gouvernance participative, aux monnaies citoyennes, d\u00e9veloppement personnel et intelligence collective\u2026<\/span><\/p>\n<p class=\"html-div xdj266r x11i5rnm x1mh8g0r xexx8yu x4uap5 x18d9i69 xkhd6sd x1e56ztr\" style=\"text-align: justify;\"><span class=\"x193iq5w xeuugli x13faqbe x1vvkbs x1xmvt09 x6prxxf xvq8zen xo1l8bm xzsf02u\">Si, tout comme moi, lors de ces exp\u00e9riences int\u00e9ressantes, la pens\u00e9e d\u2019une \u00ab m\u00e9ditation du cordonnier \u00bb t\u2019a sembl\u00e9 opportune, pour <span class=\"html-span xdj266r x11i5rnm xat24cr x1mh8g0r xexx8yu x4uap5 x18d9i69 xkhd6sd x1hl2dhg x16tdsg8 x1vvkbs\"><strong class=\"html-strong xdj266r x11i5rnm xat24cr x1mh8g0r xexx8yu x4uap5 x18d9i69 xkhd6sd x1hl2dhg x16tdsg8 x1vvkbs x1s688f\">\u00eatre ce changement que tu souhaites pour le monde<\/strong><\/span> plut\u00f4t que de l\u2019expliquer.<\/span><\/p>\n<p class=\"html-div xdj266r x11i5rnm x1mh8g0r xexx8yu x4uap5 x18d9i69 xkhd6sd x1e56ztr\" style=\"text-align: justify;\"><span class=\"x193iq5w xeuugli x13faqbe x1vvkbs x1xmvt09 x6prxxf xvq8zen xo1l8bm xzsf02u\">Si, tout comme moi, tu penses qu\u2019il est temps d\u2019arr\u00eater de \u00ab transitionner \u00bb vers d\u2019autres modes d\u2019\u00e9changes et de partage des ressources, mais qu\u2019il est grand temps de <span class=\"html-span xdj266r x11i5rnm xat24cr x1mh8g0r xexx8yu x4uap5 x18d9i69 xkhd6sd x1hl2dhg x16tdsg8 x1vvkbs\"><strong class=\"html-strong xdj266r x11i5rnm xat24cr x1mh8g0r xexx8yu x4uap5 x18d9i69 xkhd6sd x1hl2dhg x16tdsg8 x1vvkbs x1s688f\">S\u2019ENTRAIDER<\/strong><\/span>! Si, tout comme moi, tu penses que, si le projet est commun, finalement, l\u2019entraide est le b\u00e9n\u00e9fice : <span class=\"html-span xdj266r x11i5rnm xat24cr x1mh8g0r xexx8yu x4uap5 x18d9i69 xkhd6sd x1hl2dhg x16tdsg8 x1vvkbs\"><strong class=\"html-strong xdj266r x11i5rnm xat24cr x1mh8g0r xexx8yu x4uap5 x18d9i69 xkhd6sd x1hl2dhg x16tdsg8 x1vvkbs x1s688f\">vivre ensemble<\/strong><\/span>!<\/span><\/p>\n<p class=\"html-div xdj266r x11i5rnm x1mh8g0r xexx8yu x4uap5 x18d9i69 xkhd6sd x1e56ztr\" style=\"text-align: justify;\"><span class=\"x193iq5w xeuugli x13faqbe x1vvkbs x1xmvt09 x6prxxf xvq8zen xo1l8bm xzsf02u\">Si, tout comme moi, tu r\u00eaves qu\u2019un jour il existe un r\u00e9el r\u00e9seau social d\u2019entraide citoyenne avec un autre PIB, comme un <span class=\"html-span xdj266r x11i5rnm xat24cr x1mh8g0r xexx8yu x4uap5 x18d9i69 xkhd6sd x1hl2dhg x16tdsg8 x1vvkbs\"><strong class=\"html-strong xdj266r x11i5rnm xat24cr x1mh8g0r xexx8yu x4uap5 x18d9i69 xkhd6sd x1hl2dhg x16tdsg8 x1vvkbs x1s688f\">Plaisir Int\u00e9rieur Brut<\/strong><\/span>, favorisant l\u2019int\u00e9gration de l\u2019individu, le sentiment d\u2019appartenance \u00e0 la cause commune&#8230;<\/span><\/p>\n<h3 class=\"html-div xdj266r x11i5rnm x1mh8g0r xexx8yu x4uap5 x18d9i69 xkhd6sd x1e56ztr\" style=\"text-align: justify;\"><span class=\"x193iq5w xeuugli x13faqbe x1vvkbs x1xmvt09 x6prxxf xvq8zen xo1l8bm xzsf02u\" style=\"color: #ff9900;\"><span class=\"html-span xdj266r x11i5rnm xat24cr x1mh8g0r xexx8yu x4uap5 x18d9i69 xkhd6sd x1hl2dhg x16tdsg8 x1vvkbs\"><strong class=\"html-strong xdj266r x11i5rnm xat24cr x1mh8g0r xexx8yu x4uap5 x18d9i69 xkhd6sd x1hl2dhg x16tdsg8 x1vvkbs x1s688f\">Alors, on a le m\u00eame projet !<\/strong><\/span><\/span><\/h3>\n<p style=\"text-align: justify;\"><span style=\"color: #ffffff;\">Si tu es <strong>menuisi\u00e8re, philosophe,<\/strong><strong> informaticien<\/strong>, <b>instructeur de pleine conscience<\/b> (ACT), instructeur<strong> du jeu du Tao<\/strong>, sp\u00e9cialiste des modes de <b>gouvernance partag\u00e9e<\/b>, <strong>juriste,<\/strong><strong> marin <\/strong><strong>et marine, <\/strong><strong>artisan,<\/strong><strong> \u00e9conomiste, coordinateur d\u2019une communaut\u00e9 d\u2019intention, psy, <\/strong><strong>fermier ou fermi\u00e8re<\/strong>, homme, femme, voir les deux, ou ni l\u2019un.e ni l\u2019autre\u2026 et que tu as un <strong>projet ou une qu\u00eate personnelle<\/strong> qui pourrait nous aider.. <strong>Bienvenue \u00e0 bord\u202f!<\/strong><\/span><\/p>\n<h4 class=\"html-div xdj266r x11i5rnm x1mh8g0r xexx8yu x4uap5 x18d9i69 xkhd6sd x1e56ztr\" style=\"text-align: justify;\"><span class=\"x193iq5w xeuugli x13faqbe x1vvkbs x1xmvt09 x6prxxf xvq8zen xo1l8bm xzsf02u\"><span class=\"html-span xdj266r x11i5rnm xat24cr x1mh8g0r xexx8yu x4uap5 x18d9i69 xkhd6sd x1hl2dhg x16tdsg8 x1vvkbs\"><strong class=\"html-strong xdj266r x11i5rnm xat24cr x1mh8g0r xexx8yu x4uap5 x18d9i69 xkhd6sd x1hl2dhg x16tdsg8 x1vvkbs x1s688f\">Bienvenue \u00e0 bord de Missterre pour explorer ensemble le monde autrement !<\/strong><\/span><\/span><\/h4>\n<div class=\"html-div xdj266r x11i5rnm xat24cr x1mh8g0r xexx8yu x4uap5 x18d9i69 xkhd6sd\" tabindex=\"-1\">\n<p align=\"left\">Le voilier MissTerre devient un atelier flottant : un espace pour apprendre, co-cr\u00e9er, et exp\u00e9rimenter comment pouvoir s\u2019entraider et vivre en commun. Le bonheur\u00a0?<\/p>\n<h4 class=\"western\"><span style=\"color: #ff9900;\"><strong>DEVENEZ EXPLORATEUR CITOYEN !<\/strong><\/span><\/h4>\n<h4 class=\"western\">D\u00e9couvrir, rencontrer, apprendre \u00e0 s\u2019entraider<\/h4>\n<p style=\"text-align: justify;\"><span style=\"color: #ff9900;\"><strong>L&rsquo;EXPLORATION CITOYENNE<\/strong><\/span> consiste \u00e0 r\u00e9unir des humains autour de la satisfaction d\u2019un besoin, d\u2019un projet ou d\u2019une mission commune. Puis d\u2019apprendre \u00e0 le satisfaire ensemble : <strong>S\u2019entraider<\/strong>. Le d\u00e9veloppement \u2013 du projet \u2013 personnel de chacun devient sa \u00ab contribution \u00bb \u00e0 la cause commune. Organis\u00e9 en cercle vertueux, <strong>ce que tu donnes te revient par la r\u00e9alisation d\u2019<\/strong><strong>un projet qu\u2019on ne pourrait pas r\u00e9aliser tout seul, en partant de soi ! <\/strong><\/p>\n<p style=\"text-align: justify;\"><strong><span style=\"color: #ff9900;\">Pour partir de moi\u00a0!<\/span> <\/strong><\/p>\n<p style=\"text-align: justify;\">Voyageant entre Terre et Mer, \u00e0 la recherche d\u2019un nouveau lieu de vie \u00e0 partager, je vous propose de chercher ou plut\u00f4t de vivre avec moi, cette nouvelle exploration du monde, L\u2019humanit\u00e9\u00a0! Le voilier MissTerre devient un <strong>atelier flottant<\/strong> : un espace pour apprendre, co-cr\u00e9er, et exp\u00e9rimenter comment pouvoir s\u2019entraider et vivre en commun. Le bonheur\u00a0?<\/p>\n<p style=\"text-align: justify;\"><span style=\"color: #ffffff;\">Si, comme moi, tu as un projet ou une qu\u00eate personnelle, et que tu as fermement d\u00e9cid\u00e9 de <b>commencer par <\/b><b>et pour toi<\/b><b>-m\u00eame le changement que <\/b><b>tu souhaites pour le monde. <\/b>Je t\u2019invite, \u00e0 construire un premier petit un collectif de recherche-action citoyenne\u2026 autour de MissTerre<\/span><b> <\/b><\/p>\n<p style=\"text-align: justify;\">Ce collectif prend comme point de d\u00e9part la cr\u00e9ation de la <strong>bourse d<\/strong><strong>es <\/strong><strong>\u00e9quipiers<\/strong>, du petit voilier d\u2019exploration. Pour la construire, je vous propose <b>\u00ab\u00a0une devise de coop\u00e9ration <\/b><b>citoyenne\u00a0\u00bb<\/b> bas\u00e9e sur la circularit\u00e9 de nos ressources : humaines, mon\u00e9taires, et de savoir-faire. Ensemble, nous tenterons de d\u00e9passer les syst\u00e8mes classiques d\u2019\u00e9change et de partage des ressources (monnaies, troc, multitroc) pour co-cr\u00e9er notre <strong>r\u00e9seau d\u2019entraide<\/strong>.<\/p>\n<p><strong>Pourquoi rejoindre l\u2019aventure ?<\/strong><\/p>\n<h2 class=\"western\"><span style=\"color: #ff9900;\">D\u00e9couvre comment embarquer&#8230;<\/span><\/h2>\n<\/div>\n<p style=\"text-align: justify; padding-left: 120px;\"><strong><span style=\"font-size: medium;\">\u00a0<\/span><\/strong><\/p>\n<p style=\"padding-left: 120px;\"><a href=\"http:\/\/www.wordpress-fr.net\/\" target=\"_blank\" rel=\"noopener\"><img loading=\"lazy\" decoding=\"async\" class=\"alignleft\" title=\"WordPress\" src=\"http:\/\/www.missterre.org\/blog\/explo\/wp-content\/blogs.dir\/2\/files\/pages\/logowp.png\" alt=\"Logo WP\" width=\"140\" height=\"158\" \/><\/a><a href=\"http:\/\/themekraft.com\/custom-community\/\" target=\"_blank\" rel=\"noopener\"><img loading=\"lazy\" decoding=\"async\" class=\"alignright\" title=\"Custom Community\" src=\"http:\/\/www.missterre.org\/blog\/explo\/wp-content\/blogs.dir\/2\/files\/pages\/logocc.jpg\" alt=\"Logo CC\" width=\"170\" height=\"127\" \/><\/a><\/p>\n<p style=\"text-align: center;\"><a href=\"http:\/\/www.missterre.org\/blog\/explo\/wp-content\/blogs.dir\/2\/files\/2011\/08\/greenshot_2012-01-10_16-39-29.png\">\u00a0<\/a><a href=\"http:\/\/fr.buddypress.org\/home\/\" target=\"_blank\" rel=\"noopener\"><img loading=\"lazy\" decoding=\"async\" class=\"aligncenter\" title=\"BuddyPress\" src=\"http:\/\/www.missterre.org\/blog\/explo\/wp-content\/blogs.dir\/2\/files\/pages\/logobp.jpg\" alt=\"Logo BuddyPress\" width=\"239\" height=\"61\" \/><\/a><\/p>\n","protected":false},"excerpt":{"rendered":"<p>MissTerre, c&rsquo;est un voilier d&rsquo;exploration d&rsquo;un nouveau genre. POUR EXPLORER ENSEMBLE LE MONDE AUTREMENT! Janvier 2025 ! c&rsquo;est repartit ! Depuis 2004, \u00e0 bord du voilier MissTerre, moi, Igor, j&rsquo;explore le monde intimement, \u00e0 la recherche des humains et de leurs id\u00e9es pour construire un monde meilleur. Apr\u00e8s ces ann\u00e9es d\u2019exploration intime, en 2025,\u00a0 je <a class=\"read-more-link\" href=\"http:\/\/www.missterre.org\/blog\/explo\/\"><br \/>&#8230;read more<\/a><\/p>\n","protected":false},"author":2,"featured_media":1994,"parent":0,"menu_order":0,"comment_status":"closed","ping_status":"closed","template":"","meta":{"footnotes":""},"_links":{"self":[{"href":"http:\/\/www.missterre.org\/blog\/explo\/index.php?rest_route=\/wp\/v2\/pages\/1305"}],"collection":[{"href":"http:\/\/www.missterre.org\/blog\/explo\/index.php?rest_route=\/wp\/v2\/pages"}],"about":[{"href":"http:\/\/www.missterre.org\/blog\/explo\/index.php?rest_route=\/wp\/v2\/types\/page"}],"author":[{"embeddable":true,"href":"http:\/\/www.missterre.org\/blog\/explo\/index.php?rest_route=\/wp\/v2\/users\/2"}],"replies":[{"embeddable":true,"href":"http:\/\/www.missterre.org\/blog\/explo\/index.php?rest_route=%2Fwp%2Fv2%2Fcomments&post=1305"}],"version-history":[{"count":28,"href":"http:\/\/www.missterre.org\/blog\/explo\/index.php?rest_route=\/wp\/v2\/pages\/1305\/revisions"}],"predecessor-version":[{"id":4120,"href":"http:\/\/www.missterre.org\/blog\/explo\/index.php?rest_route=\/wp\/v2\/pages\/1305\/revisions\/4120"}],"wp:featuredmedia":[{"embeddable":true,"href":"http:\/\/www.missterre.org\/blog\/explo\/index.php?rest_route=\/wp\/v2\/media\/1994"}],"wp:attachment":[{"href":"http:\/\/www.missterre.org\/blog\/explo\/index.php?rest_route=%2Fwp%2Fv2%2Fmedia&parent=1305"}],"curies":[{"name":"wp","href":"https:\/\/api.w.org\/{rel}","templated":true}]}}